{"id":9533,"date":"2024-02-07T14:49:44","date_gmt":"2024-02-07T13:49:44","guid":{"rendered":"https:\/\/lainco.com\/contactos-de-interes\/"},"modified":"2025-07-10T08:55:24","modified_gmt":"2025-07-10T07:55:24","slug":"contactos-de-interes","status":"publish","type":"page","link":"https:\/\/lainco.com\/en\/contactos-de-interes\/","title":{"rendered":"Contacts of Interest"},"content":{"rendered":"\n<h1 class=\"wp-block-heading\">Contacts of Interest<\/h1>\n\n\n\n<hr class=\"wp-block-separator has-alpha-channel-opacity\"\/>\n\n\n\n<p class=\"wp-block-paragraph\">Our commitment is to people. For this purpose, we provide you with different contacts of interest in order to offer you the best possible service.<\/p>\n\n\n\n<h3 class=\"wp-block-heading\"><strong>Pharmacovigilance<\/strong><\/h3>\n\n\n\n<p class=\"wp-block-paragraph\"><a href=\"mailto:farmacovigilancia@lainco.com\">farmacovigilancia@lainco.com<\/a><\/p>\n\n\n\n<p class=\"wp-block-paragraph\">LAINCO Pharma has a Pharmacovigilance System to collect and evaluate all suspected adverse reactions related to our products. In case you identify a possible adverse reaction, please contact us through our mail or directly through our form.<\/p>\n\n\n\n<div style=\"height:50px\" aria-hidden=\"true\" class=\"wp-block-spacer\"><\/div>\n\n\n\n<div class=\"wp-block-buttons is-layout-flex wp-block-buttons-is-layout-flex\">\n<div class=\"wp-block-button open_form btn btn-outline-secondary\"><a class=\"wp-block-button__link wp-element-button\">View form<\/a><\/div>\n<\/div>\n\n\n\n<div style=\"height:50px\" aria-hidden=\"true\" class=\"wp-block-spacer\"><\/div>\n\n\n\n<div class=\"wp-block-contact-form-7-contact-form-selector farmaco\">\n<div class=\"wpcf7 no-js\" id=\"wpcf7-f13757-o1\" lang=\"en-US\" dir=\"ltr\" data-wpcf7-id=\"13757\">\n<div class=\"screen-reader-response\"><p role=\"status\" aria-live=\"polite\" aria-atomic=\"true\"><\/p> <ul><\/ul><\/div>\n<form action=\"\/en\/wp-json\/wp\/v2\/pages\/9533#wpcf7-f13757-o1\" method=\"post\" class=\"wpcf7-form init\" aria-label=\"Contact form\" enctype=\"multipart\/form-data\" novalidate=\"novalidate\" data-status=\"init\">\n<fieldset class=\"hidden-fields-container\"><input type=\"hidden\" name=\"_wpcf7\" value=\"13757\" \/><input type=\"hidden\" name=\"_wpcf7_version\" value=\"6.1.4\" \/><input type=\"hidden\" name=\"_wpcf7_locale\" value=\"en_US\" \/><input type=\"hidden\" name=\"_wpcf7_unit_tag\" value=\"wpcf7-f13757-o1\" \/><input type=\"hidden\" name=\"_wpcf7_container_post\" value=\"0\" \/><input type=\"hidden\" name=\"_wpcf7_posted_data_hash\" value=\"\" \/><input type=\"hidden\" name=\"_wpcf7_recaptcha_response\" value=\"\" \/>\n<\/fieldset>\n<div class=\"form-group\">\n<label class=\"mb-4\">Form completed by:<\/label>\n    <span class=\"wpcf7-form-control-wrap\" data-name=\"radio-completado-por\"><span class=\"wpcf7-form-control wpcf7-radio\" id=\"radio-completado-por\"><span class=\"wpcf7-list-item first\"><label><input type=\"radio\" name=\"radio-completado-por\" value=\"Notifier\" checked=\"checked\" \/><span class=\"wpcf7-list-item-label\">Notifier<\/span><\/label><\/span><span class=\"wpcf7-list-item\"><label><input type=\"radio\" name=\"radio-completado-por\" value=\"Patient\" \/><span class=\"wpcf7-list-item-label\">Patient<\/span><\/label><\/span><span class=\"wpcf7-list-item\"><label><input type=\"radio\" name=\"radio-completado-por\" value=\"Healthcare professional (doctor, pharmacist, others)\" \/><span class=\"wpcf7-list-item-label\">Healthcare professional (doctor, pharmacist, others)<\/span><\/label><\/span><span class=\"wpcf7-list-item last\"><label><input type=\"radio\" name=\"radio-completado-por\" value=\"Others\" \/><span class=\"wpcf7-list-item-label\">Others<\/span><\/label><\/span><\/span><\/span>\n<\/div>\n\n<div class=\"form-group mb-4 d-none\" id=\"radio-completado-por-especificar-wrapper\">\n<label>  Specify:\n    <span class=\"wpcf7-form-control-wrap\" data-name=\"radio-completado-por-especificar\"><input size=\"40\" maxlength=\"400\" class=\"wpcf7-form-control wpcf7-text\" aria-invalid=\"false\" value=\"\" type=\"text\" name=\"radio-completado-por-especificar\" \/><\/span> <\/label>\n<\/div>\n\n<div class=\"form-group\">\n<label>  City of the Notifier:\n    <span class=\"wpcf7-form-control-wrap\" data-name=\"ciudad-notificador\"><input size=\"40\" maxlength=\"400\" class=\"wpcf7-form-control wpcf7-text\" aria-invalid=\"false\" value=\"\" type=\"text\" name=\"ciudad-notificador\" \/><\/span> <\/label>\n<\/div>\n\n<div class=\"form-group\">\n<label>  Notifier's contact information (email and\/or telephone):\n    <span class=\"wpcf7-form-control-wrap\" data-name=\"datos-notificador\"><input size=\"40\" maxlength=\"400\" class=\"wpcf7-form-control wpcf7-text\" aria-invalid=\"false\" value=\"\" type=\"text\" name=\"datos-notificador\" \/><\/span> <\/label>\n<\/div>\n\n<div class=\"form-group\">\n<label>  Patient identification data (always indicate age and\/or sex):\n    <span class=\"wpcf7-form-control-wrap\" data-name=\"datos-paciente\"><input size=\"40\" maxlength=\"400\" class=\"wpcf7-form-control wpcf7-text\" aria-invalid=\"false\" value=\"\" type=\"text\" name=\"datos-paciente\" \/><\/span> <\/label>\n<\/div>\n\n<div class=\"form-group\">\n<label>  Lainco product involved:\n    <span class=\"wpcf7-form-control-wrap\" data-name=\"producto\"><input size=\"40\" maxlength=\"400\" class=\"wpcf7-form-control wpcf7-text\" aria-invalid=\"false\" value=\"\" type=\"text\" name=\"producto\" \/><\/span> <\/label>\n<\/div>\n<div class=\"form-group\">\n<label> Bath number:\n    <span class=\"wpcf7-form-control-wrap\" data-name=\"lote\"><input size=\"40\" maxlength=\"400\" class=\"wpcf7-form-control wpcf7-text\" aria-invalid=\"false\" value=\"\" type=\"text\" name=\"lote\" \/><\/span> <\/label>\n<\/div>\n\n<div class=\"form-group\">\n<label>  Description of adverse reaction or other safety information:\n    <span class=\"wpcf7-form-control-wrap\" data-name=\"descripcion\"><textarea cols=\"40\" rows=\"10\" maxlength=\"2000\" class=\"wpcf7-form-control wpcf7-textarea\" aria-invalid=\"false\" name=\"descripcion\"><\/textarea><\/span> <\/label>\n<\/div>\n\n<div class=\"form-group\">\n<label>  Additional information (medical history, other medications, pathology for which Lainco product is administered):\n    <span class=\"wpcf7-form-control-wrap\" data-name=\"informacion-adicional\"><textarea cols=\"40\" rows=\"10\" maxlength=\"2000\" class=\"wpcf7-form-control wpcf7-textarea\" aria-invalid=\"false\" name=\"informacion-adicional\"><\/textarea><\/span> <\/label>\n<\/div>\n\n<div class=\"form-group\">\n<label> Attach document if necessary (e.g., screenshot from social media):\n    <span class=\"wpcf7-form-control-wrap\" data-name=\"documento\"><input size=\"40\" class=\"wpcf7-form-control wpcf7-file\" accept=\"audio\/*,video\/*,image\/*\" aria-invalid=\"false\" type=\"file\" name=\"documento\" \/><\/span> <\/label>\n<\/div>\n\n<div class=\"mt-4 mb-5 btn btn-outline-secondary\">\n<input class=\"wpcf7-form-control wpcf7-submit has-spinner\" type=\"submit\" value=\"Send\" \/>\n<\/div>\n\n<script>\n    jQuery(document).ready(function($){\n\n        $(\"input[wpmlcf7-3-name=radio-completado-por]]\n).change(function(e) {\n\n            console.log( $(this).val() );\n\n            $(\"input[name=radio-completado-por-especificar\n[\/wpmlcf7-3-name]\").val(\"\");\n\n            if( $(this).val() == \"Otros\" ) {\n\n                $(\"#radio-completado-por-especificar-wrapper\").removeClass(\"d-none\");\n\n            } else {\n\n                $(\"#radio-completado-por-especificar-wrapper\").addClass(\"d-none\");\n\n            }\n\n        });\n\n    });\n<\/script>\n\n<style type=\"text\/css\">\n\n    .wpcf7-list-item { width: 100%; margin-bottom: 1em; }\n\n    #radio-completado-por-especificar-wrapper { margin: 0 0 0 1em; }\n\n<\/style><input type='hidden' class='wpcf7-pum' value='{\"closepopup\":false,\"closedelay\":0,\"openpopup\":false,\"openpopup_id\":0}' \/><div class=\"wpcf7-response-output\" aria-hidden=\"true\"><\/div>\n<\/form>\n<\/div>\n<\/div>\n\n\n\n<p class=\"wp-block-paragraph\"><strong>Customer service:<\/strong><\/p>\n\n\n\n<p class=\"wp-block-paragraph\"><a href=\"mailto:pedidos.farma@lainco.com\">pedidos.farma@lainco.com<\/a><\/p>\n\n\n\n<p class=\"wp-block-paragraph\"><a href=\"tel:+34935862034\">+34 935862034<\/a>  <\/p>\n\n\n\n<p class=\"wp-block-paragraph\"><strong>Business Development:<\/strong><\/p>\n\n\n\n<p class=\"wp-block-paragraph\"><a href=\"mailto:bdpharma@lainco.com\">bdpharma@lainco.com<\/a><\/p>\n","protected":false},"excerpt":{"rendered":"<p>Contacts of Interest Our commitment is to people. For this purpose, we provide you with different contacts of interest in order to offer you the best possible service. Pharmacovigilance farmacovigilancia@lainco.com LAINCO Pharma has a Pharmacovigilance System to collect and evaluate all suspected adverse reactions related to our products. In case you identify a possible adverse reaction, please contact us through our mail or directly through our form. Customer service: pedidos.farma@lainco.com +34 935862034 Business Development: bdpharma@lainco.com [&#8230;]<\/p>\n<p><a class=\"btn btn-outline-secondary btn-sm understrap-read-more-link\" href=\"https:\/\/lainco.com\/en\/contactos-de-interes\/\">Read More&#8230;<span class=\"screen-reader-text\"> from Contacts of Interest<\/span><\/a><\/p>\n","protected":false},"author":300,"featured_media":0,"parent":0,"menu_order":0,"comment_status":"closed","ping_status":"closed","template":"","meta":{"_acf_changed":false,"_crdt_document":"","footnotes":""},"class_list":["post-9533","page","type-page","status-publish","hentry"],"acf":[],"yoast_head":"<!-- This site is optimized with the Yoast SEO plugin v26.9 - https:\/\/yoast.com\/product\/yoast-seo-wordpress\/ -->\n<title>Contacts of Interest - Lainco<\/title>\n<meta name=\"description\" content=\"Investigaci\u00f3n, desarrollo, fabricaci\u00f3n, envasado y comercializaci\u00f3n de productos fitosanitarios y farmac\u00e9uticos\" \/>\n<meta name=\"robots\" content=\"index, follow, max-snippet:-1, max-image-preview:large, max-video-preview:-1\" \/>\n<link rel=\"canonical\" href=\"https:\/\/lainco.com\/en\/contactos-de-interes\/\" \/>\n<meta property=\"og:locale\" content=\"en_US\" \/>\n<meta property=\"og:type\" content=\"article\" \/>\n<meta property=\"og:title\" content=\"Contacts of Interest - Lainco\" \/>\n<meta property=\"og:description\" content=\"Investigaci\u00f3n, desarrollo, fabricaci\u00f3n, envasado y comercializaci\u00f3n de productos fitosanitarios y farmac\u00e9uticos\" \/>\n<meta property=\"og:url\" content=\"https:\/\/lainco.com\/en\/contactos-de-interes\/\" \/>\n<meta property=\"og:site_name\" content=\"Lainco\" \/>\n<meta property=\"article:modified_time\" content=\"2025-07-10T07:55:24+00:00\" \/>\n<meta name=\"twitter:card\" content=\"summary_large_image\" \/>\n<script type=\"application\/ld+json\" class=\"yoast-schema-graph\">{\"@context\":\"https:\/\/schema.org\",\"@graph\":[{\"@type\":\"WebPage\",\"@id\":\"https:\/\/lainco.com\/en\/contactos-de-interes\/\",\"url\":\"https:\/\/lainco.com\/en\/contactos-de-interes\/\",\"name\":\"Contacts of Interest - Lainco\",\"isPartOf\":{\"@id\":\"https:\/\/lainco.com\/en\/#website\"},\"datePublished\":\"2024-02-07T13:49:44+00:00\",\"dateModified\":\"2025-07-10T07:55:24+00:00\",\"description\":\"Investigaci\u00f3n, desarrollo, fabricaci\u00f3n, envasado y comercializaci\u00f3n de productos fitosanitarios y farmac\u00e9uticos\",\"breadcrumb\":{\"@id\":\"https:\/\/lainco.com\/en\/contactos-de-interes\/#breadcrumb\"},\"inLanguage\":\"en-US\",\"potentialAction\":[{\"@type\":\"ReadAction\",\"target\":[\"https:\/\/lainco.com\/en\/contactos-de-interes\/\"]}]},{\"@type\":\"BreadcrumbList\",\"@id\":\"https:\/\/lainco.com\/en\/contactos-de-interes\/#breadcrumb\",\"itemListElement\":[{\"@type\":\"ListItem\",\"position\":1,\"name\":\"Home\",\"item\":\"https:\/\/lainco.com\/en\/\"},{\"@type\":\"ListItem\",\"position\":2,\"name\":\"Contacts of Interest\"}]},{\"@type\":\"WebSite\",\"@id\":\"https:\/\/lainco.com\/en\/#website\",\"url\":\"https:\/\/lainco.com\/en\/\",\"name\":\"Lainco\",\"description\":\"Investigaci\u00f3n, desarrollo, fabricaci\u00f3n, envasado y comercializaci\u00f3n de productos fitosanitarios y farmac\u00e9uticos\",\"publisher\":{\"@id\":\"https:\/\/lainco.com\/en\/#organization\"},\"potentialAction\":[{\"@type\":\"SearchAction\",\"target\":{\"@type\":\"EntryPoint\",\"urlTemplate\":\"https:\/\/lainco.com\/en\/?s={search_term_string}\"},\"query-input\":{\"@type\":\"PropertyValueSpecification\",\"valueRequired\":true,\"valueName\":\"search_term_string\"}}],\"inLanguage\":\"en-US\"},{\"@type\":\"Organization\",\"@id\":\"https:\/\/lainco.com\/en\/#organization\",\"name\":\"Lainco\",\"alternateName\":\"Protecting Life since 1934\",\"url\":\"https:\/\/lainco.com\/en\/\",\"logo\":{\"@type\":\"ImageObject\",\"inLanguage\":\"en-US\",\"@id\":\"https:\/\/lainco.com\/en\/#\/schema\/logo\/image\/\",\"url\":\"https:\/\/lainco.com\/wp-content\/uploads\/2024\/01\/23141-Logo-90-LAINCO-color-baseline_pages-to-jpg-0001-1.jpg\",\"contentUrl\":\"https:\/\/lainco.com\/wp-content\/uploads\/2024\/01\/23141-Logo-90-LAINCO-color-baseline_pages-to-jpg-0001-1.jpg\",\"width\":300,\"height\":90,\"caption\":\"Lainco\"},\"image\":{\"@id\":\"https:\/\/lainco.com\/en\/#\/schema\/logo\/image\/\"}}]}<\/script>\n<!-- \/ Yoast SEO plugin. -->","yoast_head_json":{"title":"Contacts of Interest - Lainco","description":"Investigaci\u00f3n, desarrollo, fabricaci\u00f3n, envasado y comercializaci\u00f3n de productos fitosanitarios y farmac\u00e9uticos","robots":{"index":"index","follow":"follow","max-snippet":"max-snippet:-1","max-image-preview":"max-image-preview:large","max-video-preview":"max-video-preview:-1"},"canonical":"https:\/\/lainco.com\/en\/contactos-de-interes\/","og_locale":"en_US","og_type":"article","og_title":"Contacts of Interest - Lainco","og_description":"Investigaci\u00f3n, desarrollo, fabricaci\u00f3n, envasado y comercializaci\u00f3n de productos fitosanitarios y farmac\u00e9uticos","og_url":"https:\/\/lainco.com\/en\/contactos-de-interes\/","og_site_name":"Lainco","article_modified_time":"2025-07-10T07:55:24+00:00","twitter_card":"summary_large_image","schema":{"@context":"https:\/\/schema.org","@graph":[{"@type":"WebPage","@id":"https:\/\/lainco.com\/en\/contactos-de-interes\/","url":"https:\/\/lainco.com\/en\/contactos-de-interes\/","name":"Contacts of Interest - Lainco","isPartOf":{"@id":"https:\/\/lainco.com\/en\/#website"},"datePublished":"2024-02-07T13:49:44+00:00","dateModified":"2025-07-10T07:55:24+00:00","description":"Investigaci\u00f3n, desarrollo, fabricaci\u00f3n, envasado y comercializaci\u00f3n de productos fitosanitarios y farmac\u00e9uticos","breadcrumb":{"@id":"https:\/\/lainco.com\/en\/contactos-de-interes\/#breadcrumb"},"inLanguage":"en-US","potentialAction":[{"@type":"ReadAction","target":["https:\/\/lainco.com\/en\/contactos-de-interes\/"]}]},{"@type":"BreadcrumbList","@id":"https:\/\/lainco.com\/en\/contactos-de-interes\/#breadcrumb","itemListElement":[{"@type":"ListItem","position":1,"name":"Home","item":"https:\/\/lainco.com\/en\/"},{"@type":"ListItem","position":2,"name":"Contacts of Interest"}]},{"@type":"WebSite","@id":"https:\/\/lainco.com\/en\/#website","url":"https:\/\/lainco.com\/en\/","name":"Lainco","description":"Investigaci\u00f3n, desarrollo, fabricaci\u00f3n, envasado y comercializaci\u00f3n de productos fitosanitarios y farmac\u00e9uticos","publisher":{"@id":"https:\/\/lainco.com\/en\/#organization"},"potentialAction":[{"@type":"SearchAction","target":{"@type":"EntryPoint","urlTemplate":"https:\/\/lainco.com\/en\/?s={search_term_string}"},"query-input":{"@type":"PropertyValueSpecification","valueRequired":true,"valueName":"search_term_string"}}],"inLanguage":"en-US"},{"@type":"Organization","@id":"https:\/\/lainco.com\/en\/#organization","name":"Lainco","alternateName":"Protecting Life since 1934","url":"https:\/\/lainco.com\/en\/","logo":{"@type":"ImageObject","inLanguage":"en-US","@id":"https:\/\/lainco.com\/en\/#\/schema\/logo\/image\/","url":"https:\/\/lainco.com\/wp-content\/uploads\/2024\/01\/23141-Logo-90-LAINCO-color-baseline_pages-to-jpg-0001-1.jpg","contentUrl":"https:\/\/lainco.com\/wp-content\/uploads\/2024\/01\/23141-Logo-90-LAINCO-color-baseline_pages-to-jpg-0001-1.jpg","width":300,"height":90,"caption":"Lainco"},"image":{"@id":"https:\/\/lainco.com\/en\/#\/schema\/logo\/image\/"}}]}},"_links":{"self":[{"href":"https:\/\/lainco.com\/en\/wp-json\/wp\/v2\/pages\/9533","targetHints":{"allow":["GET"]}}],"collection":[{"href":"https:\/\/lainco.com\/en\/wp-json\/wp\/v2\/pages"}],"about":[{"href":"https:\/\/lainco.com\/en\/wp-json\/wp\/v2\/types\/page"}],"author":[{"embeddable":true,"href":"https:\/\/lainco.com\/en\/wp-json\/wp\/v2\/users\/300"}],"replies":[{"embeddable":true,"href":"https:\/\/lainco.com\/en\/wp-json\/wp\/v2\/comments?post=9533"}],"version-history":[{"count":5,"href":"https:\/\/lainco.com\/en\/wp-json\/wp\/v2\/pages\/9533\/revisions"}],"predecessor-version":[{"id":13936,"href":"https:\/\/lainco.com\/en\/wp-json\/wp\/v2\/pages\/9533\/revisions\/13936"}],"wp:attachment":[{"href":"https:\/\/lainco.com\/en\/wp-json\/wp\/v2\/media?parent=9533"}],"curies":[{"name":"wp","href":"https:\/\/api.w.org\/{rel}","templated":true}]}}