{"id":6912,"date":"2023-06-26T10:13:13","date_gmt":"2023-06-26T09:13:13","guid":{"rendered":"https:\/\/lainco.com\/commercial-network\/"},"modified":"2026-01-29T15:36:07","modified_gmt":"2026-01-29T14:36:07","slug":"commercial-network","status":"publish","type":"page","link":"https:\/\/lainco.com\/en\/commercial-network\/","title":{"rendered":"Sales Team"},"content":{"rendered":"\n<div class=\"wp-block-group section\"><div class=\"wp-block-group__inner-container is-layout-constrained wp-block-group-is-layout-constrained\">\n<h1 class=\"wp-block-heading\">Sales Team<\/h1>\n\n\n\n<hr class=\"wp-block-separator has-alpha-channel-opacity mb-5\"\/>\n\n\n\n<h3 class=\"wp-block-heading\">Commercial Direction<\/h3>\n\n\n\n<hr class=\"wp-block-separator has-alpha-channel-opacity\"\/>\n\n\n<div class=\"wp-bootstrap-blocks-row row gy-4 row-5-cols\">\n\t\n\n<div class=\"col-12 col-md-6 col-lg-4 col-xl-2\">\n\t\t\t\n\n<figure class=\"wp-block-image size-full\"><img loading=\"lazy\" decoding=\"async\" width=\"800\" height=\"800\" src=\"https:\/\/lainco.com\/wp-content\/uploads\/2024\/01\/2.png\" alt=\"\" class=\"wp-image-8937\" srcset=\"https:\/\/lainco.com\/wp-content\/uploads\/2024\/01\/2.png 800w, https:\/\/lainco.com\/wp-content\/uploads\/2024\/01\/2-300x300.png 300w, https:\/\/lainco.com\/wp-content\/uploads\/2024\/01\/2-150x150.png 150w, https:\/\/lainco.com\/wp-content\/uploads\/2024\/01\/2-768x768.png 768w\" sizes=\"auto, (max-width: 800px) 100vw, 800px\" \/><\/figure>\n\n\t<\/div>\n\n\n\n<div class=\"col-12 col-md-6 col-lg-4 col-xl-2\">\n\t\t\t\n\n<hr class=\"wp-block-separator has-alpha-channel-opacity\"\/>\n\n\n\n<p class=\"wp-block-paragraph\"><strong>PILAR ORTIZ<\/strong><br>Agricultural Commercial Director<br>+34 648 422 576  <br><a href=\"mailto:portiz@lainco.com\">portiz@lainco.com<\/a><\/p>\n\n\t<\/div>\n\n\n\n<div class=\"col-12 col-md-6 col-lg-4 col-xl-2\">\n\t\t\t\n\n<p class=\"wp-block-paragraph\"><\/p>\n\n\t<\/div>\n\n\n\n<div class=\"col-12 col-md-6 col-lg-4 col-xl-2\">\n\t\t\t\n\n<p class=\"wp-block-paragraph\"><\/p>\n\n\t<\/div>\n\n\n\n<div class=\"col-12 col-md-6 col-lg-4 col-xl-2\">\n\t\t\t\n\n<p class=\"wp-block-paragraph\"><\/p>\n\n\t<\/div>\n\n<\/div>\n<\/div><\/div>\n\n\n\n<div class=\"wp-block-group section\"><div class=\"wp-block-group__inner-container is-layout-constrained wp-block-group-is-layout-constrained\">\n<h3 class=\"wp-block-heading\">Area Managers<\/h3>\n\n\n\n<hr class=\"wp-block-separator has-alpha-channel-opacity mb-5\"\/>\n\n\n<div class=\"wp-bootstrap-blocks-row row gy-4 row-5-cols\">\n\t\n\n<div class=\"col-12 col-md-6 col-lg-4 col-xl-2 lainco_md_space\">\n\t\t\t\n\n<figure class=\"wp-block-image size-full\"><img loading=\"lazy\" decoding=\"async\" width=\"800\" height=\"800\" src=\"https:\/\/lainco.com\/wp-content\/uploads\/2024\/01\/6.png\" alt=\"\" class=\"wp-image-8929\" srcset=\"https:\/\/lainco.com\/wp-content\/uploads\/2024\/01\/6.png 800w, https:\/\/lainco.com\/wp-content\/uploads\/2024\/01\/6-300x300.png 300w, https:\/\/lainco.com\/wp-content\/uploads\/2024\/01\/6-150x150.png 150w, https:\/\/lainco.com\/wp-content\/uploads\/2024\/01\/6-768x768.png 768w\" sizes=\"auto, (max-width: 800px) 100vw, 800px\" \/><\/figure>\n\n\n\n<hr class=\"wp-block-separator has-alpha-channel-opacity\"\/>\n\n\n\n<p class=\"wp-block-paragraph\"><strong>JAUME TORRES <\/strong><\/p>\n\n\n\n<p class=\"wp-block-paragraph\">Area Manager<br>Iberia<\/p>\n\n\n\n<p class=\"wp-block-paragraph\">+34 672 036 482<\/p>\n\n\n\n<p class=\"wp-block-paragraph\"><a href=\"mailto:jtorres@lainco.com\">jtorres@lainco.com<\/a> <\/p>\n\n\t<\/div>\n\n\n\n<div class=\"col-12 col-md-6 col-lg-4 col-xl-2 lainco_md_space\">\n\t\t\t\n\n<figure class=\"wp-block-image size-full\"><img loading=\"lazy\" decoding=\"async\" width=\"800\" height=\"800\" src=\"https:\/\/lainco.com\/wp-content\/uploads\/2024\/01\/fotos-web-2.png\" alt=\"\" class=\"wp-image-9083\" srcset=\"https:\/\/lainco.com\/wp-content\/uploads\/2024\/01\/fotos-web-2.png 800w, https:\/\/lainco.com\/wp-content\/uploads\/2024\/01\/fotos-web-2-300x300.png 300w, https:\/\/lainco.com\/wp-content\/uploads\/2024\/01\/fotos-web-2-150x150.png 150w, https:\/\/lainco.com\/wp-content\/uploads\/2024\/01\/fotos-web-2-768x768.png 768w\" sizes=\"auto, (max-width: 800px) 100vw, 800px\" \/><\/figure>\n\n\n\n<hr class=\"wp-block-separator has-alpha-channel-opacity\"\/>\n\n\n\n<p class=\"wp-block-paragraph\"><strong>CRISTINA GARC\u00cdA <\/strong><\/p>\n\n\n\n<p class=\"wp-block-paragraph\">Export Area Manager<\/p>\n\n\n\n<p class=\"wp-block-paragraph\"><em>Southern Europe and Balkans<\/em><\/p>\n\n\n\n<p class=\"wp-block-paragraph\">+34 670 846 859  <\/p>\n\n\n\n<p class=\"wp-block-paragraph\"><a href=\"mailto:cristina.garcia@lainco.com\">cristina.garcia@lainco.com<\/a> <\/p>\n\n\t<\/div>\n\n\n\n<div class=\"col-12 col-md-6 col-lg-4 col-xl-2 lainco_md_space\">\n\t\t\t\n\n<figure class=\"wp-block-image size-full\"><img loading=\"lazy\" decoding=\"async\" width=\"800\" height=\"800\" src=\"https:\/\/lainco.com\/wp-content\/uploads\/2024\/01\/8.png\" alt=\"\" class=\"wp-image-8931\" srcset=\"https:\/\/lainco.com\/wp-content\/uploads\/2024\/01\/8.png 800w, https:\/\/lainco.com\/wp-content\/uploads\/2024\/01\/8-300x300.png 300w, https:\/\/lainco.com\/wp-content\/uploads\/2024\/01\/8-150x150.png 150w, https:\/\/lainco.com\/wp-content\/uploads\/2024\/01\/8-768x768.png 768w\" sizes=\"auto, (max-width: 800px) 100vw, 800px\" \/><\/figure>\n\n\n\n<hr class=\"wp-block-separator has-alpha-channel-opacity\"\/>\n\n\n\n<p class=\"wp-block-paragraph\"><strong>BOUMEDIENE SAYAH<\/strong><\/p>\n\n\n\n<p class=\"wp-block-paragraph\">Export Area Manager<\/p>\n\n\n\n<p class=\"wp-block-paragraph\"><em>North Africa and Middle East<\/em><\/p>\n\n\n\n<p class=\"wp-block-paragraph\">+34 646 182 151  <\/p>\n\n\n\n<p class=\"wp-block-paragraph\"><a href=\"mailto:bsayah@lainco.com\">bsayah@lainco.com<\/a><\/p>\n\n\t<\/div>\n\n\n\n<div class=\"col-12 col-md-6 col-lg-4 col-xl-2 lainco_md_space\">\n\t\t\t\n\n<figure class=\"wp-block-image size-full\"><img loading=\"lazy\" decoding=\"async\" width=\"800\" height=\"800\" src=\"https:\/\/lainco.com\/wp-content\/uploads\/2024\/06\/fotos-web.png\" alt=\"\" class=\"wp-image-11317\" srcset=\"https:\/\/lainco.com\/wp-content\/uploads\/2024\/06\/fotos-web.png 800w, https:\/\/lainco.com\/wp-content\/uploads\/2024\/06\/fotos-web-300x300.png 300w, https:\/\/lainco.com\/wp-content\/uploads\/2024\/06\/fotos-web-150x150.png 150w, https:\/\/lainco.com\/wp-content\/uploads\/2024\/06\/fotos-web-768x768.png 768w\" sizes=\"auto, (max-width: 800px) 100vw, 800px\" \/><\/figure>\n\n\n\n<hr class=\"wp-block-separator has-alpha-channel-opacity\"\/>\n\n\n\n<p class=\"wp-block-paragraph\"><strong>LUC\u00cdA LOZANO <\/strong><\/p>\n\n\n\n<p class=\"wp-block-paragraph\">Export Area Manager<\/p>\n\n\n\n<p class=\"wp-block-paragraph\"><em>Central Europe, South America and APAC<\/em><\/p>\n\n\n\n<p class=\"wp-block-paragraph\">+34 670 846 001<\/p>\n\n\n\n<p class=\"wp-block-paragraph\"><a href=\"mailto:clementine.yunta@lainco.com\">clementine.yun<\/a><a href=\"mailto:lucia.lozano@lainco.com\" target=\"_blank\" rel=\"noreferrer noopener\">ta@lainco.com<\/a><\/p>\n\n\t<\/div>\n\n<\/div>\n<\/div><\/div>\n\n\n\n<h3 class=\"wp-block-heading\">Regional Area Managers<\/h3>\n\n\n\n<hr class=\"wp-block-separator has-alpha-channel-opacity\"\/>\n\n\n<div class=\"wp-bootstrap-blocks-row row gy-4 row-5-cols mb-4\">\n\t\n\n<div class=\"col-12 col-md-6 col-lg-4 col-xl-2 lainco_md_space\">\n\t\t\t\n\n<figure class=\"wp-block-image size-full\"><img loading=\"lazy\" decoding=\"async\" width=\"800\" height=\"800\" src=\"https:\/\/lainco.com\/wp-content\/uploads\/2024\/01\/4.png\" alt=\"\" class=\"wp-image-8925\" style=\"object-fit:cover\" srcset=\"https:\/\/lainco.com\/wp-content\/uploads\/2024\/01\/4.png 800w, https:\/\/lainco.com\/wp-content\/uploads\/2024\/01\/4-300x300.png 300w, https:\/\/lainco.com\/wp-content\/uploads\/2024\/01\/4-150x150.png 150w, https:\/\/lainco.com\/wp-content\/uploads\/2024\/01\/4-768x768.png 768w\" sizes=\"auto, (max-width: 800px) 100vw, 800px\" \/><\/figure>\n\n\n\n<hr class=\"wp-block-separator has-alpha-channel-opacity\"\/>\n\n\n\n<p class=\"wp-block-paragraph\"><strong>JUAN JOS\u00c9 G\u00d3NGORA<\/strong><\/p>\n\n\n\n<p class=\"wp-block-paragraph\">Regional Area Manager<\/p>\n\n\n\n<p class=\"wp-block-paragraph\"><em>Eastern Andalusia and Murcia<\/em><\/p>\n\n\n\n<p class=\"wp-block-paragraph\">+34 616 496 045<\/p>\n\n\n\n<p class=\"wp-block-paragraph\"><a href=\"mailto:juan.gongora@lainco.com\">juan.gongora@lainco.com<\/a><\/p>\n\n\t<\/div>\n\n\n\n<div class=\"col-12 col-md-6 col-lg-4 col-xl-2 lainco_md_space\">\n\t\t\t\n\n<figure class=\"wp-block-image size-full\"><img loading=\"lazy\" decoding=\"async\" width=\"800\" height=\"800\" src=\"https:\/\/lainco.com\/wp-content\/uploads\/2024\/01\/fotos-web-1.png\" alt=\"\" class=\"wp-image-9017\" style=\"object-fit:cover\" srcset=\"https:\/\/lainco.com\/wp-content\/uploads\/2024\/01\/fotos-web-1.png 800w, https:\/\/lainco.com\/wp-content\/uploads\/2024\/01\/fotos-web-1-300x300.png 300w, https:\/\/lainco.com\/wp-content\/uploads\/2024\/01\/fotos-web-1-150x150.png 150w, https:\/\/lainco.com\/wp-content\/uploads\/2024\/01\/fotos-web-1-768x768.png 768w\" sizes=\"auto, (max-width: 800px) 100vw, 800px\" \/><\/figure>\n\n\n\n<hr class=\"wp-block-separator has-alpha-channel-opacity\"\/>\n\n\n\n<p class=\"wp-block-paragraph\"><strong>JUAN FERN\u00c1NDEZ<\/strong><\/p>\n\n\n\n<p class=\"wp-block-paragraph\">Regional Area Manager<\/p>\n\n\n\n<p class=\"wp-block-paragraph\"><em>Western Andalusia<\/em><\/p>\n\n\n\n<p class=\"wp-block-paragraph\">+34 616 496 046<\/p>\n\n\n\n<p class=\"wp-block-paragraph\"><a href=\"mailto:juan.fernandez@lainco.com\">juan.fernandez@lainco.com<\/a><\/p>\n\n\t<\/div>\n\n\n\n<div class=\"col-12 col-md-6 col-lg-4 col-xl-2 lainco_md_space\">\n\t\t\t\n\n<figure class=\"wp-block-image size-full\"><img loading=\"lazy\" decoding=\"async\" width=\"800\" height=\"800\" src=\"https:\/\/lainco.com\/wp-content\/uploads\/2024\/01\/fotos-web.png\" alt=\"\" class=\"wp-image-8957\" style=\"object-fit:cover\" srcset=\"https:\/\/lainco.com\/wp-content\/uploads\/2024\/01\/fotos-web.png 800w, https:\/\/lainco.com\/wp-content\/uploads\/2024\/01\/fotos-web-300x300.png 300w, https:\/\/lainco.com\/wp-content\/uploads\/2024\/01\/fotos-web-150x150.png 150w, https:\/\/lainco.com\/wp-content\/uploads\/2024\/01\/fotos-web-768x768.png 768w\" sizes=\"auto, (max-width: 800px) 100vw, 800px\" \/><\/figure>\n\n\n\n<hr class=\"wp-block-separator has-alpha-channel-opacity\"\/>\n\n\n\n<p class=\"wp-block-paragraph\"><strong>JUAN BLANCO<\/strong><\/p>\n\n\n\n<p class=\"wp-block-paragraph\">Regional Area Manager <\/p>\n\n\n\n<p class=\"wp-block-paragraph\"><em>Extremadura<\/em><\/p>\n\n\n\n<p class=\"wp-block-paragraph\">+34 606 982 193<\/p>\n\n\n\n<p class=\"wp-block-paragraph\"><a href=\"mailto:juan.blanco@lainco.com\">juan.blanco@lainco.com<\/a><\/p>\n\n\t<\/div>\n\n\n\n<div class=\"col-12 col-md-6 col-lg-4 col-xl-2 lainco_md_space\">\n\t\t\t\n\n<figure class=\"wp-block-image size-full\"><img loading=\"lazy\" decoding=\"async\" width=\"800\" height=\"800\" src=\"https:\/\/lainco.com\/wp-content\/uploads\/2024\/01\/11.png\" alt=\"\" class=\"wp-image-8939\" style=\"object-fit:cover\" srcset=\"https:\/\/lainco.com\/wp-content\/uploads\/2024\/01\/11.png 800w, https:\/\/lainco.com\/wp-content\/uploads\/2024\/01\/11-300x300.png 300w, https:\/\/lainco.com\/wp-content\/uploads\/2024\/01\/11-150x150.png 150w, https:\/\/lainco.com\/wp-content\/uploads\/2024\/01\/11-768x768.png 768w\" sizes=\"auto, (max-width: 800px) 100vw, 800px\" \/><\/figure>\n\n\n\n<hr class=\"wp-block-separator has-alpha-channel-opacity\"\/>\n\n\n\n<p class=\"wp-block-paragraph\"><strong>ROBERTO TARRAZ\u00d3N<\/strong><\/p>\n\n\n\n<p class=\"wp-block-paragraph\">Regional Area Manager<\/p>\n\n\n\n<p class=\"wp-block-paragraph\"><em>Comunidad Valenciana<\/em> <\/p>\n\n\n\n<p class=\"wp-block-paragraph\">+34 616 496 044  <\/p>\n\n\n\n<p class=\"wp-block-paragraph\"><a href=\"mailto:roberto.tarrazon@lainco.com\">roberto.tarrazon@lainco.com<\/a><\/p>\n\n\t<\/div>\n\n<\/div>\n\n\n<div class=\"wp-bootstrap-blocks-row row gy-4 row-5-cols mt-3\">\n\t\n\n<div class=\"col-12 col-md-6 col-lg-4 col-xl-2 lainco_md_space\">\n\t\t\t\n\n<figure class=\"wp-block-image size-full\"><img loading=\"lazy\" decoding=\"async\" width=\"800\" height=\"800\" src=\"https:\/\/lainco.com\/wp-content\/uploads\/2024\/01\/1.png\" alt=\"\" class=\"wp-image-8919\" srcset=\"https:\/\/lainco.com\/wp-content\/uploads\/2024\/01\/1.png 800w, https:\/\/lainco.com\/wp-content\/uploads\/2024\/01\/1-300x300.png 300w, https:\/\/lainco.com\/wp-content\/uploads\/2024\/01\/1-150x150.png 150w, https:\/\/lainco.com\/wp-content\/uploads\/2024\/01\/1-768x768.png 768w\" sizes=\"auto, (max-width: 800px) 100vw, 800px\" \/><\/figure>\n\n\n\n<hr class=\"wp-block-separator has-alpha-channel-opacity\"\/>\n\n\n\n<p class=\"wp-block-paragraph\"><strong>ALEJANDRA P\u00c9REZ<\/strong><\/p>\n\n\n\n<p class=\"wp-block-paragraph\">Regional Area Manager <\/p>\n\n\n\n<p class=\"wp-block-paragraph\"><em>Galicia and Canary Islands <\/em><\/p>\n\n\n\n<p class=\"wp-block-paragraph\">+34 639 366 727<\/p>\n\n\n\n<p class=\"wp-block-paragraph\"><a href=\"mailto:alejandra.perez@lainco.com\">alejandra.perez@lainco.com<\/a><\/p>\n\n\t<\/div>\n\n\n\n<div class=\"col-12 col-md-6 col-lg-4 col-xl-2 lainco_md_space\">\n\t\t\t\n\n<figure class=\"wp-block-image size-full\"><img loading=\"lazy\" decoding=\"async\" width=\"800\" height=\"800\" src=\"https:\/\/lainco.com\/wp-content\/uploads\/2024\/01\/5.png\" alt=\"\" class=\"wp-image-8921\" srcset=\"https:\/\/lainco.com\/wp-content\/uploads\/2024\/01\/5.png 800w, https:\/\/lainco.com\/wp-content\/uploads\/2024\/01\/5-300x300.png 300w, https:\/\/lainco.com\/wp-content\/uploads\/2024\/01\/5-150x150.png 150w, https:\/\/lainco.com\/wp-content\/uploads\/2024\/01\/5-768x768.png 768w\" sizes=\"auto, (max-width: 800px) 100vw, 800px\" \/><\/figure>\n\n\n\n<hr class=\"wp-block-separator has-alpha-channel-opacity\"\/>\n\n\n\n<p class=\"wp-block-paragraph\"><strong>JOSEP LLADONOSA <\/strong><\/p>\n\n\n\n<p class=\"wp-block-paragraph\">Regional Area Manager<\/p>\n\n\n\n<p class=\"wp-block-paragraph\"><em>Aragon and Catalonia<\/em> <\/p>\n\n\n\n<p class=\"wp-block-paragraph\">+34 616 496 047<\/p>\n\n\n\n<p class=\"wp-block-paragraph\"><a href=\"mailto:josep.lladonosa@lainco.com\">josep.lladonosa@lainco.com<\/a><\/p>\n\n\t<\/div>\n\n\n\n<div class=\"col-12 col-md-6 col-lg-4 col-xl-2 lainco_md_space\">\n\t\t\t\n\n<figure class=\"wp-block-image size-full\"><img loading=\"lazy\" decoding=\"async\" width=\"800\" height=\"800\" src=\"https:\/\/lainco.com\/wp-content\/uploads\/2024\/01\/9.png\" alt=\"\" class=\"wp-image-8923\" srcset=\"https:\/\/lainco.com\/wp-content\/uploads\/2024\/01\/9.png 800w, https:\/\/lainco.com\/wp-content\/uploads\/2024\/01\/9-300x300.png 300w, https:\/\/lainco.com\/wp-content\/uploads\/2024\/01\/9-150x150.png 150w, https:\/\/lainco.com\/wp-content\/uploads\/2024\/01\/9-768x768.png 768w\" sizes=\"auto, (max-width: 800px) 100vw, 800px\" \/><\/figure>\n\n\n\n<hr class=\"wp-block-separator has-alpha-channel-opacity\"\/>\n\n\n\n<p class=\"wp-block-paragraph\"><strong>MANUEL MART\u00cdNEZ<\/strong><\/p>\n\n\n\n<p class=\"wp-block-paragraph\">Regional Area Manager<\/p>\n\n\n\n<p class=\"wp-block-paragraph\"><em>La Rioja, Navarra, Basque Country and Castilla y Le\u00f3n<\/em><\/p>\n\n\n\n<p class=\"wp-block-paragraph\">+34 670 847 982  <\/p>\n\n\n\n<p class=\"wp-block-paragraph\"><a href=\"mailto:manuel.martinez@lainco.com\">manuel.martinez@lainco.com<\/a><\/p>\n\n\t<\/div>\n\n<\/div>\n","protected":false},"excerpt":{"rendered":"<p>Sales Team Commercial Direction Area Managers Regional Area Managers [&#8230;]<\/p>\n<p><a class=\"btn btn-outline-secondary btn-sm understrap-read-more-link\" href=\"https:\/\/lainco.com\/en\/commercial-network\/\">Read More&#8230;<span class=\"screen-reader-text\"> from Sales Team<\/span><\/a><\/p>\n","protected":false},"author":300,"featured_media":0,"parent":0,"menu_order":0,"comment_status":"closed","ping_status":"closed","template":"","meta":{"_acf_changed":false,"_crdt_document":"","footnotes":""},"class_list":["post-6912","page","type-page","status-publish","hentry"],"acf":[],"yoast_head":"<!-- This site is optimized with the Yoast SEO plugin v26.9 - https:\/\/yoast.com\/product\/yoast-seo-wordpress\/ -->\n<title>Sales Team - Lainco<\/title>\n<meta name=\"description\" content=\"Investigaci\u00f3n, desarrollo, fabricaci\u00f3n, envasado y comercializaci\u00f3n de productos fitosanitarios y farmac\u00e9uticos\" \/>\n<meta name=\"robots\" content=\"index, follow, max-snippet:-1, max-image-preview:large, max-video-preview:-1\" \/>\n<link rel=\"canonical\" href=\"https:\/\/lainco.com\/en\/commercial-network\/\" \/>\n<meta property=\"og:locale\" content=\"en_US\" \/>\n<meta property=\"og:type\" content=\"article\" \/>\n<meta property=\"og:title\" content=\"Sales Team - Lainco\" \/>\n<meta property=\"og:description\" content=\"Investigaci\u00f3n, desarrollo, fabricaci\u00f3n, envasado y comercializaci\u00f3n de productos fitosanitarios y farmac\u00e9uticos\" \/>\n<meta property=\"og:url\" content=\"https:\/\/lainco.com\/en\/commercial-network\/\" \/>\n<meta property=\"og:site_name\" content=\"Lainco\" \/>\n<meta property=\"article:modified_time\" content=\"2026-01-29T14:36:07+00:00\" \/>\n<meta property=\"og:image\" content=\"https:\/\/lainco.com\/wp-content\/uploads\/2024\/01\/2.png\" \/>\n<meta name=\"twitter:card\" content=\"summary_large_image\" \/>\n<meta name=\"twitter:label1\" content=\"Est. reading time\" \/>\n\t<meta name=\"twitter:data1\" content=\"4 minutes\" \/>\n<script type=\"application\/ld+json\" class=\"yoast-schema-graph\">{\"@context\":\"https:\/\/schema.org\",\"@graph\":[{\"@type\":\"WebPage\",\"@id\":\"https:\/\/lainco.com\/en\/commercial-network\/\",\"url\":\"https:\/\/lainco.com\/en\/commercial-network\/\",\"name\":\"Sales Team - Lainco\",\"isPartOf\":{\"@id\":\"https:\/\/lainco.com\/en\/#website\"},\"primaryImageOfPage\":{\"@id\":\"https:\/\/lainco.com\/en\/commercial-network\/#primaryimage\"},\"image\":{\"@id\":\"https:\/\/lainco.com\/en\/commercial-network\/#primaryimage\"},\"thumbnailUrl\":\"https:\/\/lainco.com\/wp-content\/uploads\/2024\/01\/2.png\",\"datePublished\":\"2023-06-26T09:13:13+00:00\",\"dateModified\":\"2026-01-29T14:36:07+00:00\",\"description\":\"Investigaci\u00f3n, desarrollo, fabricaci\u00f3n, envasado y comercializaci\u00f3n de productos fitosanitarios y farmac\u00e9uticos\",\"breadcrumb\":{\"@id\":\"https:\/\/lainco.com\/en\/commercial-network\/#breadcrumb\"},\"inLanguage\":\"en-US\",\"potentialAction\":[{\"@type\":\"ReadAction\",\"target\":[\"https:\/\/lainco.com\/en\/commercial-network\/\"]}]},{\"@type\":\"ImageObject\",\"inLanguage\":\"en-US\",\"@id\":\"https:\/\/lainco.com\/en\/commercial-network\/#primaryimage\",\"url\":\"https:\/\/lainco.com\/wp-content\/uploads\/2024\/01\/2.png\",\"contentUrl\":\"https:\/\/lainco.com\/wp-content\/uploads\/2024\/01\/2.png\"},{\"@type\":\"BreadcrumbList\",\"@id\":\"https:\/\/lainco.com\/en\/commercial-network\/#breadcrumb\",\"itemListElement\":[{\"@type\":\"ListItem\",\"position\":1,\"name\":\"Home\",\"item\":\"https:\/\/lainco.com\/en\/\"},{\"@type\":\"ListItem\",\"position\":2,\"name\":\"Sales Team\"}]},{\"@type\":\"WebSite\",\"@id\":\"https:\/\/lainco.com\/en\/#website\",\"url\":\"https:\/\/lainco.com\/en\/\",\"name\":\"Lainco\",\"description\":\"Investigaci\u00f3n, desarrollo, fabricaci\u00f3n, envasado y comercializaci\u00f3n de productos fitosanitarios y farmac\u00e9uticos\",\"publisher\":{\"@id\":\"https:\/\/lainco.com\/en\/#organization\"},\"potentialAction\":[{\"@type\":\"SearchAction\",\"target\":{\"@type\":\"EntryPoint\",\"urlTemplate\":\"https:\/\/lainco.com\/en\/?s={search_term_string}\"},\"query-input\":{\"@type\":\"PropertyValueSpecification\",\"valueRequired\":true,\"valueName\":\"search_term_string\"}}],\"inLanguage\":\"en-US\"},{\"@type\":\"Organization\",\"@id\":\"https:\/\/lainco.com\/en\/#organization\",\"name\":\"Lainco\",\"alternateName\":\"Protecting Life since 1934\",\"url\":\"https:\/\/lainco.com\/en\/\",\"logo\":{\"@type\":\"ImageObject\",\"inLanguage\":\"en-US\",\"@id\":\"https:\/\/lainco.com\/en\/#\/schema\/logo\/image\/\",\"url\":\"https:\/\/lainco.com\/wp-content\/uploads\/2024\/01\/23141-Logo-90-LAINCO-color-baseline_pages-to-jpg-0001-1.jpg\",\"contentUrl\":\"https:\/\/lainco.com\/wp-content\/uploads\/2024\/01\/23141-Logo-90-LAINCO-color-baseline_pages-to-jpg-0001-1.jpg\",\"width\":300,\"height\":90,\"caption\":\"Lainco\"},\"image\":{\"@id\":\"https:\/\/lainco.com\/en\/#\/schema\/logo\/image\/\"}}]}<\/script>\n<!-- \/ Yoast SEO plugin. -->","yoast_head_json":{"title":"Sales Team - Lainco","description":"Investigaci\u00f3n, desarrollo, fabricaci\u00f3n, envasado y comercializaci\u00f3n de productos fitosanitarios y farmac\u00e9uticos","robots":{"index":"index","follow":"follow","max-snippet":"max-snippet:-1","max-image-preview":"max-image-preview:large","max-video-preview":"max-video-preview:-1"},"canonical":"https:\/\/lainco.com\/en\/commercial-network\/","og_locale":"en_US","og_type":"article","og_title":"Sales Team - Lainco","og_description":"Investigaci\u00f3n, desarrollo, fabricaci\u00f3n, envasado y comercializaci\u00f3n de productos fitosanitarios y farmac\u00e9uticos","og_url":"https:\/\/lainco.com\/en\/commercial-network\/","og_site_name":"Lainco","article_modified_time":"2026-01-29T14:36:07+00:00","og_image":[{"url":"https:\/\/lainco.com\/wp-content\/uploads\/2024\/01\/2.png","type":"","width":"","height":""}],"twitter_card":"summary_large_image","twitter_misc":{"Est. reading time":"4 minutes"},"schema":{"@context":"https:\/\/schema.org","@graph":[{"@type":"WebPage","@id":"https:\/\/lainco.com\/en\/commercial-network\/","url":"https:\/\/lainco.com\/en\/commercial-network\/","name":"Sales Team - Lainco","isPartOf":{"@id":"https:\/\/lainco.com\/en\/#website"},"primaryImageOfPage":{"@id":"https:\/\/lainco.com\/en\/commercial-network\/#primaryimage"},"image":{"@id":"https:\/\/lainco.com\/en\/commercial-network\/#primaryimage"},"thumbnailUrl":"https:\/\/lainco.com\/wp-content\/uploads\/2024\/01\/2.png","datePublished":"2023-06-26T09:13:13+00:00","dateModified":"2026-01-29T14:36:07+00:00","description":"Investigaci\u00f3n, desarrollo, fabricaci\u00f3n, envasado y comercializaci\u00f3n de productos fitosanitarios y farmac\u00e9uticos","breadcrumb":{"@id":"https:\/\/lainco.com\/en\/commercial-network\/#breadcrumb"},"inLanguage":"en-US","potentialAction":[{"@type":"ReadAction","target":["https:\/\/lainco.com\/en\/commercial-network\/"]}]},{"@type":"ImageObject","inLanguage":"en-US","@id":"https:\/\/lainco.com\/en\/commercial-network\/#primaryimage","url":"https:\/\/lainco.com\/wp-content\/uploads\/2024\/01\/2.png","contentUrl":"https:\/\/lainco.com\/wp-content\/uploads\/2024\/01\/2.png"},{"@type":"BreadcrumbList","@id":"https:\/\/lainco.com\/en\/commercial-network\/#breadcrumb","itemListElement":[{"@type":"ListItem","position":1,"name":"Home","item":"https:\/\/lainco.com\/en\/"},{"@type":"ListItem","position":2,"name":"Sales Team"}]},{"@type":"WebSite","@id":"https:\/\/lainco.com\/en\/#website","url":"https:\/\/lainco.com\/en\/","name":"Lainco","description":"Investigaci\u00f3n, desarrollo, fabricaci\u00f3n, envasado y comercializaci\u00f3n de productos fitosanitarios y farmac\u00e9uticos","publisher":{"@id":"https:\/\/lainco.com\/en\/#organization"},"potentialAction":[{"@type":"SearchAction","target":{"@type":"EntryPoint","urlTemplate":"https:\/\/lainco.com\/en\/?s={search_term_string}"},"query-input":{"@type":"PropertyValueSpecification","valueRequired":true,"valueName":"search_term_string"}}],"inLanguage":"en-US"},{"@type":"Organization","@id":"https:\/\/lainco.com\/en\/#organization","name":"Lainco","alternateName":"Protecting Life since 1934","url":"https:\/\/lainco.com\/en\/","logo":{"@type":"ImageObject","inLanguage":"en-US","@id":"https:\/\/lainco.com\/en\/#\/schema\/logo\/image\/","url":"https:\/\/lainco.com\/wp-content\/uploads\/2024\/01\/23141-Logo-90-LAINCO-color-baseline_pages-to-jpg-0001-1.jpg","contentUrl":"https:\/\/lainco.com\/wp-content\/uploads\/2024\/01\/23141-Logo-90-LAINCO-color-baseline_pages-to-jpg-0001-1.jpg","width":300,"height":90,"caption":"Lainco"},"image":{"@id":"https:\/\/lainco.com\/en\/#\/schema\/logo\/image\/"}}]}},"_links":{"self":[{"href":"https:\/\/lainco.com\/en\/wp-json\/wp\/v2\/pages\/6912","targetHints":{"allow":["GET"]}}],"collection":[{"href":"https:\/\/lainco.com\/en\/wp-json\/wp\/v2\/pages"}],"about":[{"href":"https:\/\/lainco.com\/en\/wp-json\/wp\/v2\/types\/page"}],"author":[{"embeddable":true,"href":"https:\/\/lainco.com\/en\/wp-json\/wp\/v2\/users\/300"}],"replies":[{"embeddable":true,"href":"https:\/\/lainco.com\/en\/wp-json\/wp\/v2\/comments?post=6912"}],"version-history":[{"count":19,"href":"https:\/\/lainco.com\/en\/wp-json\/wp\/v2\/pages\/6912\/revisions"}],"predecessor-version":[{"id":15074,"href":"https:\/\/lainco.com\/en\/wp-json\/wp\/v2\/pages\/6912\/revisions\/15074"}],"wp:attachment":[{"href":"https:\/\/lainco.com\/en\/wp-json\/wp\/v2\/media?parent=6912"}],"curies":[{"name":"wp","href":"https:\/\/api.w.org\/{rel}","templated":true}]}}