{"id":3105,"date":"2022-11-15T12:38:40","date_gmt":"2022-11-15T11:38:40","guid":{"rendered":"https:\/\/lainco.com\/politica-de-privacidad\/"},"modified":"2022-12-16T14:21:51","modified_gmt":"2022-12-16T13:21:51","slug":"politica-de-privacidad","status":"publish","type":"page","link":"https:\/\/lainco.com\/en\/politica-de-privacidad\/","title":{"rendered":"Privacy policy"},"content":{"rendered":"\n<div class=\"wp-block-group section\"><div class=\"wp-block-group__inner-container is-layout-constrained wp-block-group-is-layout-constrained\">\n<p class=\"wp-block-paragraph\">In compliance with the provisions of the General Data Protection Regulation (GDPR) (EU) 2016\/679 and other applicable regulations (Organic Law on Data Protection), below we inform you about the LAINCO, S.A. Privacy Policy in regards to the processing of personal data.<\/p>\n<\/div><\/div>\n\n<div class=\"wp-block-group section\"><div class=\"wp-block-group__inner-container is-layout-constrained wp-block-group-is-layout-constrained\">\n<h3 class=\"wp-block-heading\">1. Data controller:<\/h3>\n\n\n\n<p class=\"wp-block-paragraph\">The data controller responsible for processing your personal data is <strong>LAINCO, S.A<\/strong>. (A-08290348) with address at Avenida Bizet 8-12, Pol\u00edgono Industrial Can Jard\u00ed; 08191 Rub\u00ed (Barcelona)<\/p>\n\n\n\n<p class=\"wp-block-paragraph\">Registered in the Barcelona Business Registry under Volume 21,835, Folio 215, Page B-28,267, 45th entry<\/p>\n\n\n\n<p class=\"wp-block-paragraph\">Contact email: <a href=\"mailto:rgpd@lainco.es\">rgpd@lainco.es<\/a><\/p>\n<\/div><\/div>\n\n<div class=\"wp-block-group section\"><div class=\"wp-block-group__inner-container is-layout-constrained wp-block-group-is-layout-constrained\">\n<h3 class=\"wp-block-heading\">2. Collecting your personal data<\/h3>\n\n\n\n<p class=\"wp-block-paragraph\">Personal data are those that you provide us through data collection forms and those that can be sent to us when you use our contact section.<\/p>\n\n\n\n<p class=\"wp-block-paragraph\">It also refers to data obtained through business or contractual relationships, whether current or maintained in the past.<\/p>\n<\/div><\/div>\n\n<div class=\"wp-block-group section\"><div class=\"wp-block-group__inner-container is-layout-constrained wp-block-group-is-layout-constrained\">\n<h3 class=\"wp-block-heading\">3. Purpose of the treatment<\/h3>\n\n\n\n<p class=\"wp-block-paragraph\">The purpose of processing your data is to maintain a commercial, contractual or collaborative relationship with you.<\/p>\n<\/div><\/div>\n\n<div class=\"wp-block-group section\"><div class=\"wp-block-group__inner-container is-layout-constrained wp-block-group-is-layout-constrained\">\n<h3 class=\"wp-block-heading\">4. Processing of personal data<\/h3>\n\n\n\n<p class=\"wp-block-paragraph\">LAINCO S.A. undertakes not to sell, disseminate or transfer in any other way users&#8217; personal data to third parties, except in the cases indicated in this Privacy Policy.<\/p>\n\n\n\n<p class=\"wp-block-paragraph\">According to Article 6.1 a of the GDPR, the consent of the interested party serves as the legal basis for processing data; which is why we cannot serve you correctly or offer you our commercial information or services without your personal data.<\/p>\n\n\n\n<p class=\"wp-block-paragraph\">Your data may be transferred to third parties in the cases indicated below:<\/p>\n\n\n\n<ul class=\"wp-block-list\">\n<li>They may be consulted by regulatory bodies, the police, and national or international courts, and may be transferred to them when we have the obligation to do so in compliance with current legislation or when requested.<\/li>\n\n\n\n<li>Providers who need access to your data to provide the services that have been contracted with LAINCO, S.A., and with those that have previously signed confidentiality and personal data processing agreements according to current regulations.<\/li>\n<\/ul>\n<\/div><\/div>\n\n<div class=\"wp-block-group section\"><div class=\"wp-block-group__inner-container is-layout-constrained wp-block-group-is-layout-constrained\">\n<h3 class=\"wp-block-heading\">5. Third-party personal data<\/h3>\n\n\n\n<p class=\"wp-block-paragraph\">In the event that you provide the personal data of third parties to LAINCO, S.A., it is your exclusive responsibility to have the prior and express consent of the third party to use and communicate their data. It is your responsibility to inform the third party of the inclusion of your data in the files owned by LAINCO, S.A.<\/p>\n<\/div><\/div>\n\n<div class=\"wp-block-group section\"><div class=\"wp-block-group__inner-container is-layout-constrained wp-block-group-is-layout-constrained\">\n<h3 class=\"wp-block-heading\">6. Updating your data<\/h3>\n\n\n\n<p class=\"wp-block-paragraph\">Your data is provided on a voluntary basis and you are responsible for ensuring that data is true, accurate and up-to-date. Likewise, in order to keep your personal information updated, you are required to inform us of any changes; should you not inform us of these changes, we cannot be held liable for the veracity of your data.<\/p>\n<\/div><\/div>\n\n<div class=\"wp-block-group section\"><div class=\"wp-block-group__inner-container is-layout-constrained wp-block-group-is-layout-constrained\">\n<h3 class=\"wp-block-heading\">7. Data transfer<\/h3>\n\n\n\n<p class=\"wp-block-paragraph\">We inform you that LAINCO, S.A. does not need to make international data transfers.<\/p>\n<\/div><\/div>\n\n<div class=\"wp-block-group section\"><div class=\"wp-block-group__inner-container is-layout-constrained wp-block-group-is-layout-constrained\">\n<h3 class=\"wp-block-heading\">8. Data storage<\/h3>\n\n\n\n<p class=\"wp-block-paragraph\">We will only store your personal data for the time necessary to fulfill the purpose for which they were collected and to comply with regulatory or legal requirements. In this case, they will only be used to prove compliance with our legal or contractual obligations. Your data will be deleted once these periods of limitation have ended.<\/p>\n<\/div><\/div>\n\n<div class=\"wp-block-group section\"><div class=\"wp-block-group__inner-container is-layout-constrained wp-block-group-is-layout-constrained\">\n<h3 class=\"wp-block-heading\">9. Rights regarding your personal data<\/h3>\n\n\n\n<p class=\"wp-block-paragraph\">Users can withdraw their consent at any time (Spanish Law 34\/2002 of July 11 on Information Society Services and Electronic Commerce (LSSICE)). We inform you that you can exercise the following rights:<\/p>\n\n\n\n<ul class=\"wp-block-list\">\n<li>Right to ACCESS or RECTIFICATION: to be able to consult and\/or request the modification of your data.<\/li>\n\n\n\n<li>Right to RESTRICTION: to request the deletion of your personal data.<\/li>\n\n\n\n<li>Right to LIMIT PROCESSING: your personal data may only be processed for the exercise or defense of claims.<\/li>\n\n\n\n<li>Right to OPPOSITION TO PROCESSING: in this case, your data will no longer be processed by LAINCO, S.A, unless for compelling legitimate reasons or the exercise or defense of possible claims require the processing of your personal data.<\/li>\n\n\n\n<li>Right to PORTABILITY: you can request the transfer of your personal data to a third party that you have authorized.<\/li>\n<\/ul>\n\n\n\n<p class=\"wp-block-paragraph\">All rights set forth herein may be exercised by sending written request to LAINCO, S.A., at the business address listed in the first section of this Personal Data Privacy Policy or by sending an email to <a href=\"mailto:rgpd@lainco.es\">rgpd@lainco.es<\/a>.<\/p>\n<\/div><\/div>\n","protected":false},"excerpt":{"rendered":"<p>In compliance with the provisions of the General Data Protection Regulation (GDPR) (EU) 2016\/679 and other applicable regulations (Organic Law on Data Protection), below we inform you about the LAINCO, S.A. Privacy Policy in regards to the processing of personal data. 1. Data controller: The data controller responsible for processing your personal data is LAINCO, S.A. (A-08290348) with address at Avenida Bizet 8-12, Pol\u00edgono Industrial Can Jard\u00ed; 08191 Rub\u00ed (Barcelona) Registered in the Barcelona Business Registry under Volume 21,835, Folio 215, Page B-28,267, 45th entry Contact email: rgpd@lainco.es 2. Collecting your personal data Personal data are those that you provide us [&#8230;]<\/p>\n<p><a class=\"btn btn-outline-secondary btn-sm understrap-read-more-link\" href=\"https:\/\/lainco.com\/en\/politica-de-privacidad\/\">Read More&#8230;<span class=\"screen-reader-text\"> from Privacy policy<\/span><\/a><\/p>\n","protected":false},"author":1,"featured_media":0,"parent":0,"menu_order":0,"comment_status":"closed","ping_status":"closed","template":"page-templates\/textpage.php","meta":{"_acf_changed":false,"_crdt_document":"","footnotes":""},"class_list":["post-3105","page","type-page","status-publish","hentry"],"acf":[],"yoast_head":"<!-- This site is optimized with the Yoast SEO plugin v26.9 - https:\/\/yoast.com\/product\/yoast-seo-wordpress\/ -->\n<title>Privacy policy - Lainco<\/title>\n<meta name=\"description\" content=\"Investigaci\u00f3n, desarrollo, fabricaci\u00f3n, envasado y comercializaci\u00f3n de productos fitosanitarios y farmac\u00e9uticos\" \/>\n<meta name=\"robots\" content=\"index, follow, max-snippet:-1, max-image-preview:large, max-video-preview:-1\" \/>\n<link rel=\"canonical\" href=\"https:\/\/lainco.com\/en\/politica-de-privacidad\/\" \/>\n<meta property=\"og:locale\" content=\"en_US\" \/>\n<meta property=\"og:type\" content=\"article\" \/>\n<meta property=\"og:title\" content=\"Privacy policy - Lainco\" \/>\n<meta property=\"og:description\" content=\"Investigaci\u00f3n, desarrollo, fabricaci\u00f3n, envasado y comercializaci\u00f3n de productos fitosanitarios y farmac\u00e9uticos\" \/>\n<meta property=\"og:url\" content=\"https:\/\/lainco.com\/en\/politica-de-privacidad\/\" \/>\n<meta property=\"og:site_name\" content=\"Lainco\" \/>\n<meta property=\"article:modified_time\" content=\"2022-12-16T13:21:51+00:00\" \/>\n<meta name=\"twitter:card\" content=\"summary_large_image\" \/>\n<meta name=\"twitter:label1\" content=\"Est. reading time\" \/>\n\t<meta name=\"twitter:data1\" content=\"3 minutes\" \/>\n<script type=\"application\/ld+json\" class=\"yoast-schema-graph\">{\"@context\":\"https:\/\/schema.org\",\"@graph\":[{\"@type\":\"WebPage\",\"@id\":\"https:\/\/lainco.com\/en\/politica-de-privacidad\/\",\"url\":\"https:\/\/lainco.com\/en\/politica-de-privacidad\/\",\"name\":\"Privacy policy - Lainco\",\"isPartOf\":{\"@id\":\"https:\/\/lainco.com\/en\/#website\"},\"datePublished\":\"2022-11-15T11:38:40+00:00\",\"dateModified\":\"2022-12-16T13:21:51+00:00\",\"description\":\"Investigaci\u00f3n, desarrollo, fabricaci\u00f3n, envasado y comercializaci\u00f3n de productos fitosanitarios y farmac\u00e9uticos\",\"breadcrumb\":{\"@id\":\"https:\/\/lainco.com\/en\/politica-de-privacidad\/#breadcrumb\"},\"inLanguage\":\"en-US\",\"potentialAction\":[{\"@type\":\"ReadAction\",\"target\":[\"https:\/\/lainco.com\/en\/politica-de-privacidad\/\"]}]},{\"@type\":\"BreadcrumbList\",\"@id\":\"https:\/\/lainco.com\/en\/politica-de-privacidad\/#breadcrumb\",\"itemListElement\":[{\"@type\":\"ListItem\",\"position\":1,\"name\":\"Home\",\"item\":\"https:\/\/lainco.com\/en\/\"},{\"@type\":\"ListItem\",\"position\":2,\"name\":\"Privacy policy\"}]},{\"@type\":\"WebSite\",\"@id\":\"https:\/\/lainco.com\/en\/#website\",\"url\":\"https:\/\/lainco.com\/en\/\",\"name\":\"Lainco\",\"description\":\"Investigaci\u00f3n, desarrollo, fabricaci\u00f3n, envasado y comercializaci\u00f3n de productos fitosanitarios y farmac\u00e9uticos\",\"publisher\":{\"@id\":\"https:\/\/lainco.com\/en\/#organization\"},\"potentialAction\":[{\"@type\":\"SearchAction\",\"target\":{\"@type\":\"EntryPoint\",\"urlTemplate\":\"https:\/\/lainco.com\/en\/?s={search_term_string}\"},\"query-input\":{\"@type\":\"PropertyValueSpecification\",\"valueRequired\":true,\"valueName\":\"search_term_string\"}}],\"inLanguage\":\"en-US\"},{\"@type\":\"Organization\",\"@id\":\"https:\/\/lainco.com\/en\/#organization\",\"name\":\"Lainco\",\"alternateName\":\"Protecting Life since 1934\",\"url\":\"https:\/\/lainco.com\/en\/\",\"logo\":{\"@type\":\"ImageObject\",\"inLanguage\":\"en-US\",\"@id\":\"https:\/\/lainco.com\/en\/#\/schema\/logo\/image\/\",\"url\":\"https:\/\/lainco.com\/wp-content\/uploads\/2024\/01\/23141-Logo-90-LAINCO-color-baseline_pages-to-jpg-0001-1.jpg\",\"contentUrl\":\"https:\/\/lainco.com\/wp-content\/uploads\/2024\/01\/23141-Logo-90-LAINCO-color-baseline_pages-to-jpg-0001-1.jpg\",\"width\":300,\"height\":90,\"caption\":\"Lainco\"},\"image\":{\"@id\":\"https:\/\/lainco.com\/en\/#\/schema\/logo\/image\/\"}}]}<\/script>\n<!-- \/ Yoast SEO plugin. -->","yoast_head_json":{"title":"Privacy policy - Lainco","description":"Investigaci\u00f3n, desarrollo, fabricaci\u00f3n, envasado y comercializaci\u00f3n de productos fitosanitarios y farmac\u00e9uticos","robots":{"index":"index","follow":"follow","max-snippet":"max-snippet:-1","max-image-preview":"max-image-preview:large","max-video-preview":"max-video-preview:-1"},"canonical":"https:\/\/lainco.com\/en\/politica-de-privacidad\/","og_locale":"en_US","og_type":"article","og_title":"Privacy policy - Lainco","og_description":"Investigaci\u00f3n, desarrollo, fabricaci\u00f3n, envasado y comercializaci\u00f3n de productos fitosanitarios y farmac\u00e9uticos","og_url":"https:\/\/lainco.com\/en\/politica-de-privacidad\/","og_site_name":"Lainco","article_modified_time":"2022-12-16T13:21:51+00:00","twitter_card":"summary_large_image","twitter_misc":{"Est. reading time":"3 minutes"},"schema":{"@context":"https:\/\/schema.org","@graph":[{"@type":"WebPage","@id":"https:\/\/lainco.com\/en\/politica-de-privacidad\/","url":"https:\/\/lainco.com\/en\/politica-de-privacidad\/","name":"Privacy policy - Lainco","isPartOf":{"@id":"https:\/\/lainco.com\/en\/#website"},"datePublished":"2022-11-15T11:38:40+00:00","dateModified":"2022-12-16T13:21:51+00:00","description":"Investigaci\u00f3n, desarrollo, fabricaci\u00f3n, envasado y comercializaci\u00f3n de productos fitosanitarios y farmac\u00e9uticos","breadcrumb":{"@id":"https:\/\/lainco.com\/en\/politica-de-privacidad\/#breadcrumb"},"inLanguage":"en-US","potentialAction":[{"@type":"ReadAction","target":["https:\/\/lainco.com\/en\/politica-de-privacidad\/"]}]},{"@type":"BreadcrumbList","@id":"https:\/\/lainco.com\/en\/politica-de-privacidad\/#breadcrumb","itemListElement":[{"@type":"ListItem","position":1,"name":"Home","item":"https:\/\/lainco.com\/en\/"},{"@type":"ListItem","position":2,"name":"Privacy policy"}]},{"@type":"WebSite","@id":"https:\/\/lainco.com\/en\/#website","url":"https:\/\/lainco.com\/en\/","name":"Lainco","description":"Investigaci\u00f3n, desarrollo, fabricaci\u00f3n, envasado y comercializaci\u00f3n de productos fitosanitarios y farmac\u00e9uticos","publisher":{"@id":"https:\/\/lainco.com\/en\/#organization"},"potentialAction":[{"@type":"SearchAction","target":{"@type":"EntryPoint","urlTemplate":"https:\/\/lainco.com\/en\/?s={search_term_string}"},"query-input":{"@type":"PropertyValueSpecification","valueRequired":true,"valueName":"search_term_string"}}],"inLanguage":"en-US"},{"@type":"Organization","@id":"https:\/\/lainco.com\/en\/#organization","name":"Lainco","alternateName":"Protecting Life since 1934","url":"https:\/\/lainco.com\/en\/","logo":{"@type":"ImageObject","inLanguage":"en-US","@id":"https:\/\/lainco.com\/en\/#\/schema\/logo\/image\/","url":"https:\/\/lainco.com\/wp-content\/uploads\/2024\/01\/23141-Logo-90-LAINCO-color-baseline_pages-to-jpg-0001-1.jpg","contentUrl":"https:\/\/lainco.com\/wp-content\/uploads\/2024\/01\/23141-Logo-90-LAINCO-color-baseline_pages-to-jpg-0001-1.jpg","width":300,"height":90,"caption":"Lainco"},"image":{"@id":"https:\/\/lainco.com\/en\/#\/schema\/logo\/image\/"}}]}},"_links":{"self":[{"href":"https:\/\/lainco.com\/en\/wp-json\/wp\/v2\/pages\/3105","targetHints":{"allow":["GET"]}}],"collection":[{"href":"https:\/\/lainco.com\/en\/wp-json\/wp\/v2\/pages"}],"about":[{"href":"https:\/\/lainco.com\/en\/wp-json\/wp\/v2\/types\/page"}],"author":[{"embeddable":true,"href":"https:\/\/lainco.com\/en\/wp-json\/wp\/v2\/users\/1"}],"replies":[{"embeddable":true,"href":"https:\/\/lainco.com\/en\/wp-json\/wp\/v2\/comments?post=3105"}],"version-history":[{"count":3,"href":"https:\/\/lainco.com\/en\/wp-json\/wp\/v2\/pages\/3105\/revisions"}],"predecessor-version":[{"id":3779,"href":"https:\/\/lainco.com\/en\/wp-json\/wp\/v2\/pages\/3105\/revisions\/3779"}],"wp:attachment":[{"href":"https:\/\/lainco.com\/en\/wp-json\/wp\/v2\/media?parent=3105"}],"curies":[{"name":"wp","href":"https:\/\/api.w.org\/{rel}","templated":true}]}}