{"id":3101,"date":"2022-11-16T14:24:06","date_gmt":"2022-11-16T13:24:06","guid":{"rendered":"https:\/\/lainco.com\/agro\/"},"modified":"2026-03-25T08:21:40","modified_gmt":"2026-03-25T07:21:40","slug":"agro","status":"publish","type":"page","link":"https:\/\/lainco.com\/en\/agro\/","title":{"rendered":"Agro"},"content":{"rendered":"<div class=\"wp-bootstrap-blocks-row row section gx-xl-6 gy-4\">\n\t\n\n<div class=\"col-12 col-lg-6\">\n\t\t\t\n\n<h1 class=\"wp-block-heading\">We care for the life of crops<\/h1>\n\n\n\n<hr class=\"wp-block-separator has-alpha-channel-opacity is-style-wide my-5\"\/>\n\n\n\n<p class=\"wp-block-paragraph\">We work together with farmers in over 40 countries to develop solutions that protect the soil and ensure food production.<\/p>\n\n\n\n<p class=\"wp-block-paragraph\">Aware of the rapid and profound changes in agriculture, we are committed to Integrated Production to achieve sustainable and competitive agriculture.<\/p>\n\n\t<\/div>\n\n\n\n<div class=\"col-12 col-lg-6\">\n\t\t\t\n\n<figure class=\"wp-block-image size-large\"><img loading=\"lazy\" decoding=\"async\" width=\"1024\" height=\"740\" src=\"https:\/\/lainco.com\/wp-content\/uploads\/2022\/12\/agro-presentacion-1024x740.png\" alt=\"\" class=\"wp-image-3313\" srcset=\"https:\/\/lainco.com\/wp-content\/uploads\/2022\/12\/agro-presentacion-1024x740.png 1024w, https:\/\/lainco.com\/wp-content\/uploads\/2022\/12\/agro-presentacion-300x217.png 300w, https:\/\/lainco.com\/wp-content\/uploads\/2022\/12\/agro-presentacion-768x555.png 768w, https:\/\/lainco.com\/wp-content\/uploads\/2022\/12\/agro-presentacion.png 1323w\" sizes=\"auto, (max-width: 1024px) 100vw, 1024px\" \/><\/figure>\n\n\t<\/div>\n\n<\/div>\n\n\n\n<div class=\"wp-block-group section-xl\"><div class=\"wp-block-group__inner-container is-layout-constrained wp-block-group-is-layout-constrained\">\n<p class=\"text-argo ico-lainco ico-argo wp-block-paragraph\">Products<\/p>\n\n\n\n<h2 class=\"wp-block-heading\">Discover our catalogue of solutions<\/h2>\n\n\n\n<hr class=\"wp-block-separator has-alpha-channel-opacity is-style-wide my-4\"\/>\n\n\n\n<p class=\"wp-block-paragraph\">All our products comply with the demanding Spanish and European regulations to ensure their efficacy and safety.<\/p>\n\n\n\n<div class=\"wp-block-buttons is-layout-flex wp-block-buttons-is-layout-flex\">\n<div class=\"wp-block-button btn-agro\"><a class=\"wp-block-button__link wp-element-button\" href=\"https:\/\/drive.google.com\/file\/d\/1WYP_eFJNLJnFZTXcKOJYs5nb--Pm3AaX\/view?usp=sharing\" target=\"_blank\" rel=\"noreferrer noopener\">Catalog<\/a><\/div>\n\n\n\n<div class=\"wp-block-button btn-agro\"><a class=\"wp-block-button__link wp-element-button\" href=\"https:\/\/drive.google.com\/file\/d\/1tj4FLswcibYQlpCXvhGj4fYeKMSsq9S9\/view?usp=drive_link\" target=\"_blank\" rel=\"noreferrer noopener\">BIO Catalog<\/a><\/div>\n\n\n\n<div class=\"wp-block-button btn-agro\"><a class=\"wp-block-button__link wp-element-button\" href=\"https:\/\/drive.google.com\/file\/d\/1iUD7_tPu039XJgcdx43A_xSuaAHtKJG5\/view?usp=sharing\" target=\"_blank\" rel=\"noreferrer noopener\">Organic Farming ECOCERT<\/a><\/div>\n<\/div>\n\n\n\n<div class=\"category-list my-4 my-xl-5\">\n    <ul class=\"link-list\">\n        <li>\n            <a href=\"https:\/\/lainco.com\/en\/agro\/products\/\" class=\"fw-medium\">All products<\/a>\n        <\/li>\n                    <li  data-id=\"68\">\n                <a href=\"https:\/\/lainco.com\/en\/agro\/families\/biocontrol\/\">Biocontrol<\/a>\n            <\/li>\n                    <li  data-id=\"2032\">\n                <a href=\"https:\/\/lainco.com\/en\/agro\/families\/bioestimulante-en\/\">bioestimulante<\/a>\n            <\/li>\n                    <li  data-id=\"62\">\n                <a href=\"https:\/\/lainco.com\/en\/agro\/families\/biofertilizers\/\">Biofertilizers<\/a>\n            <\/li>\n                    <li  data-id=\"61\">\n                <a href=\"https:\/\/lainco.com\/en\/agro\/families\/biostimulants\/\">Biostimulants<\/a>\n            <\/li>\n                    <li  data-id=\"60\">\n                <a href=\"https:\/\/lainco.com\/en\/agro\/families\/fertilizers-and-correctors\/\">Fertilizers and correctors<\/a>\n            <\/li>\n                    <li  data-id=\"65\">\n                <a href=\"https:\/\/lainco.com\/en\/agro\/families\/fungicides\/\">Fungicides<\/a>\n            <\/li>\n                    <li  data-id=\"66\">\n                <a href=\"https:\/\/lainco.com\/en\/agro\/families\/herbicides\/\">Herbicides<\/a>\n            <\/li>\n                    <li  data-id=\"67\">\n                <a href=\"https:\/\/lainco.com\/en\/agro\/families\/insecticides\/\">Insecticides<\/a>\n            <\/li>\n                    <li  data-id=\"69\">\n                <a href=\"https:\/\/lainco.com\/en\/agro\/families\/miscellaneous\/\">Miscellaneous<\/a>\n            <\/li>\n                    <li  data-id=\"1955\">\n                <a href=\"https:\/\/lainco.com\/en\/agro\/families\/organic-farming\/\">Organic Farming<\/a>\n            <\/li>\n                    <li  data-id=\"1011\">\n                <a href=\"https:\/\/lainco.com\/en\/agro\/families\/pheromones\/\">Pheromones<\/a>\n            <\/li>\n                    <li  data-id=\"64\">\n                <a href=\"https:\/\/lainco.com\/en\/agro\/families\/phytoregulators\/\">Phytoregulators<\/a>\n            <\/li>\n                    <li style=\"border-bottom:none;\" data-id=\"63\">\n                <a href=\"https:\/\/lainco.com\/en\/agro\/families\/soil-disinfectants\/\">Soil disinfectants<\/a>\n            <\/li>\n                <li style=\"border-bottom:none;\">\n            <form action=\"https:\/\/lainco.com\/en\/agro\/products\/\" method=\"GET\">\n                <div class=\"input-group\">\n                    <span class=\"input-group-text input-group-left\"><i class=\"bi bi-search\"><\/i><\/span>\n                    <input type=\"text\" class=\"form-control\" name=\"termino\" placeholder=\"Search by name, active ingredient\">\n                    <button class=\"btn btn-agro\" type=\"submit\">Search<\/button>\n                <\/div>\n            <\/form>\n        <\/li>\n    <\/ul>\n<\/div>\n<\/div><\/div>\n\n\n\n<div class=\"wp-block-group section-xl\"><div class=\"wp-block-group__inner-container is-layout-constrained wp-block-group-is-layout-constrained\">\n<p class=\"text-argo ico-lainco ico-argo wp-block-paragraph\">Blog<\/p>\n\n\n\n<h2 class=\"wp-block-heading\">Relevant information<\/h2>\n\n\n\n<hr class=\"wp-block-separator has-alpha-channel-opacity is-style-wide my-4\"\/>\n\n\n\n<div class=\"wp-block-query list-posts list-posts-general mb-4 is-layout-flow wp-block-query-is-layout-flow\"><ul class=\"columns-3 wp-block-post-template is-layout-grid wp-container-core-post-template-is-layout-0fed8f92 wp-block-post-template-is-layout-grid\"><li class=\"wp-block-post post-15347 post type-post status-publish format-standard has-post-thumbnail hentry category-agro-en category-sin-categorizar tag-crop tag-ecosystem tag-lainco-en tag-soil\">\n\n<div class=\"wp-block-group\" style=\"padding-top:30px;padding-right:30px;padding-bottom:30px;padding-left:30px\"><div class=\"wp-block-group__inner-container is-layout-flow wp-block-group-is-layout-flow\"><figure class=\"wp-block-post-featured-image\"><a href=\"https:\/\/lainco.com\/en\/healthy-soils-for-more-productive-and-sustainable-agriculture\/\" target=\"_self\"  ><img loading=\"lazy\" decoding=\"async\" width=\"2560\" height=\"1708\" src=\"https:\/\/lainco.com\/wp-content\/uploads\/2026\/03\/iStock-1329560912-2-scaled.jpg\" class=\"attachment-post-thumbnail size-post-thumbnail wp-post-image\" alt=\"Healthy soils for more productive and sustainable agriculture\" style=\"object-fit:cover;\" srcset=\"https:\/\/lainco.com\/wp-content\/uploads\/2026\/03\/iStock-1329560912-2-scaled.jpg 2560w, https:\/\/lainco.com\/wp-content\/uploads\/2026\/03\/iStock-1329560912-2-300x200.jpg 300w, https:\/\/lainco.com\/wp-content\/uploads\/2026\/03\/iStock-1329560912-2-1024x683.jpg 1024w, https:\/\/lainco.com\/wp-content\/uploads\/2026\/03\/iStock-1329560912-2-768x512.jpg 768w, https:\/\/lainco.com\/wp-content\/uploads\/2026\/03\/iStock-1329560912-2-1536x1025.jpg 1536w, https:\/\/lainco.com\/wp-content\/uploads\/2026\/03\/iStock-1329560912-2-2048x1366.jpg 2048w\" sizes=\"auto, (max-width: 2560px) 100vw, 2560px\" \/><\/a><\/figure>\n\n\n<p class=\"badge bg-agro wp-block-paragraph\">agro<\/p>\n\n\n<h5 class=\"title wp-block-post-title\"><a href=\"https:\/\/lainco.com\/en\/healthy-soils-for-more-productive-and-sustainable-agriculture\/\" target=\"_self\" >Healthy soils for more productive and sustainable agriculture<\/a><\/h5>\n\n<div class=\"date fst-italic wp-block-post-date\"><time datetime=\"2026-03-19T08:36:54+01:00\">19\/03\/2026<\/time><\/div><\/div><\/div>\n\n<\/li><li class=\"wp-block-post post-15144 post type-post status-publish format-standard has-post-thumbnail hentry category-agro-en category-lainco-en\">\n\n<div class=\"wp-block-group\" style=\"padding-top:30px;padding-right:30px;padding-bottom:30px;padding-left:30px\"><div class=\"wp-block-group__inner-container is-layout-flow wp-block-group-is-layout-flow\"><figure class=\"wp-block-post-featured-image\"><a href=\"https:\/\/lainco.com\/en\/avocado-growth-in-spain-under-pressure-from-new-pests-and-diseases\/\" target=\"_self\"  ><img loading=\"lazy\" decoding=\"async\" width=\"1920\" height=\"1080\" src=\"https:\/\/lainco.com\/wp-content\/uploads\/2026\/02\/Diseno-sin-titulo.png\" class=\"attachment-post-thumbnail size-post-thumbnail wp-post-image\" alt=\"Avocado growth in Spain under pressure from new pests and diseases\" style=\"object-fit:cover;\" srcset=\"https:\/\/lainco.com\/wp-content\/uploads\/2026\/02\/Diseno-sin-titulo.png 1920w, https:\/\/lainco.com\/wp-content\/uploads\/2026\/02\/Diseno-sin-titulo-300x169.png 300w, https:\/\/lainco.com\/wp-content\/uploads\/2026\/02\/Diseno-sin-titulo-1024x576.png 1024w, https:\/\/lainco.com\/wp-content\/uploads\/2026\/02\/Diseno-sin-titulo-768x432.png 768w, https:\/\/lainco.com\/wp-content\/uploads\/2026\/02\/Diseno-sin-titulo-1536x864.png 1536w\" sizes=\"auto, (max-width: 1920px) 100vw, 1920px\" \/><\/a><\/figure>\n\n\n<p class=\"badge bg-agro wp-block-paragraph\">agro<\/p>\n\n\n<h5 class=\"title wp-block-post-title\"><a href=\"https:\/\/lainco.com\/en\/avocado-growth-in-spain-under-pressure-from-new-pests-and-diseases\/\" target=\"_self\" >Avocado growth in Spain under pressure from new pests and diseases<\/a><\/h5>\n\n<div class=\"date fst-italic wp-block-post-date\"><time datetime=\"2026-03-09T09:23:13+01:00\">09\/03\/2026<\/time><\/div><\/div><\/div>\n\n<\/li><li class=\"wp-block-post post-14987 post type-post status-publish format-standard has-post-thumbnail hentry category-agro-en category-sin-categorizar\">\n\n<div class=\"wp-block-group\" style=\"padding-top:30px;padding-right:30px;padding-bottom:30px;padding-left:30px\"><div class=\"wp-block-group__inner-container is-layout-flow wp-block-group-is-layout-flow\"><figure class=\"wp-block-post-featured-image\"><a href=\"https:\/\/lainco.com\/en\/bacteriophages-against-xylella-fastidiosa-laincos-new-project-to-protect-crops\/\" target=\"_self\"  ><img loading=\"lazy\" decoding=\"async\" width=\"1920\" height=\"1080\" src=\"https:\/\/lainco.com\/wp-content\/uploads\/2026\/01\/Diseno-sin-titulo.jpg\" class=\"attachment-post-thumbnail size-post-thumbnail wp-post-image\" alt=\"Bacteriophages against Xylella fastidiosa: LAINCO\u2019s new project to protect crops.\" style=\"object-fit:cover;\" srcset=\"https:\/\/lainco.com\/wp-content\/uploads\/2026\/01\/Diseno-sin-titulo.jpg 1920w, https:\/\/lainco.com\/wp-content\/uploads\/2026\/01\/Diseno-sin-titulo-300x169.jpg 300w, https:\/\/lainco.com\/wp-content\/uploads\/2026\/01\/Diseno-sin-titulo-1024x576.jpg 1024w, https:\/\/lainco.com\/wp-content\/uploads\/2026\/01\/Diseno-sin-titulo-768x432.jpg 768w, https:\/\/lainco.com\/wp-content\/uploads\/2026\/01\/Diseno-sin-titulo-1536x864.jpg 1536w\" sizes=\"auto, (max-width: 1920px) 100vw, 1920px\" \/><\/a><\/figure>\n\n\n<p class=\"badge bg-agro wp-block-paragraph\">agro<\/p>\n\n\n<h5 class=\"title wp-block-post-title\"><a href=\"https:\/\/lainco.com\/en\/bacteriophages-against-xylella-fastidiosa-laincos-new-project-to-protect-crops\/\" target=\"_self\" >Bacteriophages against Xylella fastidiosa: LAINCO\u2019s new project to protect crops.<\/a><\/h5>\n\n<div class=\"date fst-italic wp-block-post-date\"><time datetime=\"2026-01-21T16:23:58+01:00\">21\/01\/2026<\/time><\/div><\/div><\/div>\n\n<\/li><\/ul><\/div>\n\n\n\n<div class=\"wp-block-buttons is-content-justification-center is-layout-flex wp-container-core-buttons-is-layout-fe48e5de wp-block-buttons-is-layout-flex\">\n<div class=\"wp-block-button btn-agro\"><a class=\"wp-block-button__link wp-element-button\" href=\"https:\/\/lainco.com\/en\/blog-agro\/\">See more<\/a><\/div>\n<\/div>\n<\/div><\/div>\n\n\n\n<div class=\"wp-block-group section-xl\"><div class=\"wp-block-group__inner-container is-layout-constrained wp-block-group-is-layout-constrained\">\n<p class=\"text-argo ico-lainco ico-argo wp-block-paragraph\">Directory<\/p>\n\n\n\n<h2 class=\"wp-block-heading\">Links of interest<\/h2>\n\n\n\n<hr class=\"wp-block-separator has-alpha-channel-opacity is-style-wide my-4\"\/>\n\n\n\n<p class=\"wp-block-paragraph\">Consult the official information of the different agricultural portals at national and international level.<\/p>\n\n\n\n<figure class=\"wp-block-image size-full my-4\"><img loading=\"lazy\" decoding=\"async\" width=\"5362\" height=\"1931\" src=\"https:\/\/lainco.com\/wp-content\/uploads\/2022\/12\/links-de-interes.png\" alt=\"\" class=\"wp-image-3727\" srcset=\"https:\/\/lainco.com\/wp-content\/uploads\/2022\/12\/links-de-interes.png 5362w, https:\/\/lainco.com\/wp-content\/uploads\/2022\/12\/links-de-interes-300x108.png 300w, https:\/\/lainco.com\/wp-content\/uploads\/2022\/12\/links-de-interes-1024x369.png 1024w, https:\/\/lainco.com\/wp-content\/uploads\/2022\/12\/links-de-interes-768x277.png 768w, https:\/\/lainco.com\/wp-content\/uploads\/2022\/12\/links-de-interes-1536x553.png 1536w, https:\/\/lainco.com\/wp-content\/uploads\/2022\/12\/links-de-interes-2048x738.png 2048w\" sizes=\"auto, (max-width: 5362px) 100vw, 5362px\" \/><\/figure>\n\n\n\n<ul class=\"wp-block-list link-list\">\n<li><a href=\"https:\/\/www.mapa.gob.es\/es\/agricultura\/temas\/sanidad-vegetal\/productos-fitosanitarios\/registro-productos\/\" target=\"_blank\" rel=\"noreferrer noopener\"><\/a><a href=\"https:\/\/www.mapa.gob.es\/es\/agricultura\/temas\/sanidad-vegetal\/productos-fitosanitarios\/registro-productos\/\" target=\"_blank\" rel=\"noreferrer noopener\">Ministerio de Agricultura. Registro de productos fitosanitarios<\/a><\/li>\n\n\n\n<li><a href=\"https:\/\/www.mapa.gob.es\/app\/consultafertilizante\/consultafertilizante.aspx\" target=\"_blank\" rel=\"noreferrer noopener\">Ministerio de Agricultura. Registro de productos fertilizantes<\/a><\/li>\n\n\n\n<li><a href=\"https:\/\/ephy.anses.fr\/\" target=\"_blank\" rel=\"noreferrer noopener\">Ministerio della salute. Italy.<\/a><\/li>\n\n\n\n<li><a href=\"https:\/\/ephy.anses.fr\/\" target=\"_blank\" rel=\"noreferrer noopener\">EPHY. Phytopharmaceutiques<\/a><\/li>\n\n\n\n<li><a href=\"http:\/\/eservice.onssa.gov.ma\/IndPesticide.aspx\" target=\"_blank\" rel=\"noreferrer noopener\">ONSSA. Index phytosanitaire<span style=\"background-color: var(--bs-body-bg); color: var(--bs-body-color); font-family: var(--bs-body-font-family); font-size: var(--bs-body-font-size); font-weight: var(--bs-body-font-weight); text-align: var(--bs-body-text-align);\">. Morrocco<\/span><\/a><\/li>\n\n\n\n<li><a href=\"https:\/\/1click.minagric.gr\/oneClickUI\/frmFytoPro.zul?lang=en\" target=\"_blank\" rel=\"noreferrer noopener\">MINAGRIC. Greece<\/a><\/li>\n\n\n\n<li><a href=\"https:\/\/ephy.anses.fr\/\" target=\"_blank\" rel=\"noreferrer noopener\">Sifito. Productos fitofarmac\u00eauticos<\/a><\/li>\n\n\n\n<li><a href=\"https:\/\/www.eppo.int\/ACTIVITIES\/plant_protection_products\/registered_products\" target=\"_blank\" rel=\"noreferrer noopener\">Other departments<\/a><\/li>\n\n\n\n<li><a href=\"https:\/\/ec.europa.eu\/food\/plant\/pesticides\/eu-pesticides-database\/start\/screen\/active-substances\" target=\"_blank\" rel=\"noreferrer noopener\">EU Pesticide Database<\/a><\/li>\n\n\n\n<li><a href=\"https:\/\/www.mapa.gob.es\/es\/estadistica\/temas\/estadisticas-agrarias\/agricultura\/esyrce\/\" target=\"_blank\" rel=\"noreferrer noopener\"><\/a><a href=\"https:\/\/www.mapa.gob.es\/es\/estadistica\/temas\/estadisticas-agrarias\/agricultura\/esyrce\/\" target=\"_blank\" rel=\"noreferrer noopener\"> Ministerio de Agricultura. ESYRCE<\/a><\/li>\n<\/ul>\n<\/div><\/div>\n","protected":false},"excerpt":{"rendered":"<p>Products Discover our catalogue of solutions All our products comply with the demanding Spanish and European regulations to ensure their efficacy and safety. Blog Relevant information Directory Links of interest Consult the official information of the different agricultural portals at national and international level. [&#8230;]<\/p>\n<p><a class=\"btn btn-outline-secondary btn-sm understrap-read-more-link\" href=\"https:\/\/lainco.com\/en\/agro\/\">Read More&#8230;<span class=\"screen-reader-text\"> from Agro<\/span><\/a><\/p>\n","protected":false},"author":1,"featured_media":0,"parent":0,"menu_order":0,"comment_status":"closed","ping_status":"closed","template":"","meta":{"_acf_changed":false,"_crdt_document":"","footnotes":""},"class_list":["post-3101","page","type-page","status-publish","hentry"],"acf":[],"yoast_head":"<!-- This site is optimized with the Yoast SEO plugin v26.9 - https:\/\/yoast.com\/product\/yoast-seo-wordpress\/ -->\n<title>Agro - Lainco<\/title>\n<meta name=\"description\" content=\"Investigaci\u00f3n, desarrollo, fabricaci\u00f3n, envasado y comercializaci\u00f3n de productos fitosanitarios y farmac\u00e9uticos\" \/>\n<meta name=\"robots\" content=\"index, follow, max-snippet:-1, max-image-preview:large, max-video-preview:-1\" \/>\n<link rel=\"canonical\" href=\"https:\/\/lainco.com\/en\/agro\/\" \/>\n<meta property=\"og:locale\" content=\"en_US\" \/>\n<meta property=\"og:type\" content=\"article\" \/>\n<meta property=\"og:title\" content=\"Agro - Lainco\" \/>\n<meta property=\"og:description\" content=\"Investigaci\u00f3n, desarrollo, fabricaci\u00f3n, envasado y comercializaci\u00f3n de productos fitosanitarios y farmac\u00e9uticos\" \/>\n<meta property=\"og:url\" content=\"https:\/\/lainco.com\/en\/agro\/\" \/>\n<meta property=\"og:site_name\" content=\"Lainco\" \/>\n<meta property=\"article:modified_time\" content=\"2026-03-25T07:21:40+00:00\" \/>\n<meta property=\"og:image\" content=\"https:\/\/lainco.com\/wp-content\/uploads\/2022\/12\/agro-presentacion.png\" \/>\n\t<meta property=\"og:image:width\" content=\"1323\" \/>\n\t<meta property=\"og:image:height\" content=\"956\" \/>\n\t<meta property=\"og:image:type\" content=\"image\/png\" \/>\n<meta name=\"twitter:card\" content=\"summary_large_image\" \/>\n<meta name=\"twitter:label1\" content=\"Est. reading time\" \/>\n\t<meta name=\"twitter:data1\" content=\"2 minutes\" \/>\n<script type=\"application\/ld+json\" class=\"yoast-schema-graph\">{\"@context\":\"https:\/\/schema.org\",\"@graph\":[{\"@type\":\"WebPage\",\"@id\":\"https:\/\/lainco.com\/en\/agro\/\",\"url\":\"https:\/\/lainco.com\/en\/agro\/\",\"name\":\"Agro - Lainco\",\"isPartOf\":{\"@id\":\"https:\/\/lainco.com\/en\/#website\"},\"primaryImageOfPage\":{\"@id\":\"https:\/\/lainco.com\/en\/agro\/#primaryimage\"},\"image\":{\"@id\":\"https:\/\/lainco.com\/en\/agro\/#primaryimage\"},\"thumbnailUrl\":\"https:\/\/lainco.com\/wp-content\/uploads\/2022\/12\/agro-presentacion-1024x740.png\",\"datePublished\":\"2022-11-16T13:24:06+00:00\",\"dateModified\":\"2026-03-25T07:21:40+00:00\",\"description\":\"Investigaci\u00f3n, desarrollo, fabricaci\u00f3n, envasado y comercializaci\u00f3n de productos fitosanitarios y farmac\u00e9uticos\",\"breadcrumb\":{\"@id\":\"https:\/\/lainco.com\/en\/agro\/#breadcrumb\"},\"inLanguage\":\"en-US\",\"potentialAction\":[{\"@type\":\"ReadAction\",\"target\":[\"https:\/\/lainco.com\/en\/agro\/\"]}]},{\"@type\":\"ImageObject\",\"inLanguage\":\"en-US\",\"@id\":\"https:\/\/lainco.com\/en\/agro\/#primaryimage\",\"url\":\"https:\/\/lainco.com\/wp-content\/uploads\/2022\/12\/agro-presentacion-1024x740.png\",\"contentUrl\":\"https:\/\/lainco.com\/wp-content\/uploads\/2022\/12\/agro-presentacion-1024x740.png\"},{\"@type\":\"BreadcrumbList\",\"@id\":\"https:\/\/lainco.com\/en\/agro\/#breadcrumb\",\"itemListElement\":[{\"@type\":\"ListItem\",\"position\":1,\"name\":\"Home\",\"item\":\"https:\/\/lainco.com\/en\/\"},{\"@type\":\"ListItem\",\"position\":2,\"name\":\"Agro\"}]},{\"@type\":\"WebSite\",\"@id\":\"https:\/\/lainco.com\/en\/#website\",\"url\":\"https:\/\/lainco.com\/en\/\",\"name\":\"Lainco\",\"description\":\"Investigaci\u00f3n, desarrollo, fabricaci\u00f3n, envasado y comercializaci\u00f3n de productos fitosanitarios y farmac\u00e9uticos\",\"publisher\":{\"@id\":\"https:\/\/lainco.com\/en\/#organization\"},\"potentialAction\":[{\"@type\":\"SearchAction\",\"target\":{\"@type\":\"EntryPoint\",\"urlTemplate\":\"https:\/\/lainco.com\/en\/?s={search_term_string}\"},\"query-input\":{\"@type\":\"PropertyValueSpecification\",\"valueRequired\":true,\"valueName\":\"search_term_string\"}}],\"inLanguage\":\"en-US\"},{\"@type\":\"Organization\",\"@id\":\"https:\/\/lainco.com\/en\/#organization\",\"name\":\"Lainco\",\"alternateName\":\"Protecting Life since 1934\",\"url\":\"https:\/\/lainco.com\/en\/\",\"logo\":{\"@type\":\"ImageObject\",\"inLanguage\":\"en-US\",\"@id\":\"https:\/\/lainco.com\/en\/#\/schema\/logo\/image\/\",\"url\":\"https:\/\/lainco.com\/wp-content\/uploads\/2024\/01\/23141-Logo-90-LAINCO-color-baseline_pages-to-jpg-0001-1.jpg\",\"contentUrl\":\"https:\/\/lainco.com\/wp-content\/uploads\/2024\/01\/23141-Logo-90-LAINCO-color-baseline_pages-to-jpg-0001-1.jpg\",\"width\":300,\"height\":90,\"caption\":\"Lainco\"},\"image\":{\"@id\":\"https:\/\/lainco.com\/en\/#\/schema\/logo\/image\/\"}}]}<\/script>\n<!-- \/ Yoast SEO plugin. -->","yoast_head_json":{"title":"Agro - Lainco","description":"Investigaci\u00f3n, desarrollo, fabricaci\u00f3n, envasado y comercializaci\u00f3n de productos fitosanitarios y farmac\u00e9uticos","robots":{"index":"index","follow":"follow","max-snippet":"max-snippet:-1","max-image-preview":"max-image-preview:large","max-video-preview":"max-video-preview:-1"},"canonical":"https:\/\/lainco.com\/en\/agro\/","og_locale":"en_US","og_type":"article","og_title":"Agro - Lainco","og_description":"Investigaci\u00f3n, desarrollo, fabricaci\u00f3n, envasado y comercializaci\u00f3n de productos fitosanitarios y farmac\u00e9uticos","og_url":"https:\/\/lainco.com\/en\/agro\/","og_site_name":"Lainco","article_modified_time":"2026-03-25T07:21:40+00:00","og_image":[{"width":1323,"height":956,"url":"https:\/\/lainco.com\/wp-content\/uploads\/2022\/12\/agro-presentacion.png","type":"image\/png"}],"twitter_card":"summary_large_image","twitter_misc":{"Est. reading time":"2 minutes"},"schema":{"@context":"https:\/\/schema.org","@graph":[{"@type":"WebPage","@id":"https:\/\/lainco.com\/en\/agro\/","url":"https:\/\/lainco.com\/en\/agro\/","name":"Agro - Lainco","isPartOf":{"@id":"https:\/\/lainco.com\/en\/#website"},"primaryImageOfPage":{"@id":"https:\/\/lainco.com\/en\/agro\/#primaryimage"},"image":{"@id":"https:\/\/lainco.com\/en\/agro\/#primaryimage"},"thumbnailUrl":"https:\/\/lainco.com\/wp-content\/uploads\/2022\/12\/agro-presentacion-1024x740.png","datePublished":"2022-11-16T13:24:06+00:00","dateModified":"2026-03-25T07:21:40+00:00","description":"Investigaci\u00f3n, desarrollo, fabricaci\u00f3n, envasado y comercializaci\u00f3n de productos fitosanitarios y farmac\u00e9uticos","breadcrumb":{"@id":"https:\/\/lainco.com\/en\/agro\/#breadcrumb"},"inLanguage":"en-US","potentialAction":[{"@type":"ReadAction","target":["https:\/\/lainco.com\/en\/agro\/"]}]},{"@type":"ImageObject","inLanguage":"en-US","@id":"https:\/\/lainco.com\/en\/agro\/#primaryimage","url":"https:\/\/lainco.com\/wp-content\/uploads\/2022\/12\/agro-presentacion-1024x740.png","contentUrl":"https:\/\/lainco.com\/wp-content\/uploads\/2022\/12\/agro-presentacion-1024x740.png"},{"@type":"BreadcrumbList","@id":"https:\/\/lainco.com\/en\/agro\/#breadcrumb","itemListElement":[{"@type":"ListItem","position":1,"name":"Home","item":"https:\/\/lainco.com\/en\/"},{"@type":"ListItem","position":2,"name":"Agro"}]},{"@type":"WebSite","@id":"https:\/\/lainco.com\/en\/#website","url":"https:\/\/lainco.com\/en\/","name":"Lainco","description":"Investigaci\u00f3n, desarrollo, fabricaci\u00f3n, envasado y comercializaci\u00f3n de productos fitosanitarios y farmac\u00e9uticos","publisher":{"@id":"https:\/\/lainco.com\/en\/#organization"},"potentialAction":[{"@type":"SearchAction","target":{"@type":"EntryPoint","urlTemplate":"https:\/\/lainco.com\/en\/?s={search_term_string}"},"query-input":{"@type":"PropertyValueSpecification","valueRequired":true,"valueName":"search_term_string"}}],"inLanguage":"en-US"},{"@type":"Organization","@id":"https:\/\/lainco.com\/en\/#organization","name":"Lainco","alternateName":"Protecting Life since 1934","url":"https:\/\/lainco.com\/en\/","logo":{"@type":"ImageObject","inLanguage":"en-US","@id":"https:\/\/lainco.com\/en\/#\/schema\/logo\/image\/","url":"https:\/\/lainco.com\/wp-content\/uploads\/2024\/01\/23141-Logo-90-LAINCO-color-baseline_pages-to-jpg-0001-1.jpg","contentUrl":"https:\/\/lainco.com\/wp-content\/uploads\/2024\/01\/23141-Logo-90-LAINCO-color-baseline_pages-to-jpg-0001-1.jpg","width":300,"height":90,"caption":"Lainco"},"image":{"@id":"https:\/\/lainco.com\/en\/#\/schema\/logo\/image\/"}}]}},"_links":{"self":[{"href":"https:\/\/lainco.com\/en\/wp-json\/wp\/v2\/pages\/3101","targetHints":{"allow":["GET"]}}],"collection":[{"href":"https:\/\/lainco.com\/en\/wp-json\/wp\/v2\/pages"}],"about":[{"href":"https:\/\/lainco.com\/en\/wp-json\/wp\/v2\/types\/page"}],"author":[{"embeddable":true,"href":"https:\/\/lainco.com\/en\/wp-json\/wp\/v2\/users\/1"}],"replies":[{"embeddable":true,"href":"https:\/\/lainco.com\/en\/wp-json\/wp\/v2\/comments?post=3101"}],"version-history":[{"count":24,"href":"https:\/\/lainco.com\/en\/wp-json\/wp\/v2\/pages\/3101\/revisions"}],"predecessor-version":[{"id":15362,"href":"https:\/\/lainco.com\/en\/wp-json\/wp\/v2\/pages\/3101\/revisions\/15362"}],"wp:attachment":[{"href":"https:\/\/lainco.com\/en\/wp-json\/wp\/v2\/media?parent=3101"}],"curies":[{"name":"wp","href":"https:\/\/api.w.org\/{rel}","templated":true}]}}