{"id":3097,"date":"2022-11-16T14:54:09","date_gmt":"2022-11-16T13:54:09","guid":{"rendered":"https:\/\/lainco.com\/aviso-legal\/"},"modified":"2023-08-09T07:00:36","modified_gmt":"2023-08-09T06:00:36","slug":"aviso-legal","status":"publish","type":"page","link":"https:\/\/lainco.com\/en\/aviso-legal\/","title":{"rendered":"Legal Notice"},"content":{"rendered":"\n<div class=\"wp-block-group section\"><div class=\"wp-block-group__inner-container is-layout-constrained wp-block-group-is-layout-constrained\">\n<h3 class=\"wp-block-heading\">IDENTIFICATION DATA<\/h3>\n\n\n\n<p class=\"wp-block-paragraph\">You are visiting the website under the LAINCO.ES domain owned by LAINCO.<\/p>\n\n\n\n<ul class=\"wp-block-list\">\n<li><strong>\u2022 Company name:<\/strong> LAINCO, S.A.<\/li>\n\n\n\n<li><strong>\u2022 Company address:<\/strong> Avda. Bizet, 8-12, 08191 Rub\u00ed (Barcelona), Spain Bizet, 8-12, 08191 Rub\u00ed (Barcelona), Espa\u00f1a<\/li>\n\n\n\n<li><strong>NIF:<\/strong> A08290348<\/li>\n\n\n\n<li><strong>Phone:<\/strong> 93 586 20 15<\/li>\n\n\n\n<li><strong>Mail:<\/strong><a href=\"rgpd@lainco.com\">rgpd@lainco.com<\/a><\/li>\n\n\n\n<li><strong>\u2022 Commercial data:<\/strong> Limited company registered in the Commercial Registry of Barcelona<\/li>\n<\/ul>\n\n\n\n<p class=\"wp-block-paragraph\">Tomo 21.835, Folio 215, hoja n\u00famero B-28.267, Inscripci\u00f3n 45\u00aa<\/p>\n<\/div><\/div>\n\n<div class=\"wp-block-group section\"><div class=\"wp-block-group__inner-container is-layout-constrained wp-block-group-is-layout-constrained\">\n<h3 class=\"wp-block-heading\">USER ACCEPTANCE<\/h3>\n\n\n\n<p class=\"wp-block-paragraph\">This Legal Notice regulates the access and use of the website under the domain LAINCO.ES (hereinafter the &#8220;Website&#8221;) that LAINCO makes available to Internet users. The User is understood as the person who accesses, navigates, uses or participates in the services and activities of this website.<\/p>\n\n\n\n<p class=\"wp-block-paragraph\">This website complies with the provisions of spanish Ley 34\/2002, de 11 de juliol, de Servicios de la Sociedad de la Informaci\u00f3n y de Comercio Electr\u00f3nico and current legislation on the protection of personal data.<\/p>\n\n\n\n<p class=\"wp-block-paragraph\"><strong>LAINCO<\/strong> may alter at any time and without prior notice, the design, presentation and\/or configuration of the website, as well as some or all services, and add new services.<\/p>\n\n\n\n<p class=\"wp-block-paragraph\">The use of this website implies full acceptance of the provisions included in this Legal Notice and General Conditions and Terms of Use in the version published by <strong>LAINCO<\/strong> at the time the User accesses the Website.<\/p>\n\n\n\n<p class=\"wp-block-paragraph\">The use of certain services offered to users through the website may be subject to specific conditions that, depending on the case, replace, complete and\/or modify these General Conditions and Terms of Use. Therefore, prior to the use of such services, users must also read carefully and also accept the corresponding specific conditions<\/p>\n<\/div><\/div>\n\n<div class=\"wp-block-group section\"><div class=\"wp-block-group__inner-container is-layout-constrained wp-block-group-is-layout-constrained\">\n<h4 class=\"wp-block-heading\">GENERAL CONDITIONS AND TERMS OF USE<\/h4>\n\n\n\n<p class=\"wp-block-paragraph\">Access to the website by users is free and free, and any use other than the purpose of this Website is expressly prohibited.<\/p>\n\n\n\n<p class=\"wp-block-paragraph\">The user undertakes to make diligent use of it and the services accessible from this website, as well as to maintain due respect to other users.<\/p>\n\n\n\n<p class=\"wp-block-paragraph\">Among others, this commitment implies that:<\/p>\n\n\n\n<ul class=\"wp-block-list\">\n<li>\u2022 The user agrees to use the website, content and services in full compliance with the Law, good customs and these conditions of use and, where appropriate, particular conditions.<\/li>\n<\/ul>\n\n\n\n<p class=\"wp-block-paragraph\">Accordingly, the User commits not to use the website or the services provided through it for purposes or effects unlawful or contrary to the content of this Legal Notice, harmful to the interests or rights of third parties, or that of any may damage, disable or deteriorate the website or its services or prevent normal enjoyment of the website by other Users.<\/p>\n\n\n\n<ul class=\"wp-block-list\">\n<li>Likewise, the user expressly agrees not to destroy, alter, disable or in any other way damage the electronic data, programs and documents and other components which may be found on this website.<\/li>\n\n\n\n<li>The user agrees not to hinder access to the service by other users through the mass consumption of computer resources through which LAINCO, S.A. provides the service, as well as not to perform actions that could damage, interrupt or generate errors in said systems or services.<\/li>\n\n\n\n<li>\u2022 The user agrees to not introduce programs, viruses, macros, applets, ActiveX controls or any other logical device or sequence of characters that cause or are likely to cause any type of alteration in the computer systems of LAINCO or of third parties.<\/li>\n\n\n\n<li>The user undertakes not to obtain information, messages, graphics, drawings, sound and\/or image files, photographs, recordings, software and, in general, any kind of material accessible through the website or the services offered on it. .<\/li>\n\n\n\n<li>\u2022 The user agrees to make appropriate use of the content and services (such as comments, opinion forums or pages open to the reader) that LAINCO offers on its website and not use them to engage in illegal or contrary activities to good faith and legal order; disseminate content or propaganda of a racist, xenophobic, pornographic-illegal, apology of terrorism or attempts against human rights.<\/li>\n\n\n\n<li>\u2022 In accordance with the anti-spamming policy of <strong>LAINCO<\/strong> LAINCO the user agrees to refrain from using and collecting data from distribution lists that can be accessed through the information and services contained on the website in order to carry out activities for promotional or advertising purposes as well as sending commercial communications of any kind and through any support not requested or previously agreed to by <strong>LAINCO<\/strong> and\/or interested parties.<\/li>\n<\/ul>\n\n\n\n<p class=\"wp-block-paragraph\">The User who intentionally or culpably fails to comply with any of the foregoing obligations and commitments shall be liable for all damages and losses caused.<\/p>\n<\/div><\/div>\n\n<div class=\"wp-block-group section\"><div class=\"wp-block-group__inner-container is-layout-constrained wp-block-group-is-layout-constrained\">\n<h4 class=\"wp-block-heading\">LIMITATION OF GUARANTEES AND LIABILITIES<\/h4>\n\n\n\n<p class=\"wp-block-paragraph\">LAINCO undertakes to make its best effort to avoid any errors in the content that may appear on the website. However, <strong>LAINCO<\/strong> may condition the use of some of the services to the prior completion of the corresponding User registration, selecting the identifier (ID or login) and password that the User agrees to keep and use with due diligence.<\/p>\n\n\n\n<ul class=\"wp-block-list\">\n<li>If, in order to use a service on the website, the user must register, he or she will be responsible for providing truthful and lawful information.<\/li>\n<\/ul>\n\n\n\n<p class=\"wp-block-paragraph\">For these purposes, the User guarantees the authenticity of all data communicated as a result of completing the necessary forms for subscribing to the Services.<\/p>\n\n\n\n<p class=\"wp-block-paragraph\">In the same way, it will be the responsibility of the User to keep all the information provided to <strong>LAINCO<\/strong> permanently updated so that it responds, at all times, to the real situation of the User. In any case, the User will be solely responsible for the false or inaccurate statements made and the damages caused to <strong>LAINCO<\/strong> or third parties due to the information provided.<\/p>\n\n\n\n<ul class=\"wp-block-list\">\n<li>If, as a result of registration, the user is provided with a password, the user agrees to make diligent use of it and to keep the password secret to access these services. Users are responsible for the proper custody and confidentiality of any identifiers and\/or passwords provided by LAINCO and agree not to assign their use to third parties, either temporarily or permanently, or to allow access to third parties. The user will be responsible for the illegitimate use of the services by a third party that uses a password obtained for this purpose due to non-diligent use or loss of the password by the user.<\/li>\n\n\n\n<li>The user is obliged to immediately notify LAINCO of any fact that allows the improper use of identifiers and\/or passwords, such as theft, loss, or unauthorized access to them, in order to proceed with their immediate cancellation. As long as such facts are not communicated, LAINCO will be exempt from any liability that may arise from the improper use of identifiers and\/or passwords by unauthorized third parties.<\/li>\n\n\n\n<li>Some of the services and content offered by LAINCO may be subject to prior contracting of the service and the payment of an amount of money in the manner determined in the General Contract Conditions, in which case they will be made available to you clearly.<\/li>\n\n\n\n<li>When it is necessary for the user to register or provide personal data in order to access any of the services, the collection and processing of the users&#8217; personal data will apply as provided in the PERSONAL DATA PROTECTION section of this Legal Notice. , as well as the provisions of the Registration Conditions, if any.<\/li>\n\n\n\n<li>The contracting of products or services through this website by minors is prohibited, and they must duly and previously obtain the consent of their parents, guardians, or legal representatives, who will be considered responsible for the acts they carry out the minors in their charge.<\/li>\n<\/ul>\n<\/div><\/div>\n\n<div class=\"wp-block-group section\"><div class=\"wp-block-group__inner-container is-layout-constrained wp-block-group-is-layout-constrained\">\n<h4 class=\"wp-block-heading\">LIMITATION OF WARRANTIES AND LIABILITIES<\/h4>\n\n\n\n<p class=\"wp-block-paragraph\">LAINCO undertakes to make its best efforts to avoid any errors in the content that may appear on the website. In any case, LAINCO will be exempt from any liability for damages of any nature that may be due to the lack of accuracy, completeness, timeliness, or errors or omissions that the information and services contained in this site may suffer. Website or other content that can be accessed through it, nor does it assume any duty or commitment to verify or monitor its content and information.<\/p>\n\n\n\n<p class=\"wp-block-paragraph\">Likewise, <strong>LAINCO<\/strong> does not guarantee the availability, continuity, or infallibility of the operation of the Website, and consequently excludes, to the maximum extent permitted by current legislation, any liability for damages of any nature that may be due to a lack of availability or continuity of the operation of the Website and the services enabled on it, as well as errors in accessing the different web pages or those from which, where appropriate, said services are provided.<\/p>\n\n\n\n<p class=\"wp-block-paragraph\">Neither does LAINCO guarantee that the website or the server are free of viruses, and it is not responsible for any damages or losses that may arise from interference, omissions, interruptions, computer viruses, telephone failures, or disconnections in the operation of this system. Due to reasons beyond LAINCO&#8217;s control, delays or blockages in the use of this electronic system may be caused by deficiencies in telephone lines or overloads in the Internet system or other electronic systems, as well as damages that may be caused by third parties through illegitimate interference beyond the control of LAINCO.<\/p>\n\n\n\n<p class=\"wp-block-paragraph\"><strong>LAINCO<\/strong> excludes any liability for damages of any kind that may be due to the services provided by third parties through this website as well as the means that they enable to manage service requests, specifically, by way of example and not limitation. : for acts of unfair competition and illegal advertising as a result of the provision of services by third parties through the Website, as well as the lack of veracity, accuracy, completeness, vices, defects, relevance, and\/or timeliness of the content transmitted, disseminated, stored, received, obtained, made available, or accessible through the services provided by third parties through this Website.<\/p>\n<\/div><\/div>\n\n<div class=\"wp-block-group section\"><div class=\"wp-block-group__inner-container is-layout-constrained wp-block-group-is-layout-constrained\">\n<h4 class=\"wp-block-heading\">INTELLECTUAL AND INDUSTRIAL PROPERTY<\/h4>\n\n\n\n<p class=\"wp-block-paragraph\">All Industrial and Intellectual Property rights of this website and its contents (texts, images, sounds, audio, video, designs, creativity, software) belong, as author of collective work or as assignee, to LAINCO or, in its case, to third parties.<\/p>\n\n\n\n<p class=\"wp-block-paragraph\">The reproduction, distribution and public communication, including the way in which it is made available, of all or part of the contents of this website, for any purpose, on any support and by any technical means, without authorization, are expressly prohibited. from LAINCO.<\/p>\n\n\n\n<p class=\"wp-block-paragraph\">The user undertakes to respect the rights of Industrial and Intellectual Property owned by LAINCO and third parties.<\/p>\n\n\n\n<p class=\"wp-block-paragraph\">The user can view all the elements, print them, copy them and store them on the hard drive of his computer or on any other physical support as long as it is solely and exclusively for his personal and private use, and therefore, its use is strictly prohibited. use for other purposes, its distribution, as well as its modification, alteration or decompilation.<\/p>\n\n\n\n<p class=\"wp-block-paragraph\">LAINCO can provide access to all types of information, services, programs or data on the Internet that may belong to third parties, in which case the intellectual property rights stipulated by their owners will apply.<\/p>\n\n\n\n<h3 class=\"wp-block-heading mt-4\">THIRD PARTY LINKS<\/h3>\n\n\n\n<p class=\"wp-block-paragraph\">In the event that links or hyperlinks to other places on the Internet are available on the website, LAINCO will not exercise any type of control over these places and contents.<\/p>\n\n\n\n<p class=\"wp-block-paragraph\">Under no circumstances shall LAINCO assume any responsibility for the contents of any link belonging to an external website, nor shall it guarantee the technical availability, quality, reliability, accuracy, comprehensiveness, truthfulness, or validity of any material or information contained in any of the hyperlinks or other Internet sites.<\/p>\n\n\n\n<p class=\"wp-block-paragraph\">These links are provided solely to inform the User of the existence of other sources of information on a particular topic, and the inclusion of a link does not imply endorsement of the linked website by LAINCO.<\/p>\n\n\n\n<p class=\"wp-block-paragraph\">LAINCO only authorizes mentions of its contents on other websites with the treatment they consider appropriate, provided that it is respectful, complies with current legislation, and in no case reproduces, without due authorization, the contents of LAINCO.<\/p>\n\n\n\n<h4 class=\"wp-block-heading mt-5\">PROTECTION OF PERSONAL DATA<\/h4>\n\n\n\n<p class=\"wp-block-paragraph\">LAINCO adopts the necessary technical and organizational measures to guarantee the protection of personal data and prevent its alteration, loss, treatment, and\/or unauthorized access, taking into account the state of technology, the nature of the data stored, and the risks to which they are exposed. All this, in accordance with the provisions of current legislation on the Protection of Personal Data.<\/p>\n\n\n\n<p class=\"wp-block-paragraph\">The user may provide LAINCO with their personal data through the different forms that appear on the website for this purpose. Said forms incorporate a link to the <strong><u>Privacy Policy.<\/u><\/strong><\/p>\n\n\n\n<p class=\"wp-block-paragraph\">Likewise, LAINCO may obtain personal data originating from your browsing and\/or use of this website, in accordance with our Privacy Policy.<\/p>\n\n\n\n<p class=\"wp-block-paragraph\">Please read our <strong><u>Privacy Policy<\/u><\/strong> carefully before providing your personal data.<\/p>\n\n\n\n<h3 class=\"wp-block-heading\">USE OF COOKIES<\/h3>\n\n\n\n<p class=\"wp-block-paragraph\">This website, like most websites on the Internet, uses cookies to enhance the user experience. In our <strong><u>Cookies Policy<\/u><\/strong> you will find information about what cookies are, what type of cookies this portal uses, how you can disable cookies in your browser, and how to specifically disable the installation of third-party cookies.<\/p>\n\n\n\n<p class=\"wp-block-paragraph\">Please read our <strong><u>Cookies Policy<\/u><\/strong> carefully before continuing to browse our website.<\/p>\n\n\n\n<h3 class=\"wp-block-heading\">MODIFICATION OF THE TERMS AND CONDITIONS OF THE LEGAL NOTICE<\/h3>\n\n\n\n<p class=\"wp-block-paragraph\">LAINCO expressly reserves the right to modify this Legal Notice without prior notice. Consequently, the User must carefully read this Legal Notice each time he\/she proceeds to use the website, as this Legal Notice may undergo modifications.<\/p>\n\n\n\n<p class=\"wp-block-paragraph\">El usuario reconoce y acepta que es su responsabilidad revisar el sitio web y el presente Aviso Legal.<\/p>\n\n\n\n<h3 class=\"wp-block-heading\">LAW AND JURISDICTION<\/h3>\n\n\n\n<p class=\"wp-block-paragraph\">All matters arising between LAINCO and the user relating to the interpretation, compliance and validity of this Legal Notice shall be governed by its own clauses and, in all matters not provided for therein, in accordance with Spanish legislation, and the parties expressly submit to the jurisdiction of the Courts and Tribunals of LAINCO&#8217;s domicile.<strong><br\/><\/strong><\/p>\n<\/div><\/div>\n","protected":false},"excerpt":{"rendered":"<p>IDENTIFICATION DATA You are visiting the website under the LAINCO.ES domain owned by LAINCO. Tomo 21.835, Folio 215, hoja n\u00famero B-28.267, Inscripci\u00f3n 45\u00aa USER ACCEPTANCE This Legal Notice regulates the access and use of the website under the domain LAINCO.ES (hereinafter the &#8220;Website&#8221;) that LAINCO makes available to Internet users. The User is understood as the person who accesses, navigates, uses or participates in the services and activities of this website. This website complies with the provisions of spanish Ley 34\/2002, de 11 de juliol, de Servicios de la Sociedad de la Informaci\u00f3n y de Comercio Electr\u00f3nico and current legislation on [&#8230;]<\/p>\n<p><a class=\"btn btn-outline-secondary btn-sm understrap-read-more-link\" href=\"https:\/\/lainco.com\/en\/aviso-legal\/\">Read More&#8230;<span class=\"screen-reader-text\"> from Legal Notice<\/span><\/a><\/p>\n","protected":false},"author":1,"featured_media":0,"parent":0,"menu_order":0,"comment_status":"closed","ping_status":"closed","template":"page-templates\/textpage.php","meta":{"_acf_changed":false,"_crdt_document":"","footnotes":""},"class_list":["post-3097","page","type-page","status-publish","hentry"],"acf":[],"yoast_head":"<!-- This site is optimized with the Yoast SEO plugin v26.9 - https:\/\/yoast.com\/product\/yoast-seo-wordpress\/ -->\n<title>Legal Notice - Lainco<\/title>\n<meta name=\"description\" content=\"Investigaci\u00f3n, desarrollo, fabricaci\u00f3n, envasado y comercializaci\u00f3n de productos fitosanitarios y farmac\u00e9uticos\" \/>\n<meta name=\"robots\" content=\"index, follow, max-snippet:-1, max-image-preview:large, max-video-preview:-1\" \/>\n<link rel=\"canonical\" href=\"https:\/\/lainco.com\/en\/aviso-legal\/\" \/>\n<meta property=\"og:locale\" content=\"en_US\" \/>\n<meta property=\"og:type\" content=\"article\" \/>\n<meta property=\"og:title\" content=\"Legal Notice - Lainco\" \/>\n<meta property=\"og:description\" content=\"Investigaci\u00f3n, desarrollo, fabricaci\u00f3n, envasado y comercializaci\u00f3n de productos fitosanitarios y farmac\u00e9uticos\" \/>\n<meta property=\"og:url\" content=\"https:\/\/lainco.com\/en\/aviso-legal\/\" \/>\n<meta property=\"og:site_name\" content=\"Lainco\" \/>\n<meta property=\"article:modified_time\" content=\"2023-08-09T06:00:36+00:00\" \/>\n<meta name=\"twitter:card\" content=\"summary_large_image\" \/>\n<meta name=\"twitter:label1\" content=\"Est. reading time\" \/>\n\t<meta name=\"twitter:data1\" content=\"11 minutes\" \/>\n<script type=\"application\/ld+json\" class=\"yoast-schema-graph\">{\"@context\":\"https:\/\/schema.org\",\"@graph\":[{\"@type\":\"WebPage\",\"@id\":\"https:\/\/lainco.com\/en\/aviso-legal\/\",\"url\":\"https:\/\/lainco.com\/en\/aviso-legal\/\",\"name\":\"Legal Notice - Lainco\",\"isPartOf\":{\"@id\":\"https:\/\/lainco.com\/en\/#website\"},\"datePublished\":\"2022-11-16T13:54:09+00:00\",\"dateModified\":\"2023-08-09T06:00:36+00:00\",\"description\":\"Investigaci\u00f3n, desarrollo, fabricaci\u00f3n, envasado y comercializaci\u00f3n de productos fitosanitarios y farmac\u00e9uticos\",\"breadcrumb\":{\"@id\":\"https:\/\/lainco.com\/en\/aviso-legal\/#breadcrumb\"},\"inLanguage\":\"en-US\",\"potentialAction\":[{\"@type\":\"ReadAction\",\"target\":[\"https:\/\/lainco.com\/en\/aviso-legal\/\"]}]},{\"@type\":\"BreadcrumbList\",\"@id\":\"https:\/\/lainco.com\/en\/aviso-legal\/#breadcrumb\",\"itemListElement\":[{\"@type\":\"ListItem\",\"position\":1,\"name\":\"Home\",\"item\":\"https:\/\/lainco.com\/en\/\"},{\"@type\":\"ListItem\",\"position\":2,\"name\":\"Legal Notice\"}]},{\"@type\":\"WebSite\",\"@id\":\"https:\/\/lainco.com\/en\/#website\",\"url\":\"https:\/\/lainco.com\/en\/\",\"name\":\"Lainco\",\"description\":\"Investigaci\u00f3n, desarrollo, fabricaci\u00f3n, envasado y comercializaci\u00f3n de productos fitosanitarios y farmac\u00e9uticos\",\"publisher\":{\"@id\":\"https:\/\/lainco.com\/en\/#organization\"},\"potentialAction\":[{\"@type\":\"SearchAction\",\"target\":{\"@type\":\"EntryPoint\",\"urlTemplate\":\"https:\/\/lainco.com\/en\/?s={search_term_string}\"},\"query-input\":{\"@type\":\"PropertyValueSpecification\",\"valueRequired\":true,\"valueName\":\"search_term_string\"}}],\"inLanguage\":\"en-US\"},{\"@type\":\"Organization\",\"@id\":\"https:\/\/lainco.com\/en\/#organization\",\"name\":\"Lainco\",\"alternateName\":\"Protecting Life since 1934\",\"url\":\"https:\/\/lainco.com\/en\/\",\"logo\":{\"@type\":\"ImageObject\",\"inLanguage\":\"en-US\",\"@id\":\"https:\/\/lainco.com\/en\/#\/schema\/logo\/image\/\",\"url\":\"https:\/\/lainco.com\/wp-content\/uploads\/2024\/01\/23141-Logo-90-LAINCO-color-baseline_pages-to-jpg-0001-1.jpg\",\"contentUrl\":\"https:\/\/lainco.com\/wp-content\/uploads\/2024\/01\/23141-Logo-90-LAINCO-color-baseline_pages-to-jpg-0001-1.jpg\",\"width\":300,\"height\":90,\"caption\":\"Lainco\"},\"image\":{\"@id\":\"https:\/\/lainco.com\/en\/#\/schema\/logo\/image\/\"}}]}<\/script>\n<!-- \/ Yoast SEO plugin. -->","yoast_head_json":{"title":"Legal Notice - Lainco","description":"Investigaci\u00f3n, desarrollo, fabricaci\u00f3n, envasado y comercializaci\u00f3n de productos fitosanitarios y farmac\u00e9uticos","robots":{"index":"index","follow":"follow","max-snippet":"max-snippet:-1","max-image-preview":"max-image-preview:large","max-video-preview":"max-video-preview:-1"},"canonical":"https:\/\/lainco.com\/en\/aviso-legal\/","og_locale":"en_US","og_type":"article","og_title":"Legal Notice - Lainco","og_description":"Investigaci\u00f3n, desarrollo, fabricaci\u00f3n, envasado y comercializaci\u00f3n de productos fitosanitarios y farmac\u00e9uticos","og_url":"https:\/\/lainco.com\/en\/aviso-legal\/","og_site_name":"Lainco","article_modified_time":"2023-08-09T06:00:36+00:00","twitter_card":"summary_large_image","twitter_misc":{"Est. reading time":"11 minutes"},"schema":{"@context":"https:\/\/schema.org","@graph":[{"@type":"WebPage","@id":"https:\/\/lainco.com\/en\/aviso-legal\/","url":"https:\/\/lainco.com\/en\/aviso-legal\/","name":"Legal Notice - Lainco","isPartOf":{"@id":"https:\/\/lainco.com\/en\/#website"},"datePublished":"2022-11-16T13:54:09+00:00","dateModified":"2023-08-09T06:00:36+00:00","description":"Investigaci\u00f3n, desarrollo, fabricaci\u00f3n, envasado y comercializaci\u00f3n de productos fitosanitarios y farmac\u00e9uticos","breadcrumb":{"@id":"https:\/\/lainco.com\/en\/aviso-legal\/#breadcrumb"},"inLanguage":"en-US","potentialAction":[{"@type":"ReadAction","target":["https:\/\/lainco.com\/en\/aviso-legal\/"]}]},{"@type":"BreadcrumbList","@id":"https:\/\/lainco.com\/en\/aviso-legal\/#breadcrumb","itemListElement":[{"@type":"ListItem","position":1,"name":"Home","item":"https:\/\/lainco.com\/en\/"},{"@type":"ListItem","position":2,"name":"Legal Notice"}]},{"@type":"WebSite","@id":"https:\/\/lainco.com\/en\/#website","url":"https:\/\/lainco.com\/en\/","name":"Lainco","description":"Investigaci\u00f3n, desarrollo, fabricaci\u00f3n, envasado y comercializaci\u00f3n de productos fitosanitarios y farmac\u00e9uticos","publisher":{"@id":"https:\/\/lainco.com\/en\/#organization"},"potentialAction":[{"@type":"SearchAction","target":{"@type":"EntryPoint","urlTemplate":"https:\/\/lainco.com\/en\/?s={search_term_string}"},"query-input":{"@type":"PropertyValueSpecification","valueRequired":true,"valueName":"search_term_string"}}],"inLanguage":"en-US"},{"@type":"Organization","@id":"https:\/\/lainco.com\/en\/#organization","name":"Lainco","alternateName":"Protecting Life since 1934","url":"https:\/\/lainco.com\/en\/","logo":{"@type":"ImageObject","inLanguage":"en-US","@id":"https:\/\/lainco.com\/en\/#\/schema\/logo\/image\/","url":"https:\/\/lainco.com\/wp-content\/uploads\/2024\/01\/23141-Logo-90-LAINCO-color-baseline_pages-to-jpg-0001-1.jpg","contentUrl":"https:\/\/lainco.com\/wp-content\/uploads\/2024\/01\/23141-Logo-90-LAINCO-color-baseline_pages-to-jpg-0001-1.jpg","width":300,"height":90,"caption":"Lainco"},"image":{"@id":"https:\/\/lainco.com\/en\/#\/schema\/logo\/image\/"}}]}},"_links":{"self":[{"href":"https:\/\/lainco.com\/en\/wp-json\/wp\/v2\/pages\/3097","targetHints":{"allow":["GET"]}}],"collection":[{"href":"https:\/\/lainco.com\/en\/wp-json\/wp\/v2\/pages"}],"about":[{"href":"https:\/\/lainco.com\/en\/wp-json\/wp\/v2\/types\/page"}],"author":[{"embeddable":true,"href":"https:\/\/lainco.com\/en\/wp-json\/wp\/v2\/users\/1"}],"replies":[{"embeddable":true,"href":"https:\/\/lainco.com\/en\/wp-json\/wp\/v2\/comments?post=3097"}],"version-history":[{"count":7,"href":"https:\/\/lainco.com\/en\/wp-json\/wp\/v2\/pages\/3097\/revisions"}],"predecessor-version":[{"id":6976,"href":"https:\/\/lainco.com\/en\/wp-json\/wp\/v2\/pages\/3097\/revisions\/6976"}],"wp:attachment":[{"href":"https:\/\/lainco.com\/en\/wp-json\/wp\/v2\/media?parent=3097"}],"curies":[{"name":"wp","href":"https:\/\/api.w.org\/{rel}","templated":true}]}}