{"id":3077,"date":"2022-11-16T14:22:58","date_gmt":"2022-11-16T13:22:58","guid":{"rendered":"https:\/\/lainco.com\/about-us-rdi\/"},"modified":"2024-02-12T15:37:51","modified_gmt":"2024-02-12T14:37:51","slug":"about-us-rdi","status":"publish","type":"page","link":"https:\/\/lainco.com\/en\/about-us-rdi\/","title":{"rendered":"About us R&amp;D+i"},"content":{"rendered":"\n<figure class=\"wp-block-image size-full mb-5\"><img loading=\"lazy\" decoding=\"async\" width=\"2699\" height=\"681\" src=\"https:\/\/lainco.com\/wp-content\/uploads\/2022\/12\/cabecera-idi.png\" alt=\"\" class=\"wp-image-3317\" srcset=\"https:\/\/lainco.com\/wp-content\/uploads\/2022\/12\/cabecera-idi.png 2699w, https:\/\/lainco.com\/wp-content\/uploads\/2022\/12\/cabecera-idi-300x76.png 300w, https:\/\/lainco.com\/wp-content\/uploads\/2022\/12\/cabecera-idi-1024x258.png 1024w, https:\/\/lainco.com\/wp-content\/uploads\/2022\/12\/cabecera-idi-768x194.png 768w, https:\/\/lainco.com\/wp-content\/uploads\/2022\/12\/cabecera-idi-1536x388.png 1536w, https:\/\/lainco.com\/wp-content\/uploads\/2022\/12\/cabecera-idi-2048x517.png 2048w\" sizes=\"auto, (max-width: 2699px) 100vw, 2699px\" \/><\/figure>\n\n\n\n<div class=\"wp-block-group section\"><div class=\"wp-block-group__inner-container is-layout-constrained wp-block-group-is-layout-constrained\"><div class=\"wp-bootstrap-blocks-row row gx-7 gy-4\">\n\t\n\n<div class=\"col-12 col-md-6\">\n\t\t\t\n\n<p class=\"ico-lainco text-secondary fw-medium wp-block-paragraph\">Experience<\/p>\n\n\n\n<h2 class=\"wp-block-heading\">Origin<\/h2>\n\n\n\n<hr class=\"wp-block-separator has-alpha-channel-opacity\"\/>\n\n\n\n<p class=\"wp-block-paragraph\">Since our founding, research, development and innovation have been at the heart of our corporate culture. Thanks to these three concepts, since 1934, we have continued to support our customers with solutions that support their health and protect the world\u2019s food production. <\/p>\n\n\n\n<figure class=\"wp-block-image size-full mt-lg-7\"><img loading=\"lazy\" decoding=\"async\" width=\"1323\" height=\"956\" src=\"https:\/\/lainco.com\/wp-content\/uploads\/2022\/11\/mercromina.jpg\" alt=\"\" class=\"wp-image-3133\" srcset=\"https:\/\/lainco.com\/wp-content\/uploads\/2022\/11\/mercromina.jpg 1323w, https:\/\/lainco.com\/wp-content\/uploads\/2022\/11\/mercromina-300x217.jpg 300w, https:\/\/lainco.com\/wp-content\/uploads\/2022\/11\/mercromina-1024x740.jpg 1024w, https:\/\/lainco.com\/wp-content\/uploads\/2022\/11\/mercromina-768x555.jpg 768w\" sizes=\"auto, (max-width: 1323px) 100vw, 1323px\" \/><\/figure>\n\n\t<\/div>\n\n\n\n<div class=\"col-12 col-md-6\">\n\t\t\t\n\n<p class=\"ico-lainco text-secondary fw-medium wp-block-paragraph\">Technology<\/p>\n\n\n\n<h2 class=\"wp-block-heading\">Laboratories<\/h2>\n\n\n\n<hr class=\"wp-block-separator has-alpha-channel-opacity\"\/>\n\n\n\n<p class=\"wp-block-paragraph\">At our facilities we have laboratories equipped with the latest technologies, the in-house development of all our solutions. The internal management of the R&amp;D process, manufacturing and quality control, all under international certifications such as ISO 9001, ENAC, etc., help us to continuously improve and strive for excellence.<\/p>\n\n\n\n<figure class=\"wp-block-image size-large mt-5\"><img loading=\"lazy\" decoding=\"async\" width=\"1024\" height=\"740\" src=\"https:\/\/lainco.com\/wp-content\/uploads\/2022\/12\/idi-laboratorios-1024x740.png\" alt=\"\" class=\"wp-image-3335\" srcset=\"https:\/\/lainco.com\/wp-content\/uploads\/2022\/12\/idi-laboratorios-1024x740.png 1024w, https:\/\/lainco.com\/wp-content\/uploads\/2022\/12\/idi-laboratorios-300x217.png 300w, https:\/\/lainco.com\/wp-content\/uploads\/2022\/12\/idi-laboratorios-768x555.png 768w, https:\/\/lainco.com\/wp-content\/uploads\/2022\/12\/idi-laboratorios.png 1323w\" sizes=\"auto, (max-width: 1024px) 100vw, 1024px\" \/><\/figure>\n\n\t<\/div>\n\n<\/div>\n<\/div><\/div>\n\n\n\n<div class=\"wp-block-group section\"><div class=\"wp-block-group__inner-container is-layout-constrained wp-block-group-is-layout-constrained\"><div class=\"wp-bootstrap-blocks-row row gx-7 gy-4\">\n\t\n\n<div class=\"col-12 col-md-6\">\n\t\t\t\n\n<p class=\"ico-lainco text-secondary fw-medium wp-block-paragraph\">Talent<\/p>\n\n\n\n<h2 class=\"wp-block-heading\">Team<\/h2>\n\n\n\n<hr class=\"wp-block-separator has-alpha-channel-opacity\"\/>\n\n\n\n<p class=\"wp-block-paragraph\">We have over 20 highly qualified professionals at the helm of our laboratories, forming a multidisciplinary team: pharmacists, agronomists, chemists, biologists and biotechnologists, among others. With all this we achieve different approaches, great synergies, but, above all, powerful ideas. <\/p>\n\n\n\n<figure class=\"wp-block-image size-large mt-lg-7\"><img loading=\"lazy\" decoding=\"async\" width=\"1024\" height=\"740\" src=\"https:\/\/lainco.com\/wp-content\/uploads\/2022\/12\/historia_innovador-1024x740.png\" alt=\"\" class=\"wp-image-3323\" srcset=\"https:\/\/lainco.com\/wp-content\/uploads\/2022\/12\/historia_innovador-1024x740.png 1024w, https:\/\/lainco.com\/wp-content\/uploads\/2022\/12\/historia_innovador-300x217.png 300w, https:\/\/lainco.com\/wp-content\/uploads\/2022\/12\/historia_innovador-768x555.png 768w, https:\/\/lainco.com\/wp-content\/uploads\/2022\/12\/historia_innovador.png 1323w\" sizes=\"auto, (max-width: 1024px) 100vw, 1024px\" \/><\/figure>\n\n\t<\/div>\n\n\n\n<div class=\"col-12 col-md-6\">\n\t\t\t\n\n<p class=\"ico-lainco text-secondary fw-medium wp-block-paragraph\">Future<\/p>\n\n\n\n<h2 class=\"wp-block-heading\">New solutions<\/h2>\n\n\n\n<hr class=\"wp-block-separator has-alpha-channel-opacity\"\/>\n\n\n\n<p class=\"wp-block-paragraph\">The future of health, both for people and crops, is strongly oriented towards innovation and natural ingredients. For this reason, since 2019, we have had a new research and manufacturing plant for biological solutions, adapting to the demands of both society and our customers.<\/p>\n\n\n\n<figure class=\"wp-block-image size-large mt-5\"><img loading=\"lazy\" decoding=\"async\" width=\"1024\" height=\"740\" src=\"https:\/\/lainco.com\/wp-content\/uploads\/2022\/12\/idi-equipo-1-1024x740.png\" alt=\"\" class=\"wp-image-3730\" srcset=\"https:\/\/lainco.com\/wp-content\/uploads\/2022\/12\/idi-equipo-1-1024x740.png 1024w, https:\/\/lainco.com\/wp-content\/uploads\/2022\/12\/idi-equipo-1-300x217.png 300w, https:\/\/lainco.com\/wp-content\/uploads\/2022\/12\/idi-equipo-1-768x555.png 768w, https:\/\/lainco.com\/wp-content\/uploads\/2022\/12\/idi-equipo-1.png 1323w\" sizes=\"auto, (max-width: 1024px) 100vw, 1024px\" \/><\/figure>\n\n\t<\/div>\n\n<\/div>\n<\/div><\/div>\n","protected":false},"excerpt":{"rendered":"<p> [&#8230;]<\/p>\n<p><a class=\"btn btn-outline-secondary btn-sm understrap-read-more-link\" href=\"https:\/\/lainco.com\/en\/about-us-rdi\/\">Read More&#8230;<span class=\"screen-reader-text\"> from About us R&amp;D+i<\/span><\/a><\/p>\n","protected":false},"author":1,"featured_media":0,"parent":0,"menu_order":0,"comment_status":"closed","ping_status":"closed","template":"","meta":{"_acf_changed":false,"_crdt_document":"","footnotes":""},"class_list":["post-3077","page","type-page","status-publish","hentry"],"acf":[],"yoast_head":"<!-- This site is optimized with the Yoast SEO plugin v26.9 - https:\/\/yoast.com\/product\/yoast-seo-wordpress\/ -->\n<title>About us R&amp;D+i - Lainco<\/title>\n<meta name=\"description\" content=\"Investigaci\u00f3n, desarrollo, fabricaci\u00f3n, envasado y comercializaci\u00f3n de productos fitosanitarios y farmac\u00e9uticos\" \/>\n<meta name=\"robots\" content=\"index, follow, max-snippet:-1, max-image-preview:large, max-video-preview:-1\" \/>\n<link rel=\"canonical\" href=\"https:\/\/lainco.com\/en\/about-us-rdi\/\" \/>\n<meta property=\"og:locale\" content=\"en_US\" \/>\n<meta property=\"og:type\" content=\"article\" \/>\n<meta property=\"og:title\" content=\"About us R&amp;D+i - Lainco\" \/>\n<meta property=\"og:description\" content=\"Investigaci\u00f3n, desarrollo, fabricaci\u00f3n, envasado y comercializaci\u00f3n de productos fitosanitarios y farmac\u00e9uticos\" \/>\n<meta property=\"og:url\" content=\"https:\/\/lainco.com\/en\/about-us-rdi\/\" \/>\n<meta property=\"og:site_name\" content=\"Lainco\" \/>\n<meta property=\"article:modified_time\" content=\"2024-02-12T14:37:51+00:00\" \/>\n<meta property=\"og:image\" content=\"https:\/\/lainco.com\/wp-content\/uploads\/2022\/12\/cabecera-idi.png\" \/>\n<meta name=\"twitter:card\" content=\"summary_large_image\" \/>\n<meta name=\"twitter:label1\" content=\"Est. reading time\" \/>\n\t<meta name=\"twitter:data1\" content=\"2 minutes\" \/>\n<script type=\"application\/ld+json\" class=\"yoast-schema-graph\">{\"@context\":\"https:\/\/schema.org\",\"@graph\":[{\"@type\":\"WebPage\",\"@id\":\"https:\/\/lainco.com\/en\/about-us-rdi\/\",\"url\":\"https:\/\/lainco.com\/en\/about-us-rdi\/\",\"name\":\"About us R&amp;D+i - Lainco\",\"isPartOf\":{\"@id\":\"https:\/\/lainco.com\/en\/#website\"},\"primaryImageOfPage\":{\"@id\":\"https:\/\/lainco.com\/en\/about-us-rdi\/#primaryimage\"},\"image\":{\"@id\":\"https:\/\/lainco.com\/en\/about-us-rdi\/#primaryimage\"},\"thumbnailUrl\":\"https:\/\/lainco.com\/wp-content\/uploads\/2022\/12\/cabecera-idi.png\",\"datePublished\":\"2022-11-16T13:22:58+00:00\",\"dateModified\":\"2024-02-12T14:37:51+00:00\",\"description\":\"Investigaci\u00f3n, desarrollo, fabricaci\u00f3n, envasado y comercializaci\u00f3n de productos fitosanitarios y farmac\u00e9uticos\",\"breadcrumb\":{\"@id\":\"https:\/\/lainco.com\/en\/about-us-rdi\/#breadcrumb\"},\"inLanguage\":\"en-US\",\"potentialAction\":[{\"@type\":\"ReadAction\",\"target\":[\"https:\/\/lainco.com\/en\/about-us-rdi\/\"]}]},{\"@type\":\"ImageObject\",\"inLanguage\":\"en-US\",\"@id\":\"https:\/\/lainco.com\/en\/about-us-rdi\/#primaryimage\",\"url\":\"https:\/\/lainco.com\/wp-content\/uploads\/2022\/12\/cabecera-idi.png\",\"contentUrl\":\"https:\/\/lainco.com\/wp-content\/uploads\/2022\/12\/cabecera-idi.png\"},{\"@type\":\"BreadcrumbList\",\"@id\":\"https:\/\/lainco.com\/en\/about-us-rdi\/#breadcrumb\",\"itemListElement\":[{\"@type\":\"ListItem\",\"position\":1,\"name\":\"Home\",\"item\":\"https:\/\/lainco.com\/en\/\"},{\"@type\":\"ListItem\",\"position\":2,\"name\":\"About us R&amp;D+i\"}]},{\"@type\":\"WebSite\",\"@id\":\"https:\/\/lainco.com\/en\/#website\",\"url\":\"https:\/\/lainco.com\/en\/\",\"name\":\"Lainco\",\"description\":\"Investigaci\u00f3n, desarrollo, fabricaci\u00f3n, envasado y comercializaci\u00f3n de productos fitosanitarios y farmac\u00e9uticos\",\"publisher\":{\"@id\":\"https:\/\/lainco.com\/en\/#organization\"},\"potentialAction\":[{\"@type\":\"SearchAction\",\"target\":{\"@type\":\"EntryPoint\",\"urlTemplate\":\"https:\/\/lainco.com\/en\/?s={search_term_string}\"},\"query-input\":{\"@type\":\"PropertyValueSpecification\",\"valueRequired\":true,\"valueName\":\"search_term_string\"}}],\"inLanguage\":\"en-US\"},{\"@type\":\"Organization\",\"@id\":\"https:\/\/lainco.com\/en\/#organization\",\"name\":\"Lainco\",\"alternateName\":\"Protecting Life since 1934\",\"url\":\"https:\/\/lainco.com\/en\/\",\"logo\":{\"@type\":\"ImageObject\",\"inLanguage\":\"en-US\",\"@id\":\"https:\/\/lainco.com\/en\/#\/schema\/logo\/image\/\",\"url\":\"https:\/\/lainco.com\/wp-content\/uploads\/2024\/01\/23141-Logo-90-LAINCO-color-baseline_pages-to-jpg-0001-1.jpg\",\"contentUrl\":\"https:\/\/lainco.com\/wp-content\/uploads\/2024\/01\/23141-Logo-90-LAINCO-color-baseline_pages-to-jpg-0001-1.jpg\",\"width\":300,\"height\":90,\"caption\":\"Lainco\"},\"image\":{\"@id\":\"https:\/\/lainco.com\/en\/#\/schema\/logo\/image\/\"}}]}<\/script>\n<!-- \/ Yoast SEO plugin. -->","yoast_head_json":{"title":"About us R&amp;D+i - Lainco","description":"Investigaci\u00f3n, desarrollo, fabricaci\u00f3n, envasado y comercializaci\u00f3n de productos fitosanitarios y farmac\u00e9uticos","robots":{"index":"index","follow":"follow","max-snippet":"max-snippet:-1","max-image-preview":"max-image-preview:large","max-video-preview":"max-video-preview:-1"},"canonical":"https:\/\/lainco.com\/en\/about-us-rdi\/","og_locale":"en_US","og_type":"article","og_title":"About us R&amp;D+i - Lainco","og_description":"Investigaci\u00f3n, desarrollo, fabricaci\u00f3n, envasado y comercializaci\u00f3n de productos fitosanitarios y farmac\u00e9uticos","og_url":"https:\/\/lainco.com\/en\/about-us-rdi\/","og_site_name":"Lainco","article_modified_time":"2024-02-12T14:37:51+00:00","og_image":[{"url":"https:\/\/lainco.com\/wp-content\/uploads\/2022\/12\/cabecera-idi.png","type":"","width":"","height":""}],"twitter_card":"summary_large_image","twitter_misc":{"Est. reading time":"2 minutes"},"schema":{"@context":"https:\/\/schema.org","@graph":[{"@type":"WebPage","@id":"https:\/\/lainco.com\/en\/about-us-rdi\/","url":"https:\/\/lainco.com\/en\/about-us-rdi\/","name":"About us R&amp;D+i - Lainco","isPartOf":{"@id":"https:\/\/lainco.com\/en\/#website"},"primaryImageOfPage":{"@id":"https:\/\/lainco.com\/en\/about-us-rdi\/#primaryimage"},"image":{"@id":"https:\/\/lainco.com\/en\/about-us-rdi\/#primaryimage"},"thumbnailUrl":"https:\/\/lainco.com\/wp-content\/uploads\/2022\/12\/cabecera-idi.png","datePublished":"2022-11-16T13:22:58+00:00","dateModified":"2024-02-12T14:37:51+00:00","description":"Investigaci\u00f3n, desarrollo, fabricaci\u00f3n, envasado y comercializaci\u00f3n de productos fitosanitarios y farmac\u00e9uticos","breadcrumb":{"@id":"https:\/\/lainco.com\/en\/about-us-rdi\/#breadcrumb"},"inLanguage":"en-US","potentialAction":[{"@type":"ReadAction","target":["https:\/\/lainco.com\/en\/about-us-rdi\/"]}]},{"@type":"ImageObject","inLanguage":"en-US","@id":"https:\/\/lainco.com\/en\/about-us-rdi\/#primaryimage","url":"https:\/\/lainco.com\/wp-content\/uploads\/2022\/12\/cabecera-idi.png","contentUrl":"https:\/\/lainco.com\/wp-content\/uploads\/2022\/12\/cabecera-idi.png"},{"@type":"BreadcrumbList","@id":"https:\/\/lainco.com\/en\/about-us-rdi\/#breadcrumb","itemListElement":[{"@type":"ListItem","position":1,"name":"Home","item":"https:\/\/lainco.com\/en\/"},{"@type":"ListItem","position":2,"name":"About us R&amp;D+i"}]},{"@type":"WebSite","@id":"https:\/\/lainco.com\/en\/#website","url":"https:\/\/lainco.com\/en\/","name":"Lainco","description":"Investigaci\u00f3n, desarrollo, fabricaci\u00f3n, envasado y comercializaci\u00f3n de productos fitosanitarios y farmac\u00e9uticos","publisher":{"@id":"https:\/\/lainco.com\/en\/#organization"},"potentialAction":[{"@type":"SearchAction","target":{"@type":"EntryPoint","urlTemplate":"https:\/\/lainco.com\/en\/?s={search_term_string}"},"query-input":{"@type":"PropertyValueSpecification","valueRequired":true,"valueName":"search_term_string"}}],"inLanguage":"en-US"},{"@type":"Organization","@id":"https:\/\/lainco.com\/en\/#organization","name":"Lainco","alternateName":"Protecting Life since 1934","url":"https:\/\/lainco.com\/en\/","logo":{"@type":"ImageObject","inLanguage":"en-US","@id":"https:\/\/lainco.com\/en\/#\/schema\/logo\/image\/","url":"https:\/\/lainco.com\/wp-content\/uploads\/2024\/01\/23141-Logo-90-LAINCO-color-baseline_pages-to-jpg-0001-1.jpg","contentUrl":"https:\/\/lainco.com\/wp-content\/uploads\/2024\/01\/23141-Logo-90-LAINCO-color-baseline_pages-to-jpg-0001-1.jpg","width":300,"height":90,"caption":"Lainco"},"image":{"@id":"https:\/\/lainco.com\/en\/#\/schema\/logo\/image\/"}}]}},"_links":{"self":[{"href":"https:\/\/lainco.com\/en\/wp-json\/wp\/v2\/pages\/3077","targetHints":{"allow":["GET"]}}],"collection":[{"href":"https:\/\/lainco.com\/en\/wp-json\/wp\/v2\/pages"}],"about":[{"href":"https:\/\/lainco.com\/en\/wp-json\/wp\/v2\/types\/page"}],"author":[{"embeddable":true,"href":"https:\/\/lainco.com\/en\/wp-json\/wp\/v2\/users\/1"}],"replies":[{"embeddable":true,"href":"https:\/\/lainco.com\/en\/wp-json\/wp\/v2\/comments?post=3077"}],"version-history":[{"count":6,"href":"https:\/\/lainco.com\/en\/wp-json\/wp\/v2\/pages\/3077\/revisions"}],"predecessor-version":[{"id":9585,"href":"https:\/\/lainco.com\/en\/wp-json\/wp\/v2\/pages\/3077\/revisions\/9585"}],"wp:attachment":[{"href":"https:\/\/lainco.com\/en\/wp-json\/wp\/v2\/media?parent=3077"}],"curies":[{"name":"wp","href":"https:\/\/api.w.org\/{rel}","templated":true}]}}