{"id":3073,"date":"2022-11-17T16:50:18","date_gmt":"2022-11-17T15:50:18","guid":{"rendered":"https:\/\/lainco.com\/about-us-committed-to-the-environment\/"},"modified":"2023-04-24T08:20:46","modified_gmt":"2023-04-24T07:20:46","slug":"about-us-committed-to-the-environment","status":"publish","type":"page","link":"https:\/\/lainco.com\/en\/about-us-committed-to-the-environment\/","title":{"rendered":"About us &#8211; Committed to the environment"},"content":{"rendered":"\n<div class=\"wp-block-group section\"><div class=\"wp-block-group__inner-container is-layout-constrained wp-block-group-is-layout-constrained\">\n<h1 class=\"wp-block-heading\">Committed to the environment<\/h1>\n\n\n\n<figure class=\"wp-block-image size-large\"><img decoding=\"async\" src=\"https:\/\/lainco.com\/wp-content\/uploads\/2022\/11\/objetivos_sostenibles-01.svg\" alt=\"\" class=\"wp-image-2954\"\/><\/figure>\n\n\n\n<hr class=\"wp-block-separator has-alpha-channel-opacity mb-5\"\/>\n<\/div><\/div>\n\n\n\n<div class=\"wp-block-group section-xl\"><div class=\"wp-block-group__inner-container is-layout-constrained wp-block-group-is-layout-constrained\"><div class=\"wp-bootstrap-blocks-row row gx-7 gy-4\">\n\t\n\n<div class=\"col-12 col-xl-6\">\n\t\t\t\n\n<div class=\"wp-block-group\"><div class=\"wp-block-group__inner-container is-layout-constrained wp-block-group-is-layout-constrained\">\n<p class=\"wp-block-paragraph\">With an unappealable awareness of action to protect the environment and facing the challenges of sustainability and efficient development, its commitment to quality, technological innovation and respect for our living environment.<\/p>\n\n\n\n<p class=\"wp-block-paragraph\">The duty we have for and with society is to protect life, from people to the soil, understood as the source of life and the basis for our food. Through actions such as minimising waste production, improving our products, research, developing bio-solutions and continuously updating technological knowledge applicable to the quality and environmental performance of our activities.<\/p>\n\n\n\n<p class=\"wp-block-paragraph\">From the different departments and levels of the company, we work to achieve the United Nations Sustainable Development Goals (SDGs) for the 2030 agenda.<\/p>\n<\/div><\/div>\n\n\n\n<div class=\"wp-block-buttons is-layout-flex wp-block-buttons-is-layout-flex\">\n<div class=\"wp-block-button is-style-outline is-style-outline--1\"><a class=\"wp-block-button__link wp-element-button\" href=\"https:\/\/drive.google.com\/file\/d\/1yOb8SR-uTOUY7UlKb3-QbkapOTxhr2U0\/view?usp=sharing\" target=\"_blank\" rel=\"noreferrer noopener\">Quality and Environment Guide<\/a><\/div>\n\n\n\n<div class=\"wp-block-button is-style-outline is-style-outline--2\"><a class=\"wp-block-button__link wp-element-button\" href=\"https:\/\/drive.google.com\/file\/d\/1TUb061lOtw2lr_l5khsUK3q7DclrI5ZU\/view?usp=sharing\" target=\"_blank\" rel=\"noreferrer noopener\">IMS Policy<\/a><\/div>\n<\/div>\n\n\t<\/div>\n\n\n\n<div class=\"col-12 col-xl-6\">\n\t\t\t\n\n<figure class=\"wp-block-image size-large\"><img loading=\"lazy\" decoding=\"async\" width=\"1024\" height=\"740\" src=\"https:\/\/lainco.com\/wp-content\/uploads\/2022\/12\/compromisoYmedioambiente-1024x740.png\" alt=\"\" class=\"wp-image-3319\" srcset=\"https:\/\/lainco.com\/wp-content\/uploads\/2022\/12\/compromisoYmedioambiente-1024x740.png 1024w, https:\/\/lainco.com\/wp-content\/uploads\/2022\/12\/compromisoYmedioambiente-300x217.png 300w, https:\/\/lainco.com\/wp-content\/uploads\/2022\/12\/compromisoYmedioambiente-768x555.png 768w, https:\/\/lainco.com\/wp-content\/uploads\/2022\/12\/compromisoYmedioambiente.png 1323w\" sizes=\"auto, (max-width: 1024px) 100vw, 1024px\" \/><\/figure>\n\n\n\n<div class=\"wp-block-buttons is-layout-flex wp-container-core-buttons-is-layout-a68e0a8e wp-block-buttons-is-layout-flex\"><\/div>\n\n\t<\/div>\n\n<\/div>\n<\/div><\/div>\n\n\n\n<div class=\"wp-block-group section\"><div class=\"wp-block-group__inner-container is-layout-constrained wp-block-group-is-layout-constrained\">\n<h2 class=\"wp-block-heading\">SDG<\/h2>\n\n\n\n<hr class=\"wp-block-separator has-alpha-channel-opacity mb-5\"\/>\n\n\n<div class=\"wp-bootstrap-blocks-row row gy-4 row-5-cols\">\n\t\n\n<div class=\"col-12 col-md-6 col-lg-4 col-xl-2\">\n\t\t\t\n\n<figure class=\"wp-block-image size-large\"><img decoding=\"async\" src=\"https:\/\/lainco.com\/wp-content\/uploads\/2022\/11\/3_salud-01.svg\" alt=\"\" class=\"wp-image-2962\"\/><\/figure>\n\n\n\n<hr class=\"wp-block-separator has-alpha-channel-opacity\"\/>\n\n\n\n<p class=\"wp-block-paragraph\"><strong>SDG 3<\/strong><br>The health and well-being of all staff members by offering a health insurance service to all of them.<\/p>\n\n\t<\/div>\n\n\n\n<div class=\"col-12 col-md-6 col-lg-4 col-xl-2\">\n\t\t\t\n\n<figure class=\"wp-block-image size-large\"><img decoding=\"async\" src=\"https:\/\/lainco.com\/wp-content\/uploads\/2022\/11\/5_igualdad-01.svg\" alt=\"\" class=\"wp-image-2968\"\/><\/figure>\n\n\n\n<hr class=\"wp-block-separator has-alpha-channel-opacity\"\/>\n\n\n\n<p class=\"wp-block-paragraph\"><strong>SDG 5<\/strong><br>Equality Committee<\/p>\n\n\n\n<p class=\"wp-block-paragraph\">Equality Plan 2021-2023<\/p>\n\n\n\n<p class=\"wp-block-paragraph\">Equal Opportunities and Diversity Policy<\/p>\n\n\t<\/div>\n\n\n\n<div class=\"col-12 col-md-6 col-lg-4 col-xl-2\">\n\t\t\t\n\n<figure class=\"wp-block-image size-large\"><img decoding=\"async\" src=\"https:\/\/lainco.com\/wp-content\/uploads\/2022\/11\/7_energia-01.svg\" alt=\"\" class=\"wp-image-2971\"\/><\/figure>\n\n\n\n<hr class=\"wp-block-separator has-alpha-channel-opacity\"\/>\n\n\n\n<p class=\"wp-block-paragraph\"><strong>SDG 7<br><\/strong>In 2022 we approved the project to install photovoltaic panels.<\/p>\n\n\n\n<p class=\"wp-block-paragraph\">Conventional lighting with LEDs, resulting in lower heat emission and significant energy savings.<\/p>\n\n\t<\/div>\n\n\n\n<div class=\"col-12 col-md-6 col-lg-4 col-xl-2\">\n\t\t\t\n\n<figure class=\"wp-block-image size-large\"><img decoding=\"async\" src=\"https:\/\/lainco.com\/wp-content\/uploads\/2022\/11\/9_inovacion-01-01.svg\" alt=\"\" class=\"wp-image-2973\"\/><\/figure>\n\n\n\n<hr class=\"wp-block-separator has-alpha-channel-opacity\"\/>\n\n\n\n<p class=\"wp-block-paragraph\"><strong>SDG 9<br><\/strong>R&amp;D in the formulation of more environmentally friendly products<\/p>\n\n\n\n<p class=\"wp-block-paragraph\">More efficient machinery and facilities<\/p>\n\n\t<\/div>\n\n\n\n<div class=\"col-12 col-md-6 col-lg-4 col-xl-2\">\n\t\t\t\n\n<figure class=\"wp-block-image size-large\"><img decoding=\"async\" src=\"https:\/\/lainco.com\/wp-content\/uploads\/2022\/11\/12_produccion-01.svg\" alt=\"\" class=\"wp-image-2975\"\/><\/figure>\n\n\n\n<hr class=\"wp-block-separator has-alpha-channel-opacity\"\/>\n\n\n\n<p class=\"wp-block-paragraph\"><strong>SDG 12<\/strong><br>We participate in comprehensive packaging recycling systems:<\/p>\n\n\n\n<ul class=\"wp-block-list\">\n<li>SIGFITO<\/li>\n\n\n\n<li>ECOEMBES<\/li>\n\n\n\n<li>SIGRE<\/li>\n\n\n\n<li>VALORFITO<\/li>\n\n\n\n<li>COVADA<\/li>\n<\/ul>\n\n\n\n<p class=\"wp-block-paragraph\">Hazardous waste minimisation studies.<br>Operational control in ISO 14001<\/p>\n\n\t<\/div>\n\n<\/div>\n<\/div><\/div>\n","protected":false},"excerpt":{"rendered":"<p>Committed to the environment SDG [&#8230;]<\/p>\n<p><a class=\"btn btn-outline-secondary btn-sm understrap-read-more-link\" href=\"https:\/\/lainco.com\/en\/about-us-committed-to-the-environment\/\">Read More&#8230;<span class=\"screen-reader-text\"> from About us &#8211; Committed to the environment<\/span><\/a><\/p>\n","protected":false},"author":1,"featured_media":0,"parent":0,"menu_order":0,"comment_status":"closed","ping_status":"closed","template":"","meta":{"_acf_changed":false,"_crdt_document":"","footnotes":""},"class_list":["post-3073","page","type-page","status-publish","hentry"],"acf":[],"yoast_head":"<!-- This site is optimized with the Yoast SEO plugin v26.9 - https:\/\/yoast.com\/product\/yoast-seo-wordpress\/ -->\n<title>About us - Committed to the environment - Lainco<\/title>\n<meta name=\"description\" content=\"Investigaci\u00f3n, desarrollo, fabricaci\u00f3n, envasado y comercializaci\u00f3n de productos fitosanitarios y farmac\u00e9uticos\" \/>\n<meta name=\"robots\" content=\"index, follow, max-snippet:-1, max-image-preview:large, max-video-preview:-1\" \/>\n<link rel=\"canonical\" href=\"https:\/\/lainco.com\/en\/about-us-committed-to-the-environment\/\" \/>\n<meta property=\"og:locale\" content=\"en_US\" \/>\n<meta property=\"og:type\" content=\"article\" \/>\n<meta property=\"og:title\" content=\"About us - Committed to the environment - Lainco\" \/>\n<meta property=\"og:description\" content=\"Investigaci\u00f3n, desarrollo, fabricaci\u00f3n, envasado y comercializaci\u00f3n de productos fitosanitarios y farmac\u00e9uticos\" \/>\n<meta property=\"og:url\" content=\"https:\/\/lainco.com\/en\/about-us-committed-to-the-environment\/\" \/>\n<meta property=\"og:site_name\" content=\"Lainco\" \/>\n<meta property=\"article:modified_time\" content=\"2023-04-24T07:20:46+00:00\" \/>\n<meta property=\"og:image\" content=\"https:\/\/lainco.com\/wp-content\/uploads\/2022\/11\/objetivos_sostenibles-01.svg\" \/>\n<meta name=\"twitter:card\" content=\"summary_large_image\" \/>\n<meta name=\"twitter:label1\" content=\"Est. reading time\" \/>\n\t<meta name=\"twitter:data1\" content=\"3 minutes\" \/>\n<script type=\"application\/ld+json\" class=\"yoast-schema-graph\">{\"@context\":\"https:\/\/schema.org\",\"@graph\":[{\"@type\":\"WebPage\",\"@id\":\"https:\/\/lainco.com\/en\/about-us-committed-to-the-environment\/\",\"url\":\"https:\/\/lainco.com\/en\/about-us-committed-to-the-environment\/\",\"name\":\"About us - Committed to the environment - Lainco\",\"isPartOf\":{\"@id\":\"https:\/\/lainco.com\/en\/#website\"},\"primaryImageOfPage\":{\"@id\":\"https:\/\/lainco.com\/en\/about-us-committed-to-the-environment\/#primaryimage\"},\"image\":{\"@id\":\"https:\/\/lainco.com\/en\/about-us-committed-to-the-environment\/#primaryimage\"},\"thumbnailUrl\":\"https:\/\/lainco.com\/wp-content\/uploads\/2022\/11\/objetivos_sostenibles-01.svg\",\"datePublished\":\"2022-11-17T15:50:18+00:00\",\"dateModified\":\"2023-04-24T07:20:46+00:00\",\"description\":\"Investigaci\u00f3n, desarrollo, fabricaci\u00f3n, envasado y comercializaci\u00f3n de productos fitosanitarios y farmac\u00e9uticos\",\"breadcrumb\":{\"@id\":\"https:\/\/lainco.com\/en\/about-us-committed-to-the-environment\/#breadcrumb\"},\"inLanguage\":\"en-US\",\"potentialAction\":[{\"@type\":\"ReadAction\",\"target\":[\"https:\/\/lainco.com\/en\/about-us-committed-to-the-environment\/\"]}]},{\"@type\":\"ImageObject\",\"inLanguage\":\"en-US\",\"@id\":\"https:\/\/lainco.com\/en\/about-us-committed-to-the-environment\/#primaryimage\",\"url\":\"https:\/\/lainco.com\/wp-content\/uploads\/2022\/11\/objetivos_sostenibles-01.svg\",\"contentUrl\":\"https:\/\/lainco.com\/wp-content\/uploads\/2022\/11\/objetivos_sostenibles-01.svg\"},{\"@type\":\"BreadcrumbList\",\"@id\":\"https:\/\/lainco.com\/en\/about-us-committed-to-the-environment\/#breadcrumb\",\"itemListElement\":[{\"@type\":\"ListItem\",\"position\":1,\"name\":\"Home\",\"item\":\"https:\/\/lainco.com\/en\/\"},{\"@type\":\"ListItem\",\"position\":2,\"name\":\"About us &#8211; Committed to the environment\"}]},{\"@type\":\"WebSite\",\"@id\":\"https:\/\/lainco.com\/en\/#website\",\"url\":\"https:\/\/lainco.com\/en\/\",\"name\":\"Lainco\",\"description\":\"Investigaci\u00f3n, desarrollo, fabricaci\u00f3n, envasado y comercializaci\u00f3n de productos fitosanitarios y farmac\u00e9uticos\",\"publisher\":{\"@id\":\"https:\/\/lainco.com\/en\/#organization\"},\"potentialAction\":[{\"@type\":\"SearchAction\",\"target\":{\"@type\":\"EntryPoint\",\"urlTemplate\":\"https:\/\/lainco.com\/en\/?s={search_term_string}\"},\"query-input\":{\"@type\":\"PropertyValueSpecification\",\"valueRequired\":true,\"valueName\":\"search_term_string\"}}],\"inLanguage\":\"en-US\"},{\"@type\":\"Organization\",\"@id\":\"https:\/\/lainco.com\/en\/#organization\",\"name\":\"Lainco\",\"alternateName\":\"Protecting Life since 1934\",\"url\":\"https:\/\/lainco.com\/en\/\",\"logo\":{\"@type\":\"ImageObject\",\"inLanguage\":\"en-US\",\"@id\":\"https:\/\/lainco.com\/en\/#\/schema\/logo\/image\/\",\"url\":\"https:\/\/lainco.com\/wp-content\/uploads\/2024\/01\/23141-Logo-90-LAINCO-color-baseline_pages-to-jpg-0001-1.jpg\",\"contentUrl\":\"https:\/\/lainco.com\/wp-content\/uploads\/2024\/01\/23141-Logo-90-LAINCO-color-baseline_pages-to-jpg-0001-1.jpg\",\"width\":300,\"height\":90,\"caption\":\"Lainco\"},\"image\":{\"@id\":\"https:\/\/lainco.com\/en\/#\/schema\/logo\/image\/\"}}]}<\/script>\n<!-- \/ Yoast SEO plugin. -->","yoast_head_json":{"title":"About us - Committed to the environment - Lainco","description":"Investigaci\u00f3n, desarrollo, fabricaci\u00f3n, envasado y comercializaci\u00f3n de productos fitosanitarios y farmac\u00e9uticos","robots":{"index":"index","follow":"follow","max-snippet":"max-snippet:-1","max-image-preview":"max-image-preview:large","max-video-preview":"max-video-preview:-1"},"canonical":"https:\/\/lainco.com\/en\/about-us-committed-to-the-environment\/","og_locale":"en_US","og_type":"article","og_title":"About us - Committed to the environment - Lainco","og_description":"Investigaci\u00f3n, desarrollo, fabricaci\u00f3n, envasado y comercializaci\u00f3n de productos fitosanitarios y farmac\u00e9uticos","og_url":"https:\/\/lainco.com\/en\/about-us-committed-to-the-environment\/","og_site_name":"Lainco","article_modified_time":"2023-04-24T07:20:46+00:00","og_image":[{"url":"https:\/\/lainco.com\/wp-content\/uploads\/2022\/11\/objetivos_sostenibles-01.svg","type":"","width":"","height":""}],"twitter_card":"summary_large_image","twitter_misc":{"Est. reading time":"3 minutes"},"schema":{"@context":"https:\/\/schema.org","@graph":[{"@type":"WebPage","@id":"https:\/\/lainco.com\/en\/about-us-committed-to-the-environment\/","url":"https:\/\/lainco.com\/en\/about-us-committed-to-the-environment\/","name":"About us - Committed to the environment - Lainco","isPartOf":{"@id":"https:\/\/lainco.com\/en\/#website"},"primaryImageOfPage":{"@id":"https:\/\/lainco.com\/en\/about-us-committed-to-the-environment\/#primaryimage"},"image":{"@id":"https:\/\/lainco.com\/en\/about-us-committed-to-the-environment\/#primaryimage"},"thumbnailUrl":"https:\/\/lainco.com\/wp-content\/uploads\/2022\/11\/objetivos_sostenibles-01.svg","datePublished":"2022-11-17T15:50:18+00:00","dateModified":"2023-04-24T07:20:46+00:00","description":"Investigaci\u00f3n, desarrollo, fabricaci\u00f3n, envasado y comercializaci\u00f3n de productos fitosanitarios y farmac\u00e9uticos","breadcrumb":{"@id":"https:\/\/lainco.com\/en\/about-us-committed-to-the-environment\/#breadcrumb"},"inLanguage":"en-US","potentialAction":[{"@type":"ReadAction","target":["https:\/\/lainco.com\/en\/about-us-committed-to-the-environment\/"]}]},{"@type":"ImageObject","inLanguage":"en-US","@id":"https:\/\/lainco.com\/en\/about-us-committed-to-the-environment\/#primaryimage","url":"https:\/\/lainco.com\/wp-content\/uploads\/2022\/11\/objetivos_sostenibles-01.svg","contentUrl":"https:\/\/lainco.com\/wp-content\/uploads\/2022\/11\/objetivos_sostenibles-01.svg"},{"@type":"BreadcrumbList","@id":"https:\/\/lainco.com\/en\/about-us-committed-to-the-environment\/#breadcrumb","itemListElement":[{"@type":"ListItem","position":1,"name":"Home","item":"https:\/\/lainco.com\/en\/"},{"@type":"ListItem","position":2,"name":"About us &#8211; Committed to the environment"}]},{"@type":"WebSite","@id":"https:\/\/lainco.com\/en\/#website","url":"https:\/\/lainco.com\/en\/","name":"Lainco","description":"Investigaci\u00f3n, desarrollo, fabricaci\u00f3n, envasado y comercializaci\u00f3n de productos fitosanitarios y farmac\u00e9uticos","publisher":{"@id":"https:\/\/lainco.com\/en\/#organization"},"potentialAction":[{"@type":"SearchAction","target":{"@type":"EntryPoint","urlTemplate":"https:\/\/lainco.com\/en\/?s={search_term_string}"},"query-input":{"@type":"PropertyValueSpecification","valueRequired":true,"valueName":"search_term_string"}}],"inLanguage":"en-US"},{"@type":"Organization","@id":"https:\/\/lainco.com\/en\/#organization","name":"Lainco","alternateName":"Protecting Life since 1934","url":"https:\/\/lainco.com\/en\/","logo":{"@type":"ImageObject","inLanguage":"en-US","@id":"https:\/\/lainco.com\/en\/#\/schema\/logo\/image\/","url":"https:\/\/lainco.com\/wp-content\/uploads\/2024\/01\/23141-Logo-90-LAINCO-color-baseline_pages-to-jpg-0001-1.jpg","contentUrl":"https:\/\/lainco.com\/wp-content\/uploads\/2024\/01\/23141-Logo-90-LAINCO-color-baseline_pages-to-jpg-0001-1.jpg","width":300,"height":90,"caption":"Lainco"},"image":{"@id":"https:\/\/lainco.com\/en\/#\/schema\/logo\/image\/"}}]}},"_links":{"self":[{"href":"https:\/\/lainco.com\/en\/wp-json\/wp\/v2\/pages\/3073","targetHints":{"allow":["GET"]}}],"collection":[{"href":"https:\/\/lainco.com\/en\/wp-json\/wp\/v2\/pages"}],"about":[{"href":"https:\/\/lainco.com\/en\/wp-json\/wp\/v2\/types\/page"}],"author":[{"embeddable":true,"href":"https:\/\/lainco.com\/en\/wp-json\/wp\/v2\/users\/1"}],"replies":[{"embeddable":true,"href":"https:\/\/lainco.com\/en\/wp-json\/wp\/v2\/comments?post=3073"}],"version-history":[{"count":11,"href":"https:\/\/lainco.com\/en\/wp-json\/wp\/v2\/pages\/3073\/revisions"}],"predecessor-version":[{"id":5513,"href":"https:\/\/lainco.com\/en\/wp-json\/wp\/v2\/pages\/3073\/revisions\/5513"}],"wp:attachment":[{"href":"https:\/\/lainco.com\/en\/wp-json\/wp\/v2\/media?parent=3073"}],"curies":[{"name":"wp","href":"https:\/\/api.w.org\/{rel}","templated":true}]}}