{"id":3069,"date":"2022-11-24T13:37:15","date_gmt":"2022-11-24T12:37:15","guid":{"rendered":"https:\/\/lainco.com\/about-us-history\/"},"modified":"2023-01-05T14:38:35","modified_gmt":"2023-01-05T13:38:35","slug":"about-us-history","status":"publish","type":"page","link":"https:\/\/lainco.com\/en\/about-us-history\/","title":{"rendered":"About us &#8211; History"},"content":{"rendered":"\n<div class=\"wp-block-group section\"><div class=\"wp-block-group__inner-container is-layout-constrained wp-block-group-is-layout-constrained\">\n<h1 class=\"wp-block-heading\">Improving the quality <br>of life of people and crops<\/h1>\n\n\n\n<hr class=\"wp-block-separator has-alpha-channel-opacity mb-5\"\/>\n\n\n\n<figure class=\"wp-block-image size-full\"><img loading=\"lazy\" decoding=\"async\" width=\"2699\" height=\"1094\" src=\"https:\/\/lainco.com\/wp-content\/uploads\/2022\/12\/cabecera-historia.png\" alt=\"\" class=\"wp-image-3315\" srcset=\"https:\/\/lainco.com\/wp-content\/uploads\/2022\/12\/cabecera-historia.png 2699w, https:\/\/lainco.com\/wp-content\/uploads\/2022\/12\/cabecera-historia-300x122.png 300w, https:\/\/lainco.com\/wp-content\/uploads\/2022\/12\/cabecera-historia-1024x415.png 1024w, https:\/\/lainco.com\/wp-content\/uploads\/2022\/12\/cabecera-historia-768x311.png 768w, https:\/\/lainco.com\/wp-content\/uploads\/2022\/12\/cabecera-historia-1536x623.png 1536w, https:\/\/lainco.com\/wp-content\/uploads\/2022\/12\/cabecera-historia-2048x830.png 2048w\" sizes=\"auto, (max-width: 2699px) 100vw, 2699px\" \/><\/figure>\n<\/div><\/div>\n\n\n\n<div class=\"wp-block-group section\"><div class=\"wp-block-group__inner-container is-layout-constrained wp-block-group-is-layout-constrained\"><div class=\"wp-bootstrap-blocks-row row gx-6 gy-4\">\n\t\n\n<div class=\"col-12 col-md-6\">\n\t\t\t\n\n<p class=\"ico-lainco text-secondary fw-medium wp-block-paragraph\">Timeline<\/p>\n\n\n\n<h2 class=\"wp-block-heading\">Protecting life since 1934<\/h2>\n\n\t<\/div>\n\n\n\n<div class=\"col-12 col-md-6\">\n\t\t\t\t<\/div>\n\n<\/div>\n\n\n<div class=\"wp-bootstrap-blocks-row row gx-6 gy-4\">\n\t\n\n<div class=\"col-12 col-md-6\">\n\t\t\t\n\n<p class=\"mb-5 text-column wp-block-paragraph\">We contribute to well-being by developing solutions, understood as services and products that protect people\u2019s health while ensuring the production of quality food.<\/p>\n\n\n\n<figure class=\"wp-block-image size-large\"><img loading=\"lazy\" decoding=\"async\" width=\"668\" height=\"1024\" src=\"https:\/\/lainco.com\/wp-content\/uploads\/2022\/12\/historia-IMAGENlinea_tiempo-1-668x1024.png\" alt=\"\" class=\"wp-image-3329\" srcset=\"https:\/\/lainco.com\/wp-content\/uploads\/2022\/12\/historia-IMAGENlinea_tiempo-1-668x1024.png 668w, https:\/\/lainco.com\/wp-content\/uploads\/2022\/12\/historia-IMAGENlinea_tiempo-1-196x300.png 196w, https:\/\/lainco.com\/wp-content\/uploads\/2022\/12\/historia-IMAGENlinea_tiempo-1-768x1177.png 768w, https:\/\/lainco.com\/wp-content\/uploads\/2022\/12\/historia-IMAGENlinea_tiempo-1-1003x1536.png 1003w, https:\/\/lainco.com\/wp-content\/uploads\/2022\/12\/historia-IMAGENlinea_tiempo-1-1337x2048.png 1337w, https:\/\/lainco.com\/wp-content\/uploads\/2022\/12\/historia-IMAGENlinea_tiempo-1.png 1376w\" sizes=\"auto, (max-width: 668px) 100vw, 668px\" \/><\/figure>\n\n\t<\/div>\n\n\n\n<div class=\"col-12 col-md-6\">\n\t\t\t\n\n<figure class=\"wp-block-image size-large\"><img loading=\"lazy\" decoding=\"async\" width=\"766\" height=\"1649\" src=\"https:\/\/lainco.com\/wp-content\/uploads\/2023\/01\/time-line-1_eng.svg\" alt=\"\" class=\"wp-image-4078\"\/><\/figure>\n\n\t<\/div>\n\n<\/div>\n<\/div><\/div>\n\n\n\n<div class=\"wp-block-group section-xl\"><div class=\"wp-block-group__inner-container is-layout-constrained wp-block-group-is-layout-constrained\">\n<p class=\"ico-lainco text-secondary fw-medium wp-block-paragraph\">Corporate Philosopy<\/p>\n\n\n\n<h2 class=\"wp-block-heading\">Our character<\/h2>\n\n\n\n<figure class=\"wp-block-image size-large is-resized my-4\"><img loading=\"lazy\" decoding=\"async\" src=\"https:\/\/lainco.com\/wp-content\/uploads\/2022\/12\/historia_Agile-01.svg\" alt=\"\" class=\"wp-image-3696\" width=\"1304\" height=\"195\"\/><\/figure>\n\n\n<div class=\"wp-bootstrap-blocks-row row gx-6 gy-4\">\n\t\n\n<div class=\"col-12 col-md-6\">\n\t\t\t\n\n<p class=\"wp-block-paragraph\">We constantly move forward and react to the needs presented by new challenges that arise in our fields of work: agriculture and pharmaceuticals.<\/p>\n\n\t<\/div>\n\n\n\n<div class=\"col-12 col-md-6\">\n\t\t\t\n\n<figure class=\"wp-block-image size-large\"><img loading=\"lazy\" decoding=\"async\" width=\"1024\" height=\"740\" src=\"https:\/\/lainco.com\/wp-content\/uploads\/2022\/12\/historia-agil-1024x740.png\" alt=\"\" class=\"wp-image-3327\" srcset=\"https:\/\/lainco.com\/wp-content\/uploads\/2022\/12\/historia-agil-1024x740.png 1024w, https:\/\/lainco.com\/wp-content\/uploads\/2022\/12\/historia-agil-300x217.png 300w, https:\/\/lainco.com\/wp-content\/uploads\/2022\/12\/historia-agil-768x555.png 768w, https:\/\/lainco.com\/wp-content\/uploads\/2022\/12\/historia-agil.png 1323w\" sizes=\"auto, (max-width: 1024px) 100vw, 1024px\" \/><\/figure>\n\n\t<\/div>\n\n<\/div>\n<\/div><\/div>\n\n\n\n<div class=\"wp-block-group section-xl\"><div class=\"wp-block-group__inner-container is-layout-constrained wp-block-group-is-layout-constrained\">\n<figure class=\"wp-block-image size-large is-resized my-4\"><img loading=\"lazy\" decoding=\"async\" src=\"https:\/\/lainco.com\/wp-content\/uploads\/2022\/12\/historia_Committed-01.svg\" alt=\"\" class=\"wp-image-3701\" width=\"1320\" height=\"198\"\/><\/figure>\n\n\n<div class=\"wp-bootstrap-blocks-row row gx-6 gy-4\">\n\t\n\n<div class=\"col-12 col-md-6\">\n\t\t\t\n\n<figure class=\"wp-block-image size-large\"><img loading=\"lazy\" decoding=\"async\" width=\"1024\" height=\"740\" src=\"https:\/\/lainco.com\/wp-content\/uploads\/2022\/12\/historia_comprometido-1024x740.png\" alt=\"\" class=\"wp-image-3321\" srcset=\"https:\/\/lainco.com\/wp-content\/uploads\/2022\/12\/historia_comprometido-1024x740.png 1024w, https:\/\/lainco.com\/wp-content\/uploads\/2022\/12\/historia_comprometido-300x217.png 300w, https:\/\/lainco.com\/wp-content\/uploads\/2022\/12\/historia_comprometido-768x555.png 768w, https:\/\/lainco.com\/wp-content\/uploads\/2022\/12\/historia_comprometido.png 1323w\" sizes=\"auto, (max-width: 1024px) 100vw, 1024px\" \/><\/figure>\n\n\t<\/div>\n\n\n\n<div class=\"col-12 col-md-6\">\n\t\t\t\n\n<p class=\"wp-block-paragraph\">Since 1934, we have been working with great effort and determination to offer quality and effective products. This has led us to create reliable relationships and to persevere, even in adverse circumstances.<\/p>\n\n\n\n<p class=\"wp-block-paragraph\">&#8211;<\/p>\n\n\t<\/div>\n\n<\/div>\n<\/div><\/div>\n\n\n\n<div class=\"wp-block-group section-xl\"><div class=\"wp-block-group__inner-container is-layout-constrained wp-block-group-is-layout-constrained\">\n<figure class=\"wp-block-image size-large is-resized my-4\"><img loading=\"lazy\" decoding=\"async\" src=\"https:\/\/lainco.com\/wp-content\/uploads\/2022\/12\/historia_sostenible-01.svg\" alt=\"\" class=\"wp-image-3705\" width=\"1325\" height=\"200\"\/><\/figure>\n\n\n<div class=\"wp-bootstrap-blocks-row row gx-6 gy-4\">\n\t\n\n<div class=\"col-12 col-md-6\">\n\t\t\t\n\n<p class=\"wp-block-paragraph\">At Lainco we are driven by a strong sense of responsibility towards sustainability and the environmental impact of all our processes and products. Aware of the concerns and threats towards our society, we develop solutions that help preserve the planet.<\/p>\n\n\t<\/div>\n\n\n\n<div class=\"col-12 col-md-6\">\n\t\t\t\n\n<figure class=\"wp-block-image size-large\"><img loading=\"lazy\" decoding=\"async\" width=\"1024\" height=\"740\" src=\"https:\/\/lainco.com\/wp-content\/uploads\/2022\/12\/historia_sostenible-1024x740.png\" alt=\"\" class=\"wp-image-3325\" srcset=\"https:\/\/lainco.com\/wp-content\/uploads\/2022\/12\/historia_sostenible-1024x740.png 1024w, https:\/\/lainco.com\/wp-content\/uploads\/2022\/12\/historia_sostenible-300x217.png 300w, https:\/\/lainco.com\/wp-content\/uploads\/2022\/12\/historia_sostenible-768x555.png 768w, https:\/\/lainco.com\/wp-content\/uploads\/2022\/12\/historia_sostenible.png 1323w\" sizes=\"auto, (max-width: 1024px) 100vw, 1024px\" \/><\/figure>\n\n\t<\/div>\n\n<\/div>\n<\/div><\/div>\n\n\n\n<div class=\"wp-block-group section-xl\"><div class=\"wp-block-group__inner-container is-layout-constrained wp-block-group-is-layout-constrained\">\n<figure class=\"wp-block-image size-large is-resized my-4\"><img loading=\"lazy\" decoding=\"async\" src=\"https:\/\/lainco.com\/wp-content\/uploads\/2022\/12\/historia_Collaborative-01-2.svg\" alt=\"\" class=\"wp-image-3714\" width=\"1323\" height=\"199\"\/><\/figure>\n\n\n\n<p class=\"wp-block-paragraph\">We will not achieve our mission in society by working alone. For this reason, we encourage teamwork and flow between departments to build excellent communication and mutual respect.<br>We show our respect for society and our customers in all our actions, offering opportunities for collaboration with the simple aim of promoting solutions that meet the needs of all the agents involved in our company.<\/p>\n\n\n\n<p class=\"wp-block-paragraph\">Our character is collaborative with the customer, who provides us with knowledge and experience, and with the associations with which we join forces.<\/p>\n\n\n\n<figure class=\"wp-block-gallery has-nested-images columns-default is-cropped wp-block-gallery-1 is-layout-flex wp-block-gallery-is-layout-flex\">\n<figure class=\"wp-block-image size-large\"><img loading=\"lazy\" decoding=\"async\" width=\"618\" height=\"332\" data-id=\"3420\" src=\"https:\/\/lainco.com\/wp-content\/uploads\/2022\/12\/iconos_logos_sigre.png\" alt=\"\" class=\"wp-image-3420\" srcset=\"https:\/\/lainco.com\/wp-content\/uploads\/2022\/12\/iconos_logos_sigre.png 618w, https:\/\/lainco.com\/wp-content\/uploads\/2022\/12\/iconos_logos_sigre-300x161.png 300w\" sizes=\"auto, (max-width: 618px) 100vw, 618px\" \/><\/figure>\n\n\n\n<figure class=\"wp-block-image size-large\"><img loading=\"lazy\" decoding=\"async\" width=\"618\" height=\"332\" data-id=\"3418\" src=\"https:\/\/lainco.com\/wp-content\/uploads\/2022\/12\/iconos_logos_sigfito.png\" alt=\"\" class=\"wp-image-3418\" srcset=\"https:\/\/lainco.com\/wp-content\/uploads\/2022\/12\/iconos_logos_sigfito.png 618w, https:\/\/lainco.com\/wp-content\/uploads\/2022\/12\/iconos_logos_sigfito-300x161.png 300w\" sizes=\"auto, (max-width: 618px) 100vw, 618px\" \/><\/figure>\n\n\n\n<figure class=\"wp-block-image size-large\"><img loading=\"lazy\" decoding=\"async\" width=\"618\" height=\"332\" data-id=\"3416\" src=\"https:\/\/lainco.com\/wp-content\/uploads\/2022\/12\/iconos_logos_LaCambra.png\" alt=\"\" class=\"wp-image-3416\" srcset=\"https:\/\/lainco.com\/wp-content\/uploads\/2022\/12\/iconos_logos_LaCambra.png 618w, https:\/\/lainco.com\/wp-content\/uploads\/2022\/12\/iconos_logos_LaCambra-300x161.png 300w\" sizes=\"auto, (max-width: 618px) 100vw, 618px\" \/><\/figure>\n\n\n\n<figure class=\"wp-block-image size-large\"><img loading=\"lazy\" decoding=\"async\" width=\"618\" height=\"332\" data-id=\"3414\" src=\"https:\/\/lainco.com\/wp-content\/uploads\/2022\/12\/iconos_logos_ibma.png\" alt=\"\" class=\"wp-image-3414\" srcset=\"https:\/\/lainco.com\/wp-content\/uploads\/2022\/12\/iconos_logos_ibma.png 618w, https:\/\/lainco.com\/wp-content\/uploads\/2022\/12\/iconos_logos_ibma-300x161.png 300w\" sizes=\"auto, (max-width: 618px) 100vw, 618px\" \/><\/figure>\n\n\n\n<figure class=\"wp-block-image size-large\"><img loading=\"lazy\" decoding=\"async\" width=\"618\" height=\"332\" data-id=\"3412\" src=\"https:\/\/lainco.com\/wp-content\/uploads\/2022\/12\/iconos_logos_farmaindustria.png\" alt=\"\" class=\"wp-image-3412\" srcset=\"https:\/\/lainco.com\/wp-content\/uploads\/2022\/12\/iconos_logos_farmaindustria.png 618w, https:\/\/lainco.com\/wp-content\/uploads\/2022\/12\/iconos_logos_farmaindustria-300x161.png 300w\" sizes=\"auto, (max-width: 618px) 100vw, 618px\" \/><\/figure>\n\n\n\n<figure class=\"wp-block-image size-large\"><a href=\"https:\/\/www.ecoembes.com\/es\"><img loading=\"lazy\" decoding=\"async\" width=\"618\" height=\"332\" data-id=\"3410\" src=\"https:\/\/lainco.com\/wp-content\/uploads\/2022\/12\/iconos_logos_ecoembres.png\" alt=\"\" class=\"wp-image-3410\" srcset=\"https:\/\/lainco.com\/wp-content\/uploads\/2022\/12\/iconos_logos_ecoembres.png 618w, https:\/\/lainco.com\/wp-content\/uploads\/2022\/12\/iconos_logos_ecoembres-300x161.png 300w\" sizes=\"auto, (max-width: 618px) 100vw, 618px\" \/><\/a><\/figure>\n\n\n\n<figure class=\"wp-block-image size-large\"><img loading=\"lazy\" decoding=\"async\" width=\"618\" height=\"332\" data-id=\"3408\" src=\"https:\/\/lainco.com\/wp-content\/uploads\/2022\/12\/iconos_logos_ecca.png\" alt=\"\" class=\"wp-image-3408\" srcset=\"https:\/\/lainco.com\/wp-content\/uploads\/2022\/12\/iconos_logos_ecca.png 618w, https:\/\/lainco.com\/wp-content\/uploads\/2022\/12\/iconos_logos_ecca-300x161.png 300w\" sizes=\"auto, (max-width: 618px) 100vw, 618px\" \/><\/figure>\n\n\n\n<figure class=\"wp-block-image size-large\"><img loading=\"lazy\" decoding=\"async\" width=\"618\" height=\"332\" data-id=\"3406\" src=\"https:\/\/lainco.com\/wp-content\/uploads\/2022\/12\/iconos_logos_APJ.png\" alt=\"\" class=\"wp-image-3406\" srcset=\"https:\/\/lainco.com\/wp-content\/uploads\/2022\/12\/iconos_logos_APJ.png 618w, https:\/\/lainco.com\/wp-content\/uploads\/2022\/12\/iconos_logos_APJ-300x161.png 300w\" sizes=\"auto, (max-width: 618px) 100vw, 618px\" \/><\/figure>\n\n\n\n<figure class=\"wp-block-image size-large is-style-rounded\"><img loading=\"lazy\" decoding=\"async\" width=\"618\" height=\"332\" data-id=\"3404\" src=\"https:\/\/lainco.com\/wp-content\/uploads\/2022\/12\/iconos_logos_aepla.png\" alt=\"\" class=\"wp-image-3404\" srcset=\"https:\/\/lainco.com\/wp-content\/uploads\/2022\/12\/iconos_logos_aepla.png 618w, https:\/\/lainco.com\/wp-content\/uploads\/2022\/12\/iconos_logos_aepla-300x161.png 300w\" sizes=\"auto, (max-width: 618px) 100vw, 618px\" \/><\/figure>\n<\/figure>\n<\/div><\/div>\n\n\n\n<div class=\"wp-block-group section\"><div class=\"wp-block-group__inner-container is-layout-constrained wp-block-group-is-layout-constrained\">\n<figure class=\"wp-block-image size-large is-resized my-4\"><img loading=\"lazy\" decoding=\"async\" src=\"https:\/\/lainco.com\/wp-content\/uploads\/2022\/12\/historia_Innovative-01.svg\" alt=\"\" class=\"wp-image-3717\" width=\"1276\" height=\"195\"\/><\/figure>\n\n\n\n<figure class=\"wp-block-image size-full\"><img loading=\"lazy\" decoding=\"async\" width=\"1323\" height=\"956\" src=\"https:\/\/lainco.com\/wp-content\/uploads\/2022\/12\/historia_innovador.png\" alt=\"\" class=\"wp-image-3323\" srcset=\"https:\/\/lainco.com\/wp-content\/uploads\/2022\/12\/historia_innovador.png 1323w, https:\/\/lainco.com\/wp-content\/uploads\/2022\/12\/historia_innovador-300x217.png 300w, https:\/\/lainco.com\/wp-content\/uploads\/2022\/12\/historia_innovador-1024x740.png 1024w, https:\/\/lainco.com\/wp-content\/uploads\/2022\/12\/historia_innovador-768x555.png 768w\" sizes=\"auto, (max-width: 1323px) 100vw, 1323px\" \/><\/figure>\n\n\n\n<p class=\"wp-block-paragraph\">We constantly improve our processes to optimise the progress and creation of new products that adapt to market trends and customer requests.<\/p>\n\n\n\n<p class=\"wp-block-paragraph\"><br>In order to generate new ideas and implement them, we use new methodologies and technologies that help us to strengthen our open-minded philosophy. In this way, we manage to be an innovative, creative and up-to-date company.<\/p>\n<\/div><\/div>\n","protected":false},"excerpt":{"rendered":"<p>Improving the quality of life of people and crops Corporate Philosopy Our character We will not achieve our mission in society by working alone. For this reason, we encourage teamwork and flow between departments to build excellent communication and mutual respect.We show our respect for society and our customers in all our actions, offering opportunities for collaboration with the simple aim of promoting solutions that meet the needs of all the agents involved in our company. Our character is collaborative with the customer, who provides us with knowledge and experience, and with the associations with which we join forces. We constantly [&#8230;]<\/p>\n<p><a class=\"btn btn-outline-secondary btn-sm understrap-read-more-link\" href=\"https:\/\/lainco.com\/en\/about-us-history\/\">Read More&#8230;<span class=\"screen-reader-text\"> from About us &#8211; History<\/span><\/a><\/p>\n","protected":false},"author":1,"featured_media":0,"parent":0,"menu_order":0,"comment_status":"closed","ping_status":"closed","template":"","meta":{"_acf_changed":false,"_crdt_document":"","footnotes":""},"class_list":["post-3069","page","type-page","status-publish","hentry"],"acf":[],"yoast_head":"<!-- This site is optimized with the Yoast SEO plugin v26.9 - https:\/\/yoast.com\/product\/yoast-seo-wordpress\/ -->\n<title>About us - History - Lainco<\/title>\n<meta name=\"description\" content=\"Investigaci\u00f3n, desarrollo, fabricaci\u00f3n, envasado y comercializaci\u00f3n de productos fitosanitarios y farmac\u00e9uticos\" \/>\n<meta name=\"robots\" content=\"index, follow, max-snippet:-1, max-image-preview:large, max-video-preview:-1\" \/>\n<link rel=\"canonical\" href=\"https:\/\/lainco.com\/en\/about-us-history\/\" \/>\n<meta property=\"og:locale\" content=\"en_US\" \/>\n<meta property=\"og:type\" content=\"article\" \/>\n<meta property=\"og:title\" content=\"About us - History - Lainco\" \/>\n<meta property=\"og:description\" content=\"Investigaci\u00f3n, desarrollo, fabricaci\u00f3n, envasado y comercializaci\u00f3n de productos fitosanitarios y farmac\u00e9uticos\" \/>\n<meta property=\"og:url\" content=\"https:\/\/lainco.com\/en\/about-us-history\/\" \/>\n<meta property=\"og:site_name\" content=\"Lainco\" \/>\n<meta property=\"article:modified_time\" content=\"2023-01-05T13:38:35+00:00\" \/>\n<meta property=\"og:image\" content=\"https:\/\/lainco.com\/wp-content\/uploads\/2022\/12\/cabecera-historia.png\" \/>\n<meta name=\"twitter:card\" content=\"summary_large_image\" \/>\n<meta name=\"twitter:label1\" content=\"Est. reading time\" \/>\n\t<meta name=\"twitter:data1\" content=\"6 minutes\" \/>\n<script type=\"application\/ld+json\" class=\"yoast-schema-graph\">{\"@context\":\"https:\/\/schema.org\",\"@graph\":[{\"@type\":\"WebPage\",\"@id\":\"https:\/\/lainco.com\/en\/about-us-history\/\",\"url\":\"https:\/\/lainco.com\/en\/about-us-history\/\",\"name\":\"About us - History - Lainco\",\"isPartOf\":{\"@id\":\"https:\/\/lainco.com\/en\/#website\"},\"primaryImageOfPage\":{\"@id\":\"https:\/\/lainco.com\/en\/about-us-history\/#primaryimage\"},\"image\":{\"@id\":\"https:\/\/lainco.com\/en\/about-us-history\/#primaryimage\"},\"thumbnailUrl\":\"https:\/\/lainco.com\/wp-content\/uploads\/2022\/12\/cabecera-historia.png\",\"datePublished\":\"2022-11-24T12:37:15+00:00\",\"dateModified\":\"2023-01-05T13:38:35+00:00\",\"description\":\"Investigaci\u00f3n, desarrollo, fabricaci\u00f3n, envasado y comercializaci\u00f3n de productos fitosanitarios y farmac\u00e9uticos\",\"breadcrumb\":{\"@id\":\"https:\/\/lainco.com\/en\/about-us-history\/#breadcrumb\"},\"inLanguage\":\"en-US\",\"potentialAction\":[{\"@type\":\"ReadAction\",\"target\":[\"https:\/\/lainco.com\/en\/about-us-history\/\"]}]},{\"@type\":\"ImageObject\",\"inLanguage\":\"en-US\",\"@id\":\"https:\/\/lainco.com\/en\/about-us-history\/#primaryimage\",\"url\":\"https:\/\/lainco.com\/wp-content\/uploads\/2022\/12\/cabecera-historia.png\",\"contentUrl\":\"https:\/\/lainco.com\/wp-content\/uploads\/2022\/12\/cabecera-historia.png\"},{\"@type\":\"BreadcrumbList\",\"@id\":\"https:\/\/lainco.com\/en\/about-us-history\/#breadcrumb\",\"itemListElement\":[{\"@type\":\"ListItem\",\"position\":1,\"name\":\"Home\",\"item\":\"https:\/\/lainco.com\/en\/\"},{\"@type\":\"ListItem\",\"position\":2,\"name\":\"About us &#8211; History\"}]},{\"@type\":\"WebSite\",\"@id\":\"https:\/\/lainco.com\/en\/#website\",\"url\":\"https:\/\/lainco.com\/en\/\",\"name\":\"Lainco\",\"description\":\"Investigaci\u00f3n, desarrollo, fabricaci\u00f3n, envasado y comercializaci\u00f3n de productos fitosanitarios y farmac\u00e9uticos\",\"publisher\":{\"@id\":\"https:\/\/lainco.com\/en\/#organization\"},\"potentialAction\":[{\"@type\":\"SearchAction\",\"target\":{\"@type\":\"EntryPoint\",\"urlTemplate\":\"https:\/\/lainco.com\/en\/?s={search_term_string}\"},\"query-input\":{\"@type\":\"PropertyValueSpecification\",\"valueRequired\":true,\"valueName\":\"search_term_string\"}}],\"inLanguage\":\"en-US\"},{\"@type\":\"Organization\",\"@id\":\"https:\/\/lainco.com\/en\/#organization\",\"name\":\"Lainco\",\"alternateName\":\"Protecting Life since 1934\",\"url\":\"https:\/\/lainco.com\/en\/\",\"logo\":{\"@type\":\"ImageObject\",\"inLanguage\":\"en-US\",\"@id\":\"https:\/\/lainco.com\/en\/#\/schema\/logo\/image\/\",\"url\":\"https:\/\/lainco.com\/wp-content\/uploads\/2024\/01\/23141-Logo-90-LAINCO-color-baseline_pages-to-jpg-0001-1.jpg\",\"contentUrl\":\"https:\/\/lainco.com\/wp-content\/uploads\/2024\/01\/23141-Logo-90-LAINCO-color-baseline_pages-to-jpg-0001-1.jpg\",\"width\":300,\"height\":90,\"caption\":\"Lainco\"},\"image\":{\"@id\":\"https:\/\/lainco.com\/en\/#\/schema\/logo\/image\/\"}}]}<\/script>\n<!-- \/ Yoast SEO plugin. -->","yoast_head_json":{"title":"About us - History - Lainco","description":"Investigaci\u00f3n, desarrollo, fabricaci\u00f3n, envasado y comercializaci\u00f3n de productos fitosanitarios y farmac\u00e9uticos","robots":{"index":"index","follow":"follow","max-snippet":"max-snippet:-1","max-image-preview":"max-image-preview:large","max-video-preview":"max-video-preview:-1"},"canonical":"https:\/\/lainco.com\/en\/about-us-history\/","og_locale":"en_US","og_type":"article","og_title":"About us - History - Lainco","og_description":"Investigaci\u00f3n, desarrollo, fabricaci\u00f3n, envasado y comercializaci\u00f3n de productos fitosanitarios y farmac\u00e9uticos","og_url":"https:\/\/lainco.com\/en\/about-us-history\/","og_site_name":"Lainco","article_modified_time":"2023-01-05T13:38:35+00:00","og_image":[{"url":"https:\/\/lainco.com\/wp-content\/uploads\/2022\/12\/cabecera-historia.png","type":"","width":"","height":""}],"twitter_card":"summary_large_image","twitter_misc":{"Est. reading time":"6 minutes"},"schema":{"@context":"https:\/\/schema.org","@graph":[{"@type":"WebPage","@id":"https:\/\/lainco.com\/en\/about-us-history\/","url":"https:\/\/lainco.com\/en\/about-us-history\/","name":"About us - History - Lainco","isPartOf":{"@id":"https:\/\/lainco.com\/en\/#website"},"primaryImageOfPage":{"@id":"https:\/\/lainco.com\/en\/about-us-history\/#primaryimage"},"image":{"@id":"https:\/\/lainco.com\/en\/about-us-history\/#primaryimage"},"thumbnailUrl":"https:\/\/lainco.com\/wp-content\/uploads\/2022\/12\/cabecera-historia.png","datePublished":"2022-11-24T12:37:15+00:00","dateModified":"2023-01-05T13:38:35+00:00","description":"Investigaci\u00f3n, desarrollo, fabricaci\u00f3n, envasado y comercializaci\u00f3n de productos fitosanitarios y farmac\u00e9uticos","breadcrumb":{"@id":"https:\/\/lainco.com\/en\/about-us-history\/#breadcrumb"},"inLanguage":"en-US","potentialAction":[{"@type":"ReadAction","target":["https:\/\/lainco.com\/en\/about-us-history\/"]}]},{"@type":"ImageObject","inLanguage":"en-US","@id":"https:\/\/lainco.com\/en\/about-us-history\/#primaryimage","url":"https:\/\/lainco.com\/wp-content\/uploads\/2022\/12\/cabecera-historia.png","contentUrl":"https:\/\/lainco.com\/wp-content\/uploads\/2022\/12\/cabecera-historia.png"},{"@type":"BreadcrumbList","@id":"https:\/\/lainco.com\/en\/about-us-history\/#breadcrumb","itemListElement":[{"@type":"ListItem","position":1,"name":"Home","item":"https:\/\/lainco.com\/en\/"},{"@type":"ListItem","position":2,"name":"About us &#8211; History"}]},{"@type":"WebSite","@id":"https:\/\/lainco.com\/en\/#website","url":"https:\/\/lainco.com\/en\/","name":"Lainco","description":"Investigaci\u00f3n, desarrollo, fabricaci\u00f3n, envasado y comercializaci\u00f3n de productos fitosanitarios y farmac\u00e9uticos","publisher":{"@id":"https:\/\/lainco.com\/en\/#organization"},"potentialAction":[{"@type":"SearchAction","target":{"@type":"EntryPoint","urlTemplate":"https:\/\/lainco.com\/en\/?s={search_term_string}"},"query-input":{"@type":"PropertyValueSpecification","valueRequired":true,"valueName":"search_term_string"}}],"inLanguage":"en-US"},{"@type":"Organization","@id":"https:\/\/lainco.com\/en\/#organization","name":"Lainco","alternateName":"Protecting Life since 1934","url":"https:\/\/lainco.com\/en\/","logo":{"@type":"ImageObject","inLanguage":"en-US","@id":"https:\/\/lainco.com\/en\/#\/schema\/logo\/image\/","url":"https:\/\/lainco.com\/wp-content\/uploads\/2024\/01\/23141-Logo-90-LAINCO-color-baseline_pages-to-jpg-0001-1.jpg","contentUrl":"https:\/\/lainco.com\/wp-content\/uploads\/2024\/01\/23141-Logo-90-LAINCO-color-baseline_pages-to-jpg-0001-1.jpg","width":300,"height":90,"caption":"Lainco"},"image":{"@id":"https:\/\/lainco.com\/en\/#\/schema\/logo\/image\/"}}]}},"_links":{"self":[{"href":"https:\/\/lainco.com\/en\/wp-json\/wp\/v2\/pages\/3069","targetHints":{"allow":["GET"]}}],"collection":[{"href":"https:\/\/lainco.com\/en\/wp-json\/wp\/v2\/pages"}],"about":[{"href":"https:\/\/lainco.com\/en\/wp-json\/wp\/v2\/types\/page"}],"author":[{"embeddable":true,"href":"https:\/\/lainco.com\/en\/wp-json\/wp\/v2\/users\/1"}],"replies":[{"embeddable":true,"href":"https:\/\/lainco.com\/en\/wp-json\/wp\/v2\/comments?post=3069"}],"version-history":[{"count":46,"href":"https:\/\/lainco.com\/en\/wp-json\/wp\/v2\/pages\/3069\/revisions"}],"predecessor-version":[{"id":4115,"href":"https:\/\/lainco.com\/en\/wp-json\/wp\/v2\/pages\/3069\/revisions\/4115"}],"wp:attachment":[{"href":"https:\/\/lainco.com\/en\/wp-json\/wp\/v2\/media?parent=3069"}],"curies":[{"name":"wp","href":"https:\/\/api.w.org\/{rel}","templated":true}]}}