{"id":10953,"date":"2024-04-23T13:59:28","date_gmt":"2024-04-23T12:59:28","guid":{"rendered":"https:\/\/lainco.com\/lainco-s-a-90-years-of-commitment\/"},"modified":"2024-04-24T14:37:41","modified_gmt":"2024-04-24T13:37:41","slug":"lainco-s-a-90-years-commited-to-life","status":"publish","type":"page","link":"https:\/\/lainco.com\/en\/lainco-s-a-90-years-commited-to-life\/","title":{"rendered":"LAINCO, S.A.: 90 Years commited to life"},"content":{"rendered":"\n<div class=\"wp-block-group alignfull mb-6\"><div class=\"wp-block-group__inner-container is-layout-constrained wp-block-group-is-layout-constrained\">\n<figure class=\"wp-block-embed is-type-video is-provider-youtube wp-block-embed-youtube wp-embed-aspect-16-9 wp-has-aspect-ratio\"><div class=\"wp-block-embed__wrapper\">\n<iframe loading=\"lazy\" title=\"LAINCO, 90 years committed to life\" width=\"640\" height=\"360\" src=\"https:\/\/www.youtube.com\/embed\/AMDZFssmXgM?feature=oembed\" frameborder=\"0\" allow=\"accelerometer; autoplay; clipboard-write; encrypted-media; gyroscope; picture-in-picture; web-share\" referrerpolicy=\"strict-origin-when-cross-origin\" allowfullscreen><\/iframe>\n<\/div><\/figure>\n<\/div><\/div>\n\n\n\n<div class=\"wp-block-group has-text-color has-link-color wp-elements-00c89b6b7be336b9d9fe757a8e848a25\" style=\"color:#4c4c4c\"><div class=\"wp-block-group__inner-container is-layout-constrained wp-block-group-is-layout-constrained\">\n<div class=\"wp-block-columns is-layout-flex wp-container-core-columns-is-layout-8f761849 wp-block-columns-is-layout-flex\">\n<div class=\"wp-block-column is-vertically-aligned-center is-layout-flow wp-block-column-is-layout-flow\">\n<h1 class=\"wp-block-heading poppins-semibold\" style=\"font-size:45px\">90 years creating  <br>a great story<\/h1>\n<\/div>\n\n\n\n<div class=\"wp-block-column is-vertically-aligned-center is-layout-flow wp-block-column-is-layout-flow\"><div class=\"wp-block-image\">\n<figure class=\"alignright size-full is-resized\"><img loading=\"lazy\" decoding=\"async\" width=\"948\" height=\"284\" src=\"https:\/\/lainco.com\/wp-content\/uploads\/2024\/01\/23141-Logo-90-LAINCO-color-baseline_pages-to-jpg-0001.jpg\" alt=\"\" class=\"wp-image-8844\" style=\"width:450px\" srcset=\"https:\/\/lainco.com\/wp-content\/uploads\/2024\/01\/23141-Logo-90-LAINCO-color-baseline_pages-to-jpg-0001.jpg 948w, https:\/\/lainco.com\/wp-content\/uploads\/2024\/01\/23141-Logo-90-LAINCO-color-baseline_pages-to-jpg-0001-300x90.jpg 300w, https:\/\/lainco.com\/wp-content\/uploads\/2024\/01\/23141-Logo-90-LAINCO-color-baseline_pages-to-jpg-0001-768x230.jpg 768w\" sizes=\"auto, (max-width: 948px) 100vw, 948px\" \/><\/figure>\n<\/div><\/div>\n<\/div>\n<\/div><\/div>\n\n\n\n<div class=\"wp-block-group mb-6 poppins-regular has-text-color has-link-color wp-elements-1597e8acc8eca3d4502eb001d020386d\" style=\"color:#4c4c4c;font-size:18px\"><div class=\"wp-block-group__inner-container is-layout-constrained wp-block-group-is-layout-constrained\">\n<p class=\"wp-block-paragraph\">In the Spanish business world, few stories shine as brightly as that of <strong>LAINCO, S.A.<\/strong> <strong>Ninety years of dedication, enthusiasm, trust and commitment.<\/strong>  Founded by the visionary Dr. Jos\u00e9 Antonio Serrallach and his wife Montserrat Carulla, this company has left an indelible imprint in the fields of  <strong>chemistry<\/strong>the  <strong>pharmaceutical, and agriculture<\/strong>. A great story that began in a modest premises in Barcelona and has become an <strong>international benchmark, a testament to perseverance, innovation and a firm commitment to excellence<\/strong>.<\/p>\n\n\n\n<p class=\"wp-block-paragraph\">Every employee, every customer, every person who has believed in the vision of LAINCO S.A. has contributed to weaving this story of success and improvement. Today, it is embracing new opportunities, looking toward the future, and always grateful for what has been achieved.<\/p>\n<\/div><\/div>\n\n\n\n<div class=\"wp-block-group alignfull\"><div class=\"wp-block-group__inner-container is-layout-constrained wp-block-group-is-layout-constrained\">\n<div class=\"wp-block-columns gap-0 m-0 is-layout-flex wp-container-core-columns-is-layout-8f761849 wp-block-columns-is-layout-flex\">\n<div class=\"wp-block-column is-layout-flow wp-block-column-is-layout-flow\">\n<figure class=\"wp-block-image size-full m-0\"><img loading=\"lazy\" decoding=\"async\" width=\"775\" height=\"616\" src=\"https:\/\/lainco.com\/wp-content\/uploads\/2024\/04\/90-aniversario-01.jpg\" alt=\"\" class=\"wp-image-10846\" srcset=\"https:\/\/lainco.com\/wp-content\/uploads\/2024\/04\/90-aniversario-01.jpg 775w, https:\/\/lainco.com\/wp-content\/uploads\/2024\/04\/90-aniversario-01-300x238.jpg 300w, https:\/\/lainco.com\/wp-content\/uploads\/2024\/04\/90-aniversario-01-768x610.jpg 768w\" sizes=\"auto, (max-width: 775px) 100vw, 775px\" \/><\/figure>\n<\/div>\n\n\n\n<div class=\"wp-block-column is-layout-flow wp-block-column-is-layout-flow\">\n<figure class=\"wp-block-image size-full m-0\"><img loading=\"lazy\" decoding=\"async\" width=\"775\" height=\"616\" src=\"https:\/\/lainco.com\/wp-content\/uploads\/2024\/04\/90-aniversario-02.jpg\" alt=\"\" class=\"wp-image-10848\" style=\"object-fit:cover\" srcset=\"https:\/\/lainco.com\/wp-content\/uploads\/2024\/04\/90-aniversario-02.jpg 775w, https:\/\/lainco.com\/wp-content\/uploads\/2024\/04\/90-aniversario-02-300x238.jpg 300w, https:\/\/lainco.com\/wp-content\/uploads\/2024\/04\/90-aniversario-02-768x610.jpg 768w\" sizes=\"auto, (max-width: 775px) 100vw, 775px\" \/><\/figure>\n<\/div>\n\n\n\n<div class=\"wp-block-column is-layout-flow wp-block-column-is-layout-flow\">\n<figure class=\"wp-block-image size-full m-0\"><img loading=\"lazy\" decoding=\"async\" width=\"775\" height=\"616\" src=\"https:\/\/lainco.com\/wp-content\/uploads\/2024\/04\/90-aniversario-03.jpg\" alt=\"\" class=\"wp-image-10850\" srcset=\"https:\/\/lainco.com\/wp-content\/uploads\/2024\/04\/90-aniversario-03.jpg 775w, https:\/\/lainco.com\/wp-content\/uploads\/2024\/04\/90-aniversario-03-300x238.jpg 300w, https:\/\/lainco.com\/wp-content\/uploads\/2024\/04\/90-aniversario-03-768x610.jpg 768w\" sizes=\"auto, (max-width: 775px) 100vw, 775px\" \/><\/figure>\n<\/div>\n<\/div>\n<\/div><\/div>\n\n\n\n<div class=\"wp-block-group pt-6 pb-6 poppins-regular has-text-color has-link-color wp-elements-4eeb23692873727cdaf64ab4f0cddc0c\" style=\"color:#4c4c4c;font-size:16px\"><div class=\"wp-block-group__inner-container is-layout-constrained wp-block-group-is-layout-constrained\">\n<div class=\"wp-block-columns m-0 is-layout-flex wp-container-core-columns-is-layout-8f761849 wp-block-columns-is-layout-flex\">\n<div class=\"wp-block-column is-layout-flow wp-block-column-is-layout-flow\" style=\"flex-basis:33.33%\">\n<h2 class=\"wp-block-heading poppins-semibold has-text-color has-link-color has-x-large-font-size wp-elements-bb35f7ccc8ae9dbcc6c49053eb02e0b5\" style=\"color:#0c568a\">Barcelona,<br>the inspiring origin<\/h2>\n<\/div>\n\n\n\n<div class=\"wp-block-column is-layout-flow wp-block-column-is-layout-flow\" style=\"flex-basis:66.66%\">\n<p class=\"wp-block-paragraph\">Barcelona, 1934, on Castillejos Street, <strong>Dr. Jos\u00e9 Antonio Serrallach<\/strong>, recently graduated from the University of Frankfurt in chemistry, and after his time at the Massachusetts Institute of Technology (Boston, USA), along with his wife <strong>Montserrat Carulla<\/strong>, built the foundations of what would become LAINCO, S.A.<\/p>\n\n\n\n<p class=\"wp-block-paragraph\"><strong>The vision was clear: to offer quality chemical products<\/strong> to meet the needs of the Spanish market at the time.<\/p>\n\n\n\n<p class=\"wp-block-paragraph\">Based on their studies, patents and work on colloidal emulsions and lichens in the United States, they <strong>launched their first product on the market, EMULIQUEN SIMPLE<\/strong>.<\/p>\n<\/div>\n<\/div>\n<\/div><\/div>\n\n\n\n<div class=\"wp-block-cover alignfull pt-6 pb-6\"><span aria-hidden=\"true\" class=\"wp-block-cover__background has-background-dim-100 has-background-dim\" style=\"background-color:#f2f2f2\"><\/span><div class=\"wp-block-cover__inner-container is-layout-flow wp-block-cover-is-layout-flow\">\n<div class=\"wp-block-group poppins-regular has-text-color has-link-color wp-elements-b47419b7bca273dd71fa41432f8f48f9\" style=\"color:#4c4c4c;font-size:16px\"><div class=\"wp-block-group__inner-container is-layout-constrained wp-block-group-is-layout-constrained\">\n<div class=\"wp-block-columns m-0 is-layout-flex wp-container-core-columns-is-layout-8f761849 wp-block-columns-is-layout-flex\">\n<div class=\"wp-block-column is-layout-flow wp-block-column-is-layout-flow\" style=\"flex-basis:66.66%\">\n<p class=\"wp-block-paragraph\">Throughout its history, LAINCO did not limit itself to simply offering high-quality products; it also sought to <strong>diversify its offerings and expand its reach both nationally and internationally<\/strong>. The company allocated significant resources to research and development, which enabled it to <strong>launch other innovative products<\/strong> that became industry benchmarks. A notable example is <strong>the case of MERCROMINE<\/strong>, a solution that has left an indelible mark on the medical sector and in Spanish households, becoming a trusted benchmark.<\/p>\n\n\n\n<p class=\"wp-block-paragraph\">In 1950, LAINCO took a bold step by opening a division dedicated to <strong>crop protection<\/strong>. This initiative not only expanded its product range, but also positioned the company as a key player in the agricultural industry, demonstrating its <strong>commitment to innovation and diversification<\/strong>.<\/p>\n\n\n\n<p class=\"wp-block-paragraph\">Thanks to strategic agreements with leading companies in the agricultural sector, such as <strong>Rohm &amp; Hass (USA)<\/strong>, LAINCO became a reference in the <strong>fight against pests and diseases<\/strong>, distribuiting products such as DZ-78 or active ingredients such as DINOCAP.<\/p>\n<\/div>\n\n\n\n<div class=\"wp-block-column is-layout-flow wp-block-column-is-layout-flow\" style=\"flex-basis:33.33%\">\n<h2 class=\"wp-block-heading has-text-align-right poppins-semibold has-text-color has-link-color has-x-large-font-size wp-elements-698c9bad16b4d32137509e73ee9e5640\" style=\"color:#0c568a\">Diversify and expand<br> nationally and internationally<\/h2>\n<\/div>\n<\/div>\n<\/div><\/div>\n<\/div><\/div>\n\n\n\n<div class=\"wp-block-group alignfull\"><div class=\"wp-block-group__inner-container is-layout-constrained wp-block-group-is-layout-constrained\">\n<div class=\"wp-block-columns gap-0 m-0 is-layout-flex wp-container-core-columns-is-layout-8f761849 wp-block-columns-is-layout-flex\">\n<div class=\"wp-block-column is-layout-flow wp-block-column-is-layout-flow\">\n<figure class=\"wp-block-image size-full m-0\"><img loading=\"lazy\" decoding=\"async\" width=\"1024\" height=\"542\" src=\"https:\/\/lainco.com\/wp-content\/uploads\/2024\/04\/90-aniversario-04.jpg\" alt=\"\" class=\"wp-image-10855\" srcset=\"https:\/\/lainco.com\/wp-content\/uploads\/2024\/04\/90-aniversario-04.jpg 1024w, https:\/\/lainco.com\/wp-content\/uploads\/2024\/04\/90-aniversario-04-300x159.jpg 300w, https:\/\/lainco.com\/wp-content\/uploads\/2024\/04\/90-aniversario-04-768x407.jpg 768w\" sizes=\"auto, (max-width: 1024px) 100vw, 1024px\" \/><\/figure>\n<\/div>\n\n\n\n<div class=\"wp-block-column is-layout-flow wp-block-column-is-layout-flow\">\n<figure class=\"wp-block-image size-full m-0\"><img loading=\"lazy\" decoding=\"async\" width=\"1024\" height=\"542\" src=\"https:\/\/lainco.com\/wp-content\/uploads\/2024\/04\/90-aniversario-05.jpg\" alt=\"\" class=\"wp-image-10857\" srcset=\"https:\/\/lainco.com\/wp-content\/uploads\/2024\/04\/90-aniversario-05.jpg 1024w, https:\/\/lainco.com\/wp-content\/uploads\/2024\/04\/90-aniversario-05-300x159.jpg 300w, https:\/\/lainco.com\/wp-content\/uploads\/2024\/04\/90-aniversario-05-768x407.jpg 768w\" sizes=\"auto, (max-width: 1024px) 100vw, 1024px\" \/><\/figure>\n<\/div>\n<\/div>\n<\/div><\/div>\n\n\n\n<div class=\"wp-block-cover alignfull pt-6 pb-6\"><span aria-hidden=\"true\" class=\"wp-block-cover__background has-background-dim-100 has-background-dim\" style=\"background-color:#f2f2f2\"><\/span><div class=\"wp-block-cover__inner-container is-layout-flow wp-block-cover-is-layout-flow\">\n<div class=\"wp-block-group poppins-regular has-text-color has-link-color wp-elements-c3181b538c286200d8afd110914c4c61\" style=\"color:#4c4c4c;font-size:16px\"><div class=\"wp-block-group__inner-container is-layout-constrained wp-block-group-is-layout-constrained\">\n<div class=\"wp-block-columns m-0 is-layout-flex wp-container-core-columns-is-layout-8f761849 wp-block-columns-is-layout-flex\">\n<div class=\"wp-block-column is-layout-flow wp-block-column-is-layout-flow\" style=\"flex-basis:33.33%\">\n<h2 class=\"wp-block-heading poppins-semibold has-text-color has-link-color has-x-large-font-size wp-elements-059fd78825a5772aa4824c01a4363752\" style=\"color:#0c568a\">The beginning of a new era<\/h2>\n<\/div>\n\n\n\n<div class=\"wp-block-column is-layout-flow wp-block-column-is-layout-flow\" style=\"flex-basis:66.66%\">\n<p class=\"wp-block-paragraph\">For LAINCO, <strong>1969<\/strong> was a key moment in marking a <strong>new trajectory of growth and expansion<\/strong>. Moving the facilities from Barcelona to <strong>Rub\u00ed not only increased the laboratory&#8217;s manufacturing capacity<\/strong> but also introduced the synthesis process <strong>of new active ingredients such as METAM SODIUM and METAM POTASSIUM<\/strong>two soil disinfectants that are still considered benchmarks in the agricultural production market today<\/p>\n\n\n\n<p class=\"wp-block-paragraph\">Since then, the company has continued to <strong>invest in the modernization and expansion of its facilities<\/strong> in order to remain at the forefront of the industry. This strategy has been essential to adapting to the changing needs of the market and to <strong>continue providing excellent products to its customers<\/strong>.<\/p>\n<\/div>\n<\/div>\n<\/div><\/div>\n<\/div><\/div>\n\n\n\n<div class=\"wp-block-group pt-6 pb-6 poppins-regular has-text-color has-link-color wp-elements-17fbdba53a07dd7ac7285fc6cbffa363\" style=\"color:#4c4c4c;font-size:16px\"><div class=\"wp-block-group__inner-container is-layout-constrained wp-block-group-is-layout-constrained\">\n<div class=\"wp-block-columns m-0 is-layout-flex wp-container-core-columns-is-layout-8f761849 wp-block-columns-is-layout-flex\">\n<div class=\"wp-block-column is-layout-flow wp-block-column-is-layout-flow\" style=\"flex-basis:66.66%\">\n<p class=\"wp-block-paragraph\"><strong>LAINCO celebrates its 90th anniversary today<\/strong> with a past full of achievements, <strong>looking to the future with optimism and determination<\/strong>. With its solid base of experience, <strong>unwavering commitment, excellence and a<\/strong> clear <strong>vision<\/strong> of innovation, the company is poised to remain a leader in the pharmaceutical and agricultural industry for many years to come.<\/p>\n\n\n\n<p class=\"wp-block-paragraph\">As it moves forward, LAINCO continues to uphold <strong>the legacy of its founder, Dr. Jos\u00e9 Antonio Serrallach<\/strong>, and his unwavering belief in the importance of quality, innovation and commitment to the community.<\/p>\n<\/div>\n\n\n\n<div class=\"wp-block-column is-layout-flow wp-block-column-is-layout-flow\" style=\"flex-basis:33.33%\">\n<h2 class=\"wp-block-heading has-text-align-right poppins-semibold has-text-color has-link-color has-x-large-font-size wp-elements-6efc850fa6c2a55773d2afb9685aeaee\" style=\"color:#0c568a\">Challenging tomorrow with optimism and determination<\/h2>\n<\/div>\n<\/div>\n<\/div><\/div>\n","protected":false},"excerpt":{"rendered":"<p>90 years creating a great story In the Spanish business world, few stories shine as brightly as that of LAINCO, S.A. Ninety years of dedication, enthusiasm, trust and commitment. Founded by the visionary Dr. Jos\u00e9 Antonio Serrallach and his wife Montserrat Carulla, this company has left an indelible imprint in the fields of chemistrythe pharmaceutical, and agriculture. A great story that began in a modest premises in Barcelona and has become an international benchmark, a testament to perseverance, innovation and a firm commitment to excellence. Every employee, every customer, every person who has believed in the vision of LAINCO S.A. has [&#8230;]<\/p>\n<p><a class=\"btn btn-outline-secondary btn-sm understrap-read-more-link\" href=\"https:\/\/lainco.com\/en\/lainco-s-a-90-years-commited-to-life\/\">Read More&#8230;<span class=\"screen-reader-text\"> from LAINCO, S.A.: 90 Years commited to life<\/span><\/a><\/p>\n","protected":false},"author":668,"featured_media":0,"parent":0,"menu_order":0,"comment_status":"closed","ping_status":"closed","template":"","meta":{"_acf_changed":false,"_crdt_document":"","footnotes":""},"class_list":["post-10953","page","type-page","status-publish","hentry"],"acf":[],"yoast_head":"<!-- This site is optimized with the Yoast SEO plugin v26.9 - https:\/\/yoast.com\/product\/yoast-seo-wordpress\/ -->\n<title>LAINCO, S.A.: 90 Years commited to life - Lainco<\/title>\n<meta name=\"description\" content=\"Investigaci\u00f3n, desarrollo, fabricaci\u00f3n, envasado y comercializaci\u00f3n de productos fitosanitarios y farmac\u00e9uticos\" \/>\n<meta name=\"robots\" content=\"index, follow, max-snippet:-1, max-image-preview:large, max-video-preview:-1\" \/>\n<link rel=\"canonical\" href=\"https:\/\/lainco.com\/en\/lainco-s-a-90-years-commited-to-life\/\" \/>\n<meta property=\"og:locale\" content=\"en_US\" \/>\n<meta property=\"og:type\" content=\"article\" \/>\n<meta property=\"og:title\" content=\"LAINCO, S.A.: 90 Years commited to life - Lainco\" \/>\n<meta property=\"og:description\" content=\"Investigaci\u00f3n, desarrollo, fabricaci\u00f3n, envasado y comercializaci\u00f3n de productos fitosanitarios y farmac\u00e9uticos\" \/>\n<meta property=\"og:url\" content=\"https:\/\/lainco.com\/en\/lainco-s-a-90-years-commited-to-life\/\" \/>\n<meta property=\"og:site_name\" content=\"Lainco\" \/>\n<meta property=\"article:modified_time\" content=\"2024-04-24T13:37:41+00:00\" \/>\n<meta property=\"og:image\" content=\"https:\/\/lainco.com\/wp-content\/uploads\/2024\/01\/23141-Logo-90-LAINCO-color-baseline_pages-to-jpg-0001.jpg\" \/>\n<meta name=\"twitter:card\" content=\"summary_large_image\" \/>\n<meta name=\"twitter:label1\" content=\"Est. reading time\" \/>\n\t<meta name=\"twitter:data1\" content=\"4 minutes\" \/>\n<script type=\"application\/ld+json\" class=\"yoast-schema-graph\">{\"@context\":\"https:\/\/schema.org\",\"@graph\":[{\"@type\":\"WebPage\",\"@id\":\"https:\/\/lainco.com\/en\/lainco-s-a-90-years-commited-to-life\/\",\"url\":\"https:\/\/lainco.com\/en\/lainco-s-a-90-years-commited-to-life\/\",\"name\":\"LAINCO, S.A.: 90 Years commited to life - Lainco\",\"isPartOf\":{\"@id\":\"https:\/\/lainco.com\/en\/#website\"},\"primaryImageOfPage\":{\"@id\":\"https:\/\/lainco.com\/en\/lainco-s-a-90-years-commited-to-life\/#primaryimage\"},\"image\":{\"@id\":\"https:\/\/lainco.com\/en\/lainco-s-a-90-years-commited-to-life\/#primaryimage\"},\"thumbnailUrl\":\"https:\/\/lainco.com\/wp-content\/uploads\/2024\/01\/23141-Logo-90-LAINCO-color-baseline_pages-to-jpg-0001.jpg\",\"datePublished\":\"2024-04-23T12:59:28+00:00\",\"dateModified\":\"2024-04-24T13:37:41+00:00\",\"description\":\"Investigaci\u00f3n, desarrollo, fabricaci\u00f3n, envasado y comercializaci\u00f3n de productos fitosanitarios y farmac\u00e9uticos\",\"breadcrumb\":{\"@id\":\"https:\/\/lainco.com\/en\/lainco-s-a-90-years-commited-to-life\/#breadcrumb\"},\"inLanguage\":\"en-US\",\"potentialAction\":[{\"@type\":\"ReadAction\",\"target\":[\"https:\/\/lainco.com\/en\/lainco-s-a-90-years-commited-to-life\/\"]}]},{\"@type\":\"ImageObject\",\"inLanguage\":\"en-US\",\"@id\":\"https:\/\/lainco.com\/en\/lainco-s-a-90-years-commited-to-life\/#primaryimage\",\"url\":\"https:\/\/lainco.com\/wp-content\/uploads\/2024\/01\/23141-Logo-90-LAINCO-color-baseline_pages-to-jpg-0001.jpg\",\"contentUrl\":\"https:\/\/lainco.com\/wp-content\/uploads\/2024\/01\/23141-Logo-90-LAINCO-color-baseline_pages-to-jpg-0001.jpg\"},{\"@type\":\"BreadcrumbList\",\"@id\":\"https:\/\/lainco.com\/en\/lainco-s-a-90-years-commited-to-life\/#breadcrumb\",\"itemListElement\":[{\"@type\":\"ListItem\",\"position\":1,\"name\":\"Home\",\"item\":\"https:\/\/lainco.com\/en\/\"},{\"@type\":\"ListItem\",\"position\":2,\"name\":\"LAINCO, S.A.: 90 Years commited to life\"}]},{\"@type\":\"WebSite\",\"@id\":\"https:\/\/lainco.com\/en\/#website\",\"url\":\"https:\/\/lainco.com\/en\/\",\"name\":\"Lainco\",\"description\":\"Investigaci\u00f3n, desarrollo, fabricaci\u00f3n, envasado y comercializaci\u00f3n de productos fitosanitarios y farmac\u00e9uticos\",\"publisher\":{\"@id\":\"https:\/\/lainco.com\/en\/#organization\"},\"potentialAction\":[{\"@type\":\"SearchAction\",\"target\":{\"@type\":\"EntryPoint\",\"urlTemplate\":\"https:\/\/lainco.com\/en\/?s={search_term_string}\"},\"query-input\":{\"@type\":\"PropertyValueSpecification\",\"valueRequired\":true,\"valueName\":\"search_term_string\"}}],\"inLanguage\":\"en-US\"},{\"@type\":\"Organization\",\"@id\":\"https:\/\/lainco.com\/en\/#organization\",\"name\":\"Lainco\",\"alternateName\":\"Protecting Life since 1934\",\"url\":\"https:\/\/lainco.com\/en\/\",\"logo\":{\"@type\":\"ImageObject\",\"inLanguage\":\"en-US\",\"@id\":\"https:\/\/lainco.com\/en\/#\/schema\/logo\/image\/\",\"url\":\"https:\/\/lainco.com\/wp-content\/uploads\/2024\/01\/23141-Logo-90-LAINCO-color-baseline_pages-to-jpg-0001-1.jpg\",\"contentUrl\":\"https:\/\/lainco.com\/wp-content\/uploads\/2024\/01\/23141-Logo-90-LAINCO-color-baseline_pages-to-jpg-0001-1.jpg\",\"width\":300,\"height\":90,\"caption\":\"Lainco\"},\"image\":{\"@id\":\"https:\/\/lainco.com\/en\/#\/schema\/logo\/image\/\"}}]}<\/script>\n<!-- \/ Yoast SEO plugin. -->","yoast_head_json":{"title":"LAINCO, S.A.: 90 Years commited to life - Lainco","description":"Investigaci\u00f3n, desarrollo, fabricaci\u00f3n, envasado y comercializaci\u00f3n de productos fitosanitarios y farmac\u00e9uticos","robots":{"index":"index","follow":"follow","max-snippet":"max-snippet:-1","max-image-preview":"max-image-preview:large","max-video-preview":"max-video-preview:-1"},"canonical":"https:\/\/lainco.com\/en\/lainco-s-a-90-years-commited-to-life\/","og_locale":"en_US","og_type":"article","og_title":"LAINCO, S.A.: 90 Years commited to life - Lainco","og_description":"Investigaci\u00f3n, desarrollo, fabricaci\u00f3n, envasado y comercializaci\u00f3n de productos fitosanitarios y farmac\u00e9uticos","og_url":"https:\/\/lainco.com\/en\/lainco-s-a-90-years-commited-to-life\/","og_site_name":"Lainco","article_modified_time":"2024-04-24T13:37:41+00:00","og_image":[{"url":"https:\/\/lainco.com\/wp-content\/uploads\/2024\/01\/23141-Logo-90-LAINCO-color-baseline_pages-to-jpg-0001.jpg","type":"","width":"","height":""}],"twitter_card":"summary_large_image","twitter_misc":{"Est. reading time":"4 minutes"},"schema":{"@context":"https:\/\/schema.org","@graph":[{"@type":"WebPage","@id":"https:\/\/lainco.com\/en\/lainco-s-a-90-years-commited-to-life\/","url":"https:\/\/lainco.com\/en\/lainco-s-a-90-years-commited-to-life\/","name":"LAINCO, S.A.: 90 Years commited to life - Lainco","isPartOf":{"@id":"https:\/\/lainco.com\/en\/#website"},"primaryImageOfPage":{"@id":"https:\/\/lainco.com\/en\/lainco-s-a-90-years-commited-to-life\/#primaryimage"},"image":{"@id":"https:\/\/lainco.com\/en\/lainco-s-a-90-years-commited-to-life\/#primaryimage"},"thumbnailUrl":"https:\/\/lainco.com\/wp-content\/uploads\/2024\/01\/23141-Logo-90-LAINCO-color-baseline_pages-to-jpg-0001.jpg","datePublished":"2024-04-23T12:59:28+00:00","dateModified":"2024-04-24T13:37:41+00:00","description":"Investigaci\u00f3n, desarrollo, fabricaci\u00f3n, envasado y comercializaci\u00f3n de productos fitosanitarios y farmac\u00e9uticos","breadcrumb":{"@id":"https:\/\/lainco.com\/en\/lainco-s-a-90-years-commited-to-life\/#breadcrumb"},"inLanguage":"en-US","potentialAction":[{"@type":"ReadAction","target":["https:\/\/lainco.com\/en\/lainco-s-a-90-years-commited-to-life\/"]}]},{"@type":"ImageObject","inLanguage":"en-US","@id":"https:\/\/lainco.com\/en\/lainco-s-a-90-years-commited-to-life\/#primaryimage","url":"https:\/\/lainco.com\/wp-content\/uploads\/2024\/01\/23141-Logo-90-LAINCO-color-baseline_pages-to-jpg-0001.jpg","contentUrl":"https:\/\/lainco.com\/wp-content\/uploads\/2024\/01\/23141-Logo-90-LAINCO-color-baseline_pages-to-jpg-0001.jpg"},{"@type":"BreadcrumbList","@id":"https:\/\/lainco.com\/en\/lainco-s-a-90-years-commited-to-life\/#breadcrumb","itemListElement":[{"@type":"ListItem","position":1,"name":"Home","item":"https:\/\/lainco.com\/en\/"},{"@type":"ListItem","position":2,"name":"LAINCO, S.A.: 90 Years commited to life"}]},{"@type":"WebSite","@id":"https:\/\/lainco.com\/en\/#website","url":"https:\/\/lainco.com\/en\/","name":"Lainco","description":"Investigaci\u00f3n, desarrollo, fabricaci\u00f3n, envasado y comercializaci\u00f3n de productos fitosanitarios y farmac\u00e9uticos","publisher":{"@id":"https:\/\/lainco.com\/en\/#organization"},"potentialAction":[{"@type":"SearchAction","target":{"@type":"EntryPoint","urlTemplate":"https:\/\/lainco.com\/en\/?s={search_term_string}"},"query-input":{"@type":"PropertyValueSpecification","valueRequired":true,"valueName":"search_term_string"}}],"inLanguage":"en-US"},{"@type":"Organization","@id":"https:\/\/lainco.com\/en\/#organization","name":"Lainco","alternateName":"Protecting Life since 1934","url":"https:\/\/lainco.com\/en\/","logo":{"@type":"ImageObject","inLanguage":"en-US","@id":"https:\/\/lainco.com\/en\/#\/schema\/logo\/image\/","url":"https:\/\/lainco.com\/wp-content\/uploads\/2024\/01\/23141-Logo-90-LAINCO-color-baseline_pages-to-jpg-0001-1.jpg","contentUrl":"https:\/\/lainco.com\/wp-content\/uploads\/2024\/01\/23141-Logo-90-LAINCO-color-baseline_pages-to-jpg-0001-1.jpg","width":300,"height":90,"caption":"Lainco"},"image":{"@id":"https:\/\/lainco.com\/en\/#\/schema\/logo\/image\/"}}]}},"_links":{"self":[{"href":"https:\/\/lainco.com\/en\/wp-json\/wp\/v2\/pages\/10953","targetHints":{"allow":["GET"]}}],"collection":[{"href":"https:\/\/lainco.com\/en\/wp-json\/wp\/v2\/pages"}],"about":[{"href":"https:\/\/lainco.com\/en\/wp-json\/wp\/v2\/types\/page"}],"author":[{"embeddable":true,"href":"https:\/\/lainco.com\/en\/wp-json\/wp\/v2\/users\/668"}],"replies":[{"embeddable":true,"href":"https:\/\/lainco.com\/en\/wp-json\/wp\/v2\/comments?post=10953"}],"version-history":[{"count":4,"href":"https:\/\/lainco.com\/en\/wp-json\/wp\/v2\/pages\/10953\/revisions"}],"predecessor-version":[{"id":10957,"href":"https:\/\/lainco.com\/en\/wp-json\/wp\/v2\/pages\/10953\/revisions\/10957"}],"wp:attachment":[{"href":"https:\/\/lainco.com\/en\/wp-json\/wp\/v2\/media?parent=10953"}],"curies":[{"name":"wp","href":"https:\/\/api.w.org\/{rel}","templated":true}]}}